{"id":3682,"date":"2018-06-11T11:14:07","date_gmt":"2018-06-11T09:14:07","guid":{"rendered":"https:\/\/pevnw.com\/cms\/?page_id=3682"},"modified":"2026-04-27T07:26:19","modified_gmt":"2026-04-27T05:26:19","slug":"positionen","status":"publish","type":"page","link":"https:\/\/pevnw.com\/cms\/positionen\/","title":{"rendered":"Positionen"},"content":{"rendered":"<div id='full_slider_1'  class='avia-fullwidth-slider main_color avia-shadow   avia-builder-el-0  el_before_av_layout_row  avia-builder-el-first   container_wrap sidebar_right'  ><div  class='avia-slideshow av-q59bo2-18b5e396276c7edec18575c60252c6c7 avia-slideshow-no scaling av_slideshow_full avia-slide-slider av-slideshow-ui av-control-default av-slideshow-autoplay av-loop-endless av-loop-manual-endless av-default-height-applied   avia-slideshow-1' data-slideshow-options=\"{&quot;animation&quot;:&quot;slide&quot;,&quot;autoplay&quot;:true,&quot;loop_autoplay&quot;:&quot;endless&quot;,&quot;interval&quot;:5,&quot;loop_manual&quot;:&quot;manual-endless&quot;,&quot;autoplay_stopper&quot;:false,&quot;noNavigation&quot;:false,&quot;bg_slider&quot;:false,&quot;keep_padding&quot;:false,&quot;hoverpause&quot;:false,&quot;show_slide_delay&quot;:0}\"  itemprop=\"image\" itemscope=\"itemscope\" itemtype=\"https:\/\/schema.org\/ImageObject\" ><ul class='avia-slideshow-inner ' style='padding-bottom: 27.9396984925%;'><li  class='avia-slideshow-slide av-q59bo2-18b5e396276c7edec18575c60252c6c7__0  av-single-slide slide-1 slide-odd'><div data-rel='slideshow-1' class='avia-slide-wrap '   ><div class='av-slideshow-caption av-q59bo2-18b5e396276c7edec18575c60252c6c7__0 caption_fullwidth caption_bottom caption_bottom_framed caption_framed'><div class=\"container caption_container\"><div class=\"slideshow_caption\"><div class=\"slideshow_inner_caption\"><div class=\"slideshow_align_caption\"><h2 class='avia-caption-title '  itemprop=\"name\" >Positionen des PEV<\/h2><\/div><\/div><\/div><\/div><\/div><img decoding=\"async\" class=\"wp-image-34 avia-img-lazy-loading-not-34\"  src=\"https:\/\/pevnw.com\/cms\/wp-content\/uploads\/2017\/05\/PEV_2016_Header_01_Wiese_6426.png\" width=\"995\" height=\"278\" title='PEV_2016_Header_01_Wiese_6426' alt=''  itemprop=\"thumbnailUrl\" srcset=\"https:\/\/pevnw.com\/cms\/wp-content\/uploads\/2017\/05\/PEV_2016_Header_01_Wiese_6426.png 995w, https:\/\/pevnw.com\/cms\/wp-content\/uploads\/2017\/05\/PEV_2016_Header_01_Wiese_6426-300x84.png 300w, https:\/\/pevnw.com\/cms\/wp-content\/uploads\/2017\/05\/PEV_2016_Header_01_Wiese_6426-768x215.png 768w, https:\/\/pevnw.com\/cms\/wp-content\/uploads\/2017\/05\/PEV_2016_Header_01_Wiese_6426-705x197.png 705w, https:\/\/pevnw.com\/cms\/wp-content\/uploads\/2017\/05\/PEV_2016_Header_01_Wiese_6426-450x126.png 450w\" sizes=\"(max-width: 995px) 100vw, 995px\" \/><\/div><\/li><\/ul><\/div><\/div>\n<div id='av-layout-grid-1'  class='av-layout-grid-container av-n0igua-3af6344a4f70b37d724053dd13e07295 entry-content-wrapper main_color av-fixed-cells  avia-builder-el-1  el_after_av_slideshow_full  el_before_av_one_full  grid-row-not-first  container_wrap sidebar_right'  >\n\n<style type=\"text\/css\" data-created_by=\"avia_inline_auto\" id=\"style-css-av-k33ggy-9610f223e268663bf6f0c9ec2e18491f\">\n.flex_cell.av-k33ggy-9610f223e268663bf6f0c9ec2e18491f{\nvertical-align:top;\nheight:2px;\nmin-height:2px;\nbackground-color:#eb600a;\n}\n.responsive #top #wrap_all .flex_cell.av-k33ggy-9610f223e268663bf6f0c9ec2e18491f{\npadding:5px 0px 0px 0px !important;\n}\n<\/style>\n<div class='flex_cell av-k33ggy-9610f223e268663bf6f0c9ec2e18491f av-gridrow-cell av_one_fourth no_margin av-hide-on-mobile  avia-builder-el-2  el_before_av_cell_one_fourth  avia-builder-el-first ' ><div class='flex_cell_inner'>\n<style type=\"text\/css\" data-created_by=\"avia_inline_auto\" id=\"style-css-av-is87qa-5742169068f07f39a85f8d457a741be1\">\n#top .av_textblock_section.av-is87qa-5742169068f07f39a85f8d457a741be1 .avia_textblock{\nfont-size:15px;\ncolor:#ffffff;\n}\n<\/style>\n<section  class='av_textblock_section av-is87qa-5742169068f07f39a85f8d457a741be1'  itemscope=\"itemscope\" itemtype=\"https:\/\/schema.org\/CreativeWork\" ><div class='avia_textblock av_inherit_color'  itemprop=\"text\" ><p style=\"text-align: right;\">Bildungsangebote f\u00fcr Familien<\/p>\n<\/div><\/section>\n<\/div><\/div>\n<style type=\"text\/css\" data-created_by=\"avia_inline_auto\" id=\"style-css-av-h6pb9e-4349678f65aacc68f3199c6769932261\">\n.flex_cell.av-h6pb9e-4349678f65aacc68f3199c6769932261{\nvertical-align:top;\nheight:2px;\nmin-height:2px;\nbackground-color:#eb600a;\n}\n.responsive #top #wrap_all .flex_cell.av-h6pb9e-4349678f65aacc68f3199c6769932261{\npadding:0 0px 0px 0px !important;\n}\n<\/style>\n<div class='flex_cell av-h6pb9e-4349678f65aacc68f3199c6769932261 av-gridrow-cell av_one_fourth no_margin  avia-builder-el-4  el_after_av_cell_one_fourth  el_before_av_cell_one_fourth ' ><div class='flex_cell_inner'><\/div><\/div>\n<style type=\"text\/css\" data-created_by=\"avia_inline_auto\" id=\"style-css-av-f6q082-640cb64e0857851b63e90a5f5ca75eaf\">\n.flex_cell.av-f6q082-640cb64e0857851b63e90a5f5ca75eaf{\nvertical-align:top;\nheight:2px;\nmin-height:2px;\nbackground-color:#eb600a;\n}\n.responsive #top #wrap_all .flex_cell.av-f6q082-640cb64e0857851b63e90a5f5ca75eaf{\npadding:0px 0px 0px 0px !important;\n}\n<\/style>\n<div class='flex_cell av-f6q082-640cb64e0857851b63e90a5f5ca75eaf av-gridrow-cell av_one_fourth no_margin av-hide-on-mobile  avia-builder-el-5  el_after_av_cell_one_fourth  el_before_av_cell_one_fourth  av-zero-padding' ><div class='flex_cell_inner'>\n<style type=\"text\/css\" data-created_by=\"avia_inline_auto\" id=\"style-css-av-dgya7m-dee6eb035802a250a275d946ac50f83c\">\n#top .av_textblock_section.av-dgya7m-dee6eb035802a250a275d946ac50f83c .avia_textblock{\nfont-size:15px;\ncolor:#ffffff;\n}\n<\/style>\n<section  class='av_textblock_section av-dgya7m-dee6eb035802a250a275d946ac50f83c'  itemscope=\"itemscope\" itemtype=\"https:\/\/schema.org\/CreativeWork\" ><div class='avia_textblock av_inherit_color'  itemprop=\"text\" ><p style=\"text-align: right;\">Telefon: 02323 &#8211; 49317 60<\/p>\n<\/div><\/section>\n<\/div><\/div>\n<style type=\"text\/css\" data-created_by=\"avia_inline_auto\" id=\"style-css-av-ca8fk2-47526bd4e6e0c2d3e6ade470990e9c10\">\n.flex_cell.av-ca8fk2-47526bd4e6e0c2d3e6ade470990e9c10{\nvertical-align:top;\nheight:2px;\nmin-height:2px;\nbackground-color:#eb600a;\n}\n.responsive #top #wrap_all .flex_cell.av-ca8fk2-47526bd4e6e0c2d3e6ade470990e9c10{\npadding:0px 0px 0px 0px !important;\n}\n<\/style>\n<div class='flex_cell av-ca8fk2-47526bd4e6e0c2d3e6ade470990e9c10 av-gridrow-cell av_one_fourth no_margin av-hide-on-mobile  avia-builder-el-7  el_after_av_cell_one_fourth  avia-builder-el-last  av-zero-padding' ><div class='flex_cell_inner'>\n<style type=\"text\/css\" data-created_by=\"avia_inline_auto\" id=\"style-css-av-aoe64y-dd658ad4397b5713846a4742d6a1db88\">\n#top .av_textblock_section.av-aoe64y-dd658ad4397b5713846a4742d6a1db88 .avia_textblock{\nfont-size:15px;\ncolor:#ffffff;\n}\n<\/style>\n<section  class='av_textblock_section av-aoe64y-dd658ad4397b5713846a4742d6a1db88'  itemscope=\"itemscope\" itemtype=\"https:\/\/schema.org\/CreativeWork\" ><div class='avia_textblock av_inherit_color'  itemprop=\"text\" ><p style=\"text-align: center;\">Mail: info@pevnrw.de<\/p>\n<\/div><\/section>\n<\/div><\/div>\n<\/div><div id='after_grid_row_1'  class='main_color av_default_container_wrap container_wrap sidebar_right'  ><div class='container av-section-cont-open' ><div class='template-page content  av-content-small alpha units'><div class='post-entry post-entry-type-page post-entry-3682'><div class='entry-content-wrapper clearfix'>\n\n<style type=\"text\/css\" data-created_by=\"avia_inline_auto\" id=\"style-css-av-xmn36-be8c4d4f2e656aae6d7ad044cde8d52b\">\n.flex_column.av-xmn36-be8c4d4f2e656aae6d7ad044cde8d52b{\n-webkit-border-radius:0px 0px 0px 0px;\n-moz-border-radius:0px 0px 0px 0px;\nborder-radius:0px 0px 0px 0px;\npadding:0px 0px 0px 0px;\n}\n<\/style>\n<div class='flex_column av-xmn36-be8c4d4f2e656aae6d7ad044cde8d52b av_one_full  avia-builder-el-9  el_after_av_layout_row  el_before_av_layout_row  avia-builder-el-no-sibling  first flex_column_div av-zero-column-padding '     ><section  class='av_textblock_section av-7kxe9e-0b974c7da41a5e37b1bdbfe909c7f464'  itemscope=\"itemscope\" itemtype=\"https:\/\/schema.org\/CreativeWork\" ><div class='avia_textblock'  itemprop=\"text\" ><h3><strong>Verbandseigene Positionen und Pressemitteilungen<\/strong><\/h3>\n<p>Der Landesvorstand des PEV positioniert sich zu folgenden gesellschaftlichen Themen:<\/p>\n<ul>\n<li><a href=\"https:\/\/pevnw.com\/cms\/wp-content\/uploads\/PEV-NRW_Positionspapier_KiBiz_260330.pdf\" target=\"_blank\" rel=\"noopener\">PEV-Positionierung<\/a> zur <strong>Novellierung KiBiz NRW (2026)<\/strong><\/li>\n<li><a href=\"https:\/\/pevnw.com\/cms\/wp-content\/uploads\/PEV-NRW_Stellungnahme_Aend-AO-GS_260427.pdf\" target=\"_blank\" rel=\"noopener\">PEV-Positionierung<\/a> zur <strong>Einf\u00fchrung von ABC-Klassen in NRW (2026)<\/strong><\/li>\n<li><a href=\"https:\/\/pevnw.com\/cms\/wp-content\/uploads\/KAmo_PM_Nachruf_250107_SJD-PEV-AF-FBF.pdf\" target=\"_blank\" rel=\"noopener\">Pressemitteilung<\/a> <strong>&#8220;Wir trauern um Klaus Amoneit \u2013 ein Nachruf&#8221;<\/strong><\/li>\n<li><a href=\"https:\/\/pevnw.com\/cms\/wp-content\/uploads\/PEV_Krise-braucht-Bildung_221031.pdf\" target=\"_blank\" rel=\"noopener\">PEV-Positionspapier<\/a> <strong>&#8220;Krise braucht Bildung&#8221;<\/strong><\/li>\n<li><a href=\"https:\/\/pevnw.com\/cms\/wp-content\/uploads\/PEV-zu-Ganztag-171211.pdf\" target=\"_blank\" rel=\"noopener noreferrer\">PEV-Eckpunkte<\/a> f\u00fcr ein <strong>NRW-OGS-Gesetz<\/strong><\/li>\n<li><a href=\"https:\/\/pevnw.com\/cms\/wp-content\/uploads\/PEV-Forderungen_WB-FB_2019.pdf\" target=\"_blank\" rel=\"noopener noreferrer\">PEV-Eckpunkte<\/a> zur <strong>Weiterbildungs- und Familienbildungspolitik in NRW<\/strong><\/li>\n<\/ul>\n<h3><strong>Positionspapiere &amp; Stellungnahmen von Arbeitskreisen und Foren unter Mitwirkung des PEV<\/strong><\/h3>\n<p>Das <strong>Zukunftsforum Familie e.V. (ZFF)<\/strong> setzt sich als familienpolitischer Fachverband seit 2002 f\u00fcr eine Politik ein, die die Vielfalt der Lebensformen von Familien sch\u00fctzt, f\u00f6rdert und als Chance begreift. Als Gr\u00fcndungsmitglied des ZFF beteiligt sich der PEV durch Pressemitteilungen und Stellungnahmen des Forums an verschiedenen familien- und bildungspolitischen Debatten. Interessierte k\u00f6nnen sich besonders \u00fcber den <a href=\"https:\/\/www.zukunftsforum-familie.de\/infocenter\/zff-info\/\" target=\"_blank\" rel=\"noopener noreferrer\">Infodienst des Forums (ZFF-info)<\/a> umfassend informieren.<\/p>\n<ul>\n<li><a href=\"https:\/\/pevnw.com\/cms\/wp-content\/uploads\/ZFF-Wahlforderungen_BT-Wahl-2025.pdf\" target=\"_blank\" rel=\"noopener\">Forderungen<\/a> zur Bundestagswahl 2025 (Dezember 2024)<\/li>\n<li><a href=\"https:\/\/www.zukunftsforum-familie.de\/wp-content\/uploads\/Pressemappe-Bundeskitaqualitaetsgesetz-25.10.2021.pdf\" target=\"_blank\" rel=\"noopener\">Pressemitteilung<\/a> &#8220;<span id=\"page7R_mcid1\" class=\"markedContent\"><span dir=\"ltr\" role=\"presentation\">F<\/span><span dir=\"ltr\" role=\"presentation\">\u00fcr ein Bundesqualit\u00e4tsgesetz f\u00fcr Kindertageseinrichtungen<\/span><span dir=\"ltr\" role=\"presentation\">!\u201c (Oktober 2021)<\/span><\/span><\/li>\n<li><a href=\"https:\/\/pevnw.com\/cms\/wp-content\/uploads\/Staerkung_der_Familienbildung_jetzt_offener_Brief_23_Organisationen_08.02.2021.pdf\" target=\"_blank\" rel=\"noopener\">Offener Brief<\/a> &#8220;Familienbildung jetzt&#8221; zur Reform des SGB VIII von ZFF und 23 mitzeichnenden Organisationen (Februar 2021)<\/li>\n<\/ul>\n<p>Als Mitglied der <strong>Landesarbeitsgemeinschaft Familie in NRW (LAG-F)<\/strong> setzt sich der PEV als Interessenvertreter*in von Eltern im Schulterschluss mit anderen Verb\u00e4nden der Familien(selbst)hilfe f\u00fcr eine Verbesserung der familienpolitischen Rahmenbedingungen in Nordrhein-Westfalen ein.<\/p>\n<ul>\n<li><a href=\"https:\/\/pevnw.com\/cms\/wp-content\/uploads\/241108_Stellungnahme-Familienfoerderungen-2025_LAG-F-NRW.pdf\" target=\"_blank\" rel=\"noopener\">Stellungnahme<\/a> &#8220;Sparen auf Kosten unserer Kinder und ihrer Zukunft&#8221; zum Haushaltsgesetz NRW 2025 (November 2024)<\/li>\n<li><a href=\"https:\/\/pevnw.com\/cms\/wp-content\/uploads\/241014_Offener-Brief-Kita_LAGFFrauenRatLEB.pdf\" target=\"_blank\" rel=\"noopener\">Offener Brief<\/a> &#8220;Vereinbarkeit von Familie und Beruf erm\u00f6glichen!&#8221; (Oktober 2024)<\/li>\n<li><a href=\"https:\/\/pevnw.com\/cms\/wp-content\/uploads\/LAG-F_NRW_Positionspapier_Kita-Krise_0923.pdf\" target=\"_blank\" rel=\"noopener\">Positionspapier<\/a> zur &#8220;Kita-Krise NRW&#8221; (September 2023)<\/li>\n<li><a href=\"https:\/\/pevnw.com\/cms\/wp-content\/uploads\/Stellungnahme-der-LAG-Familie-NRW-zum-Zukunftsvertrag.pdf\" target=\"_blank\" rel=\"noopener\">Stellungnahme<\/a> zu familienrelevanten Themenbereichen des Zukunftsvertrages der Landesregierung NRW (September 2022)<\/li>\n<\/ul>\n<p>Als korporatives Mitglied des <em>AWO Bezirksverbandes Westliches Westfalen e.V.<\/em> engagiert sich der PEV aktiv in <span style=\"font-size: 16px;\">der <strong>Landesarbeitsgemeinschaft der Familien- und Weiterbildung der AWO in NRW<\/strong><\/span> (als Teil der <strong>LAG Freie Wohlfahrtspflege NRW<\/strong>) f\u00fcr eine Verbesserung der weiterbildungs- und v.a. familienbildungspolitischen Rahmenbedingungen.<\/p>\n<ul>\n<li><a href=\"https:\/\/pevnw.com\/cms\/wp-content\/uploads\/neu_Kuerzungen_pk_DIN_A6_quer.pdf\" target=\"_blank\" rel=\"noopener\">Protestaktion<\/a> &#8220;Wir sagen NEIN zu K\u00fcrzungen f\u00fcr Familien&#8221; der Landesarbeitsgemeinschaften der Familienbildung in NRW (November 2024)<\/li>\n<li><a href=\"https:\/\/pevnw.com\/cms\/wp-content\/uploads\/2024-10-09_StN-LAG-FW-NRW_Anhoerung-WissA_WBK_final.pdf\" target=\"_blank\" rel=\"noopener\">Stellungnahme<\/a> &#8220;Vielfalt in der Kompetenzvermittlung f\u00fcr eine demokratische Gesellschaft st\u00e4rken&#8221; der LAG Freie Wohlfahrtspflege NRW (Oktober 2024)<\/li>\n<li><a href=\"https:\/\/pevnw.com\/cms\/wp-content\/uploads\/LAG-FW-Auswirkungen-Haushalt-2025_final.pdf\" target=\"_blank\" rel=\"noopener\">Reader<\/a> &#8220;Auswirkungen der Haushaltsplanung 2025&#8221; der Freien Wohlfahrtspflege NRW (September 2024)<\/li>\n<li><a href=\"https:\/\/pevnw.com\/cms\/wp-content\/uploads\/20231002-Stellungnahme-des-Gespraechskreises-zur-Anhoerung-Fachraeftegewinnung.pdf\" target=\"_blank\" rel=\"noopener\">Stellungnahme<\/a> zum &#8220;Fachkr\u00e4ftemangel in der nordrhein-westf\u00e4lischen Weiterbildung&#8221; des Gespr\u00e4chskreises f\u00fcr Landesorganisationen der Weiterbildung (Oktober 2023)<\/li>\n<li><a href=\"https:\/\/pevnw.com\/cms\/wp-content\/uploads\/Innovationsprojekte_FB_JALTA_0323_Flyer.pdf\" target=\"_blank\" rel=\"noopener\">Zusammenfassung<\/a> der Arbeitsweise der Familienbildung in NRW &#8220;So arbeiten wir. Das k\u00f6nnen wir. Daf\u00fcr stehen wir.&#8221; (M\u00e4rz 2023)<\/li>\n<li><a href=\"https:\/\/pevnw.com\/cms\/wp-content\/uploads\/2017\/09\/Broschure_Familienbildung_NRW.pdf\" target=\"_blank\" rel=\"noopener noreferrer\">Bestandsaufnahme<\/a> der nordrhein-westf\u00e4lischen Landesarbeitsgemeinschaften f\u00fcr Familienbildung (Mai 2015)<\/li>\n<\/ul>\n<p>Zur Verbesserung der Bildung und F\u00f6rderung von Kindern (in NRW) schlie\u00dft sich der PEV unterschiedlichen <strong>B\u00fcndnissen oder Foren<\/strong> an und erarbeitet mit diesen Stellungnahmen und Forderungen:<\/p>\n<ul>\n<li><a href=\"https:\/\/pevnw.com\/cms\/wp-content\/uploads\/Offener-Brief-Bildungswende-Jetzt-zu-den-Koalitionsgespraechen-2025.pdf\" target=\"_blank\" rel=\"noopener\">Offener Brief<\/a> &#8220;Bildung als Priorit\u00e4t&#8221; des B\u00fcndnis &#8220;BILDUNGSWENDE jetzt!&#8221; (M\u00e4rz 2025)<\/li>\n<li><a href=\"https:\/\/pevnw.com\/cms\/wp-content\/uploads\/2024-12-13_Appell-an-die-Stadt.pdf\" target=\"_blank\" rel=\"noopener\">Appell<\/a> der AG-\u00a778-Familienbildung K\u00f6ln zum Haushaltsentwurf 2025\/26 der Stadt K\u00f6ln (Dezember 2024)<\/li>\n<li><a href=\"https:\/\/pevnw.com\/cms\/wp-content\/uploads\/AK-Familienbildung-Bochum_Stellungnahme-Haushalt-NRW_241023.pdf\" target=\"_blank\" rel=\"noopener\">Offener Brief<\/a> des Arbeitskreises Familienbildung Bochum zum Haushaltsentwurf 2025 der Landesregierung NRW (Oktober 2024)<\/li>\n<li><a href=\"https:\/\/www.bevki.de\/wp-content\/uploads\/2023\/11\/20231115_Forderungspapier_QUEG.pdf\" target=\"_blank\" rel=\"noopener\">Forderungspapier<\/a> zum &#8220;Kita-Qualit\u00e4tsentwicklungsgesetz der Bundesregierung&#8221; (November 2023)<\/li>\n<li><a href=\"https:\/\/pevnw.com\/cms\/wp-content\/uploads\/Appell_Bildungswende-jetzt_230601.pdf\" target=\"_blank\" rel=\"noopener\">Appell<\/a> &#8220;Bildungswende jetzt!&#8221; des B\u00fcndnis &#8220;BILDUNGSWENDE jetzt!&#8221; (Juni 2023)<\/li>\n<\/ul>\n<h3><strong>Hinweise auf fachliche Informationen und familienp\u00e4dagogische Diskussionen<\/strong><\/h3>\n<p>Zur Ver\u00f6ffentlichung <a href=\"https:\/\/www.beltz.de\/fileadmin\/beltz\/leseproben\/978-3-7799-6378-3.pdf\" target=\"_blank\" rel=\"noopener\">&#8220;<span id=\"page300R_mcid0\" class=\"markedContent\"><span dir=\"ltr\" role=\"presentation\">Familienbildung<\/span><\/span><span id=\"page300R_mcid1\" class=\"markedContent\"> <span dir=\"ltr\" role=\"presentation\">\u2013<\/span><\/span><span id=\"page300R_mcid2\" class=\"markedContent\"><\/span><span id=\"page300R_mcid3\" class=\"markedContent\"> <span dir=\"ltr\" role=\"presentation\">Praxisbezogene, empirische und theoretische Perspektiven&#8221; <\/span><\/span><\/a><span id=\"page300R_mcid5\" class=\"markedContent\">(<span id=\"page300R_mcid0\" class=\"markedContent\"><span dir=\"ltr\" role=\"presentation\">M\u00fcller-Giebeler &amp; Zufacher, M\u00e4rz 2022, <\/span><\/span><span dir=\"ltr\" role=\"presentation\">ISBN 978-3-7799-6378-3) wurden durch den PEV zwei aktuelle Fachartikel beigesteuert.<\/span><\/span><\/p>\n<p>In der <a href=\"https:\/\/pevnw.com\/cms\/wp-content\/uploads\/22.01_JHR_KOMPLETT_20211125_Web.pdf\" target=\"_blank\" rel=\"noopener\">Ausgabe 01\/2022<\/a> der Zeitschrift <em>Jugendhilfe-Report<\/em> des LVR wird Familienbildung als Schwerpunktthema behandelt; ein Artikel wurde durch den PEV beigesteuert.<\/p>\n<p>F\u00fcr Familienbildner*innen interessante Arbeitsergebnisse, Materialien, Termine oder Studien werden durch die nordrhein-westf\u00e4lischen Landesarbeitsgemeinschaften f\u00fcr Familienbildung (www.familienbildung-in-nrw.de) <a href=\"https:\/\/www.familienbildung-in-nrw.de\/service\/arbeitshilfen\/broschueren\" target=\"_blank\" rel=\"noopener noreferrer\">hier<\/a> zusammengetragen.<\/p>\n<p>Die &#8220;Supportstelle Weiterbildung&#8221; (QUA-LiS NRW) hat seit dem Jahr 2017 die Aufgabe \u00fcbernommen, einen nordrhein-westf\u00e4lischen <a href=\"https:\/\/www.qua-lis.nrw.de\/erwachsenenbildung\/berichtswesen-weiterbildung\/informationsmaterialien\" target=\"_blank\" rel=\"noopener\">Weiterbildungsbericht<\/a> zu erstellen. Diese Erhebung f\u00fcr Nordrhein-Westfalen legte erstmals f\u00fcr das Berichtsjahr 2016 umfangreiche Daten f\u00fcr alle nach dem Weiterbildungsgesetz NRW (WbG) anerkannten Einrichtungen der gemeinwohlorientierten Weiterbildung vor \u2013 insbesondere auch f\u00fcr die zahlreichen Familienbildungseinrichtungen. Erg\u00e4nzend erscheint j\u00e4hrlich ein Datenreport zur Weiter- und Familienbildung in NRW (<a href=\"https:\/\/www.qua-lis.nrw.de\/system\/files\/media\/document\/file\/datenreport_berichtswesen_weiterbildung_bj_2024_1.pdf\" target=\"_blank\" rel=\"noopener\">zuletzt in 12\/2025 f\u00fcr das Berichtsjahr 2024<\/a>)<\/p>\n<\/div><\/section><\/div><\/div><\/div><\/div><!-- close content main div --><\/div><\/div><div id='av-layout-grid-2'  class='av-layout-grid-container av-5w1e82-af58cf36865230ef0f5e81c05842234a entry-content-wrapper main_color av-fixed-cells  avia-builder-el-11  el_after_av_one_full  avia-builder-el-last  grid-row-not-first  container_wrap sidebar_right'  >\n\n<style type=\"text\/css\" data-created_by=\"avia_inline_auto\" id=\"style-css-av-4kwxoy-d395d8c67409447a611f0794b9fd5c79\">\n.flex_cell.av-4kwxoy-d395d8c67409447a611f0794b9fd5c79{\nvertical-align:top;\nheight:2px;\nmin-height:2px;\nbackground-color:#e3effc;\n}\n.responsive #top #wrap_all .flex_cell.av-4kwxoy-d395d8c67409447a611f0794b9fd5c79{\npadding:10px 0px 0px 0px !important;\n}\n<\/style>\n<div class='flex_cell av-4kwxoy-d395d8c67409447a611f0794b9fd5c79 av-gridrow-cell av_one_half no_margin  avia-builder-el-12  el_before_av_cell_one_half  avia-builder-el-first ' ><div class='flex_cell_inner'><\/div><\/div>\n<style type=\"text\/css\" data-created_by=\"avia_inline_auto\" id=\"style-css-av-1xk5g2-4f789c253ac39505f9bb3b7e2e92f9d4\">\n.flex_cell.av-1xk5g2-4f789c253ac39505f9bb3b7e2e92f9d4{\nvertical-align:top;\nheight:2px;\nmin-height:2px;\nbackground-color:#e3effc;\n}\n.responsive #top #wrap_all .flex_cell.av-1xk5g2-4f789c253ac39505f9bb3b7e2e92f9d4{\npadding:9px 0px 0px 0px !important;\n}\n<\/style>\n<div class='flex_cell av-1xk5g2-4f789c253ac39505f9bb3b7e2e92f9d4 av-gridrow-cell av_one_half no_margin  avia-builder-el-13  el_after_av_cell_one_half  avia-builder-el-last ' ><div class='flex_cell_inner'><\/div><\/div>\n<\/div><\/p>\n","protected":false},"excerpt":{"rendered":"","protected":false},"author":1,"featured_media":0,"parent":0,"menu_order":0,"comment_status":"closed","ping_status":"closed","template":"","meta":{"footnotes":""},"_links":{"self":[{"href":"https:\/\/pevnw.com\/cms\/wp-json\/wp\/v2\/pages\/3682"}],"collection":[{"href":"https:\/\/pevnw.com\/cms\/wp-json\/wp\/v2\/pages"}],"about":[{"href":"https:\/\/pevnw.com\/cms\/wp-json\/wp\/v2\/types\/page"}],"author":[{"embeddable":true,"href":"https:\/\/pevnw.com\/cms\/wp-json\/wp\/v2\/users\/1"}],"replies":[{"embeddable":true,"href":"https:\/\/pevnw.com\/cms\/wp-json\/wp\/v2\/comments?post=3682"}],"version-history":[{"count":10,"href":"https:\/\/pevnw.com\/cms\/wp-json\/wp\/v2\/pages\/3682\/revisions"}],"predecessor-version":[{"id":9197,"href":"https:\/\/pevnw.com\/cms\/wp-json\/wp\/v2\/pages\/3682\/revisions\/9197"}],"wp:attachment":[{"href":"https:\/\/pevnw.com\/cms\/wp-json\/wp\/v2\/media?parent=3682"}],"curies":[{"name":"wp","href":"https:\/\/api.w.org\/{rel}","templated":true}]}}