{"id":3594,"date":"2018-05-22T09:42:54","date_gmt":"2018-05-22T07:42:54","guid":{"rendered":"https:\/\/pevnw.com\/cms\/?page_id=3594"},"modified":"2023-08-04T11:53:16","modified_gmt":"2023-08-04T09:53:16","slug":"datenschutz","status":"publish","type":"page","link":"https:\/\/pevnw.com\/cms\/datenschutz\/","title":{"rendered":"Datenschutz"},"content":{"rendered":"<div id='full_slider_1'  class='avia-fullwidth-slider main_color avia-shadow   avia-builder-el-0  el_before_av_layout_row  avia-builder-el-first   container_wrap sidebar_right'  >\n<style type=\"text\/css\" data-created_by=\"avia_inline_auto\" id=\"style-css-av-av_slideshow_full-7c89eef234b705e7a4d2de62d66c7ebb\">\n#top #wrap_all .avia-slideshow .av-slideshow-caption.av-av_slideshow_full-7c89eef234b705e7a4d2de62d66c7ebb__0 .avia-caption-title{\nfont-size:30px;\n}\n<\/style>\n<div  class='avia-slideshow av-av_slideshow_full-7c89eef234b705e7a4d2de62d66c7ebb avia-slideshow-no scaling av_slideshow_full avia-slide-slider av-slideshow-ui av-control-default av-slideshow-manual av-loop-once av-loop-manual-endless av-default-height-applied   avia-slideshow-1' data-slideshow-options=\"{&quot;animation&quot;:&quot;slide&quot;,&quot;autoplay&quot;:false,&quot;loop_autoplay&quot;:&quot;once&quot;,&quot;interval&quot;:5,&quot;loop_manual&quot;:&quot;manual-endless&quot;,&quot;autoplay_stopper&quot;:false,&quot;noNavigation&quot;:false,&quot;bg_slider&quot;:false,&quot;keep_padding&quot;:false,&quot;hoverpause&quot;:false,&quot;show_slide_delay&quot;:0}\"  itemprop=\"image\" itemscope=\"itemscope\" itemtype=\"https:\/\/schema.org\/ImageObject\" ><ul class='avia-slideshow-inner ' style='padding-bottom: 27.7456647399%;'><li  class='avia-slideshow-slide av-av_slideshow_full-7c89eef234b705e7a4d2de62d66c7ebb__0  av-single-slide slide-1 slide-odd'><div data-rel='slideshow-1' class='avia-slide-wrap '   ><div class='av-slideshow-caption av-av_slideshow_full-7c89eef234b705e7a4d2de62d66c7ebb__0 caption_fullwidth caption_bottom caption_bottom_framed caption_framed'><div class=\"container caption_container\"><div class=\"slideshow_caption\"><div class=\"slideshow_inner_caption\"><div class=\"slideshow_align_caption\"><h2 class='avia-caption-title '  itemprop=\"name\" >Datenschutzerkl\u00e4rung<\/h2><\/div><\/div><\/div><\/div><\/div><img decoding=\"async\" class=\"wp-image-15 avia-img-lazy-loading-not-15\"  src=\"https:\/\/pevnw.com\/cms\/wp-content\/uploads\/2017\/05\/Bildschirmfoto-2017-05-18-um-14.05.37.png\" width=\"1384\" height=\"384\" title='Bildschirmfoto 2017-05-18 um 14.05.37' alt=''  itemprop=\"thumbnailUrl\" srcset=\"https:\/\/pevnw.com\/cms\/wp-content\/uploads\/2017\/05\/Bildschirmfoto-2017-05-18-um-14.05.37.png 1384w, https:\/\/pevnw.com\/cms\/wp-content\/uploads\/2017\/05\/Bildschirmfoto-2017-05-18-um-14.05.37-300x83.png 300w, https:\/\/pevnw.com\/cms\/wp-content\/uploads\/2017\/05\/Bildschirmfoto-2017-05-18-um-14.05.37-768x213.png 768w, https:\/\/pevnw.com\/cms\/wp-content\/uploads\/2017\/05\/Bildschirmfoto-2017-05-18-um-14.05.37-1030x286.png 1030w, https:\/\/pevnw.com\/cms\/wp-content\/uploads\/2017\/05\/Bildschirmfoto-2017-05-18-um-14.05.37-705x196.png 705w, https:\/\/pevnw.com\/cms\/wp-content\/uploads\/2017\/05\/Bildschirmfoto-2017-05-18-um-14.05.37-450x125.png 450w\" sizes=\"(max-width: 1384px) 100vw, 1384px\" \/><\/div><\/li><\/ul><\/div><\/div>\n<div id='av-layout-grid-1'  class='av-layout-grid-container av-av_layout_row-231f577a7721308906f5786fadbe4d9d entry-content-wrapper main_color av-fixed-cells  avia-builder-el-1  el_after_av_slideshow_full  el_before_av_layout_row  grid-row-not-first  container_wrap sidebar_right'  >\n\n<style type=\"text\/css\" data-created_by=\"avia_inline_auto\" id=\"style-css-av-av_cell_one_fourth-a3e7d377450ea1480a5da2935a274de0\">\n.flex_cell.av-av_cell_one_fourth-a3e7d377450ea1480a5da2935a274de0{\nvertical-align:top;\nheight:2px;\nmin-height:2px;\nbackground-color:#eb600a;\n}\n.responsive #top #wrap_all .flex_cell.av-av_cell_one_fourth-a3e7d377450ea1480a5da2935a274de0{\npadding:5px 0px 0px 0px !important;\n}\n<\/style>\n<div class='flex_cell av-av_cell_one_fourth-a3e7d377450ea1480a5da2935a274de0 av-gridrow-cell av_one_fourth no_margin av-hide-on-mobile  avia-builder-el-2  el_before_av_cell_one_fourth  avia-builder-el-first ' ><div class='flex_cell_inner'>\n<style type=\"text\/css\" data-created_by=\"avia_inline_auto\" id=\"style-css-av-av_textblock-4fbd98e94905f1d37685553fd8902840\">\n#top .av_textblock_section.av-av_textblock-4fbd98e94905f1d37685553fd8902840 .avia_textblock{\nfont-size:15px;\ncolor:#ffffff;\n}\n<\/style>\n<section  class='av_textblock_section av-av_textblock-4fbd98e94905f1d37685553fd8902840'  itemscope=\"itemscope\" itemtype=\"https:\/\/schema.org\/CreativeWork\" ><div class='avia_textblock av_inherit_color'  itemprop=\"text\" ><p style=\"text-align: right;\">Bildungsangebote f\u00fcr Familien<\/p>\n<\/div><\/section>\n<\/div><\/div>\n<style type=\"text\/css\" data-created_by=\"avia_inline_auto\" id=\"style-css-av-av_cell_one_fourth-ff69a4742ad8c2ce9a05140783b690dd\">\n.flex_cell.av-av_cell_one_fourth-ff69a4742ad8c2ce9a05140783b690dd{\nvertical-align:top;\nheight:2px;\nmin-height:2px;\nbackground-color:#eb600a;\n}\n.responsive #top #wrap_all .flex_cell.av-av_cell_one_fourth-ff69a4742ad8c2ce9a05140783b690dd{\npadding:0 0px 0px 0px !important;\n}\n<\/style>\n<div class='flex_cell av-av_cell_one_fourth-ff69a4742ad8c2ce9a05140783b690dd av-gridrow-cell av_one_fourth no_margin  avia-builder-el-4  el_after_av_cell_one_fourth  el_before_av_cell_one_fourth ' ><div class='flex_cell_inner'><\/div><\/div>\n<style type=\"text\/css\" data-created_by=\"avia_inline_auto\" id=\"style-css-av-av_cell_one_fourth-3fdbf57cadbfe8f5c6b16865459f1e75\">\n.flex_cell.av-av_cell_one_fourth-3fdbf57cadbfe8f5c6b16865459f1e75{\nvertical-align:top;\nheight:2px;\nmin-height:2px;\nbackground-color:#eb600a;\n}\n.responsive #top #wrap_all .flex_cell.av-av_cell_one_fourth-3fdbf57cadbfe8f5c6b16865459f1e75{\npadding:0px 0px 0px 0px !important;\n}\n<\/style>\n<div class='flex_cell av-av_cell_one_fourth-3fdbf57cadbfe8f5c6b16865459f1e75 av-gridrow-cell av_one_fourth no_margin av-hide-on-mobile  avia-builder-el-5  el_after_av_cell_one_fourth  el_before_av_cell_one_fourth  av-zero-padding' ><div class='flex_cell_inner'>\n<style type=\"text\/css\" data-created_by=\"avia_inline_auto\" id=\"style-css-av-av_textblock-4fbd98e94905f1d37685553fd8902840\">\n#top .av_textblock_section.av-av_textblock-4fbd98e94905f1d37685553fd8902840 .avia_textblock{\nfont-size:15px;\ncolor:#ffffff;\n}\n<\/style>\n<section  class='av_textblock_section av-av_textblock-4fbd98e94905f1d37685553fd8902840'  itemscope=\"itemscope\" itemtype=\"https:\/\/schema.org\/CreativeWork\" ><div class='avia_textblock av_inherit_color'  itemprop=\"text\" ><p style=\"text-align: right;\">Telefon: 02323 493 17-60<\/p>\n<\/div><\/section>\n<\/div><\/div>\n<style type=\"text\/css\" data-created_by=\"avia_inline_auto\" id=\"style-css-av-av_cell_one_fourth-3fdbf57cadbfe8f5c6b16865459f1e75\">\n.flex_cell.av-av_cell_one_fourth-3fdbf57cadbfe8f5c6b16865459f1e75{\nvertical-align:top;\nheight:2px;\nmin-height:2px;\nbackground-color:#eb600a;\n}\n.responsive #top #wrap_all .flex_cell.av-av_cell_one_fourth-3fdbf57cadbfe8f5c6b16865459f1e75{\npadding:0px 0px 0px 0px !important;\n}\n<\/style>\n<div class='flex_cell av-av_cell_one_fourth-3fdbf57cadbfe8f5c6b16865459f1e75 av-gridrow-cell av_one_fourth no_margin av-hide-on-mobile  avia-builder-el-7  el_after_av_cell_one_fourth  avia-builder-el-last  av-zero-padding' ><div class='flex_cell_inner'>\n<style type=\"text\/css\" data-created_by=\"avia_inline_auto\" id=\"style-css-av-av_textblock-4fbd98e94905f1d37685553fd8902840\">\n#top .av_textblock_section.av-av_textblock-4fbd98e94905f1d37685553fd8902840 .avia_textblock{\nfont-size:15px;\ncolor:#ffffff;\n}\n<\/style>\n<section  class='av_textblock_section av-av_textblock-4fbd98e94905f1d37685553fd8902840'  itemscope=\"itemscope\" itemtype=\"https:\/\/schema.org\/CreativeWork\" ><div class='avia_textblock av_inherit_color'  itemprop=\"text\" ><p style=\"text-align: center;\">Mail: info@pevnrw.de<\/p>\n<\/div><\/section>\n<\/div><\/div>\n<\/div>\n<div id='av-layout-grid-2'  class='av-layout-grid-container av-av_layout_row-231f577a7721308906f5786fadbe4d9d entry-content-wrapper main_color av-fixed-cells  avia-builder-el-9  el_after_av_layout_row  el_before_av_one_full  grid-row-not-first  container_wrap sidebar_right'  >\n\n<style type=\"text\/css\" data-created_by=\"avia_inline_auto\" id=\"style-css-av-av_cell_one_half-10b3c61ae7567e39638090b9e96da951\">\n.flex_cell.av-av_cell_one_half-10b3c61ae7567e39638090b9e96da951{\nvertical-align:top;\nheight:2px;\nmin-height:2px;\nbackground-color:#e3effc;\n}\n.responsive #top #wrap_all .flex_cell.av-av_cell_one_half-10b3c61ae7567e39638090b9e96da951{\npadding:10px 0px 0px 0px !important;\n}\n<\/style>\n<div class='flex_cell av-av_cell_one_half-10b3c61ae7567e39638090b9e96da951 av-gridrow-cell av_one_half no_margin  avia-builder-el-10  el_before_av_cell_one_half  avia-builder-el-first ' ><div class='flex_cell_inner'><\/div><\/div>\n<style type=\"text\/css\" data-created_by=\"avia_inline_auto\" id=\"style-css-av-av_cell_one_half-e031babe12f2c0367274691937e3b173\">\n.flex_cell.av-av_cell_one_half-e031babe12f2c0367274691937e3b173{\nvertical-align:top;\nheight:2px;\nmin-height:2px;\nbackground-color:#e3effc;\n}\n.responsive #top #wrap_all .flex_cell.av-av_cell_one_half-e031babe12f2c0367274691937e3b173{\npadding:9px 0px 0px 0px !important;\n}\n<\/style>\n<div class='flex_cell av-av_cell_one_half-e031babe12f2c0367274691937e3b173 av-gridrow-cell av_one_half no_margin  avia-builder-el-11  el_after_av_cell_one_half  avia-builder-el-last ' ><div class='flex_cell_inner'><\/div><\/div>\n<\/div><div id='after_grid_row_2'  class='main_color av_default_container_wrap container_wrap sidebar_right'  ><div class='container av-section-cont-open' ><div class='template-page content  av-content-small alpha units'><div class='post-entry post-entry-type-page post-entry-3594'><div class='entry-content-wrapper clearfix'>\n\n<style type=\"text\/css\" data-created_by=\"avia_inline_auto\" id=\"style-css-av-av_one_full-6126cab7d8fab8d08143dd2dacdf673c\">\n.flex_column.av-av_one_full-6126cab7d8fab8d08143dd2dacdf673c{\n-webkit-border-radius:0px 0px 0px 0px;\n-moz-border-radius:0px 0px 0px 0px;\nborder-radius:0px 0px 0px 0px;\npadding:0px 0px 0px 0px;\n}\n<\/style>\n<div class='flex_column av-av_one_full-6126cab7d8fab8d08143dd2dacdf673c av_one_full  avia-builder-el-12  el_after_av_layout_row  el_before_av_layout_row  avia-builder-el-no-sibling  first flex_column_div av-zero-column-padding '     ><section  class='av_textblock_section av-av_textblock-0366cc7376be6c9e82a3e9cc8987b64f'  itemscope=\"itemscope\" itemtype=\"https:\/\/schema.org\/CreativeWork\" ><div class='avia_textblock'  itemprop=\"text\" ><h2><strong>1. Allgemeine Hinweise<\/strong><\/h2>\n<p>Als verantwortliche Stelle im Sinne der Datenschutzgesetze (insbesondere der EU-Datenschutzgrundverordnung) nimmt der<\/p>\n<div><strong>\u201eProgressiver Eltern- und Erzieher*innen-Verband NRW e.V.\u201c (PEV)<\/strong><\/div>\n<div>Schaeferstr. 11<\/div>\n<div>44623 Herne<\/div>\n<p>den Schutz personenbezogener Daten als Betreiber dieser Website \u00e4u\u00dferst ernst. Entsprechend werden beim PEV technische und organisatorische Ma\u00dfnahmen getroffen, welche die Beachtung der gesetzlichen Bestimmungen zum Datenschutz sicherstellen.<\/p>\n<p>Personenbezogene Daten sind nach der gesetzlichen Definition all solche Daten, mit denen eine nat\u00fcrliche Person identifiziert werden kann. Hierzu z\u00e4hlen beispielsweise Name, Adresse, Email-Adresse, Telefonnummer oder auch die IP-Adresse. Der PEV verarbeitet im Rahmen der Nutzung dieser Website verf\u00fcgbare und erhobene personenbezogene Daten nur zu den in dieser Datenschutzerkl\u00e4rung genannten Zwecken. Eine weitere Verarbeitung durch den PEV oder eine \u00dcbermittlung an Dritte zu anderen als den genannten Zwecken findet nur nach ausdr\u00fccklicher Erteilung einer Einwilligung statt.<\/p>\n<p>Durch Ihren Besuch der Website werden bereits verschiedene anonymisierte Daten erfasst. Sie k\u00f6nnen das informative Online-Angebot des PEV vollumf\u00e4nglich nutzen, ohne dass Sie sich registrieren oder personenbezogene Daten eingeben m\u00fcssen. Die Nutzung der unverbindlichen Buchungs- oder der Kontaktanfrage ist hingegen nur nach Angabe personenbezogener Daten m\u00f6glich.<\/p>\n<p>Die folgenden Hinweise kl\u00e4ren Sie dar\u00fcber auf, zu welchem Zweck Daten erhoben werden und wie der PEV mit diesen umgeht.<\/p>\n<h2><strong>2. Datenerhebung auf dieser Website<\/strong><\/h2>\n<h3><\/h3>\n<h3><strong>Server-Logfiles<\/strong><\/h3>\n<p>Bei Zugriff auf diese Website werden automatisch einige Informationen allgemeiner Natur erfasst. Diese sogenannten \u201eServer-Logfiles\u201c beinhalten etwa das verwendete Betriebssystem, die Domain Ihres Internetproviders und \u00c4hnliches. Die erhobenen Daten sind technisch notwendig, um die Darstellungen und Inhalte der Website korrekt an Ihren Browser auszuliefern, und lassen keine direkten R\u00fcckschl\u00fcsse auf Ihre Person zu. Um den Internetauftritt des PEV hinsichtlich der Benutzungsfreundlichkeit zu optimieren, werden diese Daten in anonymisierter Form bei Bedarf ausgewertet.<\/p>\n<h3><strong>Cookies<\/strong><\/h3>\n<p>Diese Website verwendet an einigen Stellen sogenannte \u201eCookies\u201c. Dies sind kleine Textdateien, die es m\u00f6glich machen, auf Ihrem Endger\u00e4t spezifische Informationen zu speichern, w\u00e4hrend Sie die Website nutzen. Sie k\u00f6nnen nicht verwendet werden, um Viren zu \u00fcbertragen oder Programme zu starten; durch die in \u201eCookies\u201c enthaltenen Informationen erleichtert sich die Navigation auf unserer Website. In keinem Fall werden die derart erfassten Daten an Dritte weitergegeben oder eine Verkn\u00fcpfung mit personenbezogenen Daten hergestellt.<\/p>\n<p>\u201eCookies\u201c bleiben \u00fcber das Ende einer Browser-Sitzung gespeichert und k\u00f6nnen bei einem erneuten Seitenbesuch wieder aufgerufen werden. Wenn Sie diese Speicherung nicht w\u00fcnschen, sollten Sie Ihren Internetbrowser so einstellen, dass er die Annahme von \u201eCookies\u201c verweigert. Der Internetauftritt des PEV kann grunds\u00e4tzlich auch ohne \u201eCookies\u201c betrachtet werden.<\/p>\n<h3><strong>SSL-Verschl\u00fcsselung<\/strong><\/h3>\n<p>Um die Sicherheit Ihrer Daten bei der \u00dcbertragung (beispielsweise bei einer Kontaktanfrage) zu sch\u00fctzen, verwenden wir ein dem aktuellen Stand der Technik entsprechendes Verschl\u00fcsselungsverfahren (SSL) \u00fcber HTTPS.<\/p>\n<h3><strong>Email, Kontaktformular &amp; Buchungsanfrage<\/strong><\/h3>\n<p>Wenn Sie \u00fcber Email, das Kontaktformular oder die unverbindliche Buchungsanfrage mit dem PEV in Kontakt treten, werden die von Ihnen gemachten Angaben zum Zweck der Bearbeitung dieser Anfrage gespeichert. Durch die Angabe einer validen Email-Adresse bzw. Telefonnummer erteilen Sie uns Ihre freiwillige Einwilligung. Diese dient der Zuordnung der Anfrage und der anschlie\u00dfenden Beantwortung der selbigen. Die Buchungsanfrage stellt keine verbindliche Anmeldung zu einem Seminar- oder Kursangebot des PEV dar. Verbindliche Anmeldeprozesse werden in den AGB des PEV auf dieser Website umfassend erl\u00e4utert.<\/p>\n<h3><strong>Google Analytics<\/strong><\/h3>\n<p>Unsere Website verwendet Google Analytics, einen Webanalysedienst von Google Inc. (1600 Amphitheatre Parkway, Mountain View, CA 94043, USA). Dieser Dienst verwendet ebenfalls sogenannte \u201eCookies\u201c, deren Speicherung auf der Grundlage des Art. 6 Abs. 1 lit. f DSGVO erfolgen. Diese kleinen Textdateien erm\u00f6glichen eine Analyse der Nutzung unseres Website-Angebotes durch Google. Die erfassten Informationen \u00fcber die Nutzung unserer Seiten (einschlie\u00dflich Ihrer IP-Adresse) werden in der Regel an einen Server von Google in den USA \u00fcbertragen und dort gespeichert. Aufgrund der Aktivierung der IP-Anonymisierung auf unserer Website wird Ihre IP-Adresse von Google jedoch innerhalb von Mitgliedstaaten der Europ\u00e4ischen Union oder in anderen Vertragsstaaten des Abkommens \u00fcber den Europ\u00e4ischen Wirtschaftsraum zuvor gek\u00fcrzt. Google beachtet die Datenschutzbestimmungen des \u201eUS-Safe-Harbor\u201c-Abkommens und nutzt die gesammelten Informationen, um die Nutzung unserer Website auszuwerten, diesbez\u00fcglich Berichte f\u00fcr den Website-Betreiber zu verfassen und andere Dienstleistungen an den PEV zu erbringen. Die im Rahmen von Google Analytics von Ihrem Browser \u00fcbermittelte IP-Adresse wird niemals mit anderen Daten von Google zusammengef\u00fchrt. Zur Deaktivierung von Google Analytics stellt Google unter <a href=\"http:\/\/tools.google.com\/dlpage\/gaoptout?hl=de\">http:\/\/tools.google.com\/dlpage\/gaoptout?hl=de<\/a> ein Browser-Plug-In zur Verf\u00fcgung.<\/p>\n<h3><strong>Google Maps<\/strong><\/h3>\n<p>Der Internetauftritt des PEV verwendet \u00fcber eine Programmierschnittstelle Google Maps, um geographische Informationen ansprechend darstellen zu k\u00f6nnen. Anbieter ist auch hier Google Inc. (siehe oben). W\u00e4hrend der Nutzung von Google Maps werden Daten \u00fcber Ihre Nutzung der Kartenfunktionen erhoben und verarbeitet. Weiterf\u00fchrende Informationen k\u00f6nnen Sie in den Datenschutzhinweisen von Google unter <a href=\"https:\/\/google.de\/intl\/de\/policies\/privacy\/\">https:\/\/google.de\/intl\/de\/policies\/privacy\/<\/a> finden.<\/p>\n<h3><strong>Google Webfonts<\/strong><\/h3>\n<p>Um die Website des PEV browser\u00fcbergreifend korrekt und grafisch ansprechend darzustellen, wird die Schriftbibliothek Google Webfonts verwendet. Google Webfonts werden zur Vermeidung mehrfachen Ladens in den Cache Ihres Browsers \u00fcbertragen. Falls der Browser die Google Webfonts nicht unterst\u00fctzt oder den Zugriff unterbindet, werden Inhalte in einer Standardschrift angezeigt. Der Aufruf der Schriftbibliothek l\u00f6st automatisch eine Verbindung zum Betreiber der Bibliothek aus. Dabei ist es m\u00f6glich, dass Betreiber entsprechender Bibliotheken Daten erheben. Die Datenschutzrichtlinie des Bibliothekbetreibers Google (siehe oben) finden Sie unter <a href=\"https:\/\/www.google.com\/policies\/privacy\/\">https:\/\/www.google.com\/policies\/privacy\/<\/a>.<\/p>\n<h3><strong>Datenverarbeitung<\/strong><\/h3>\n<p>Die Verarbeitung und Nutzung personenbezogener Daten erfolgen in festgelegten Prozessen nur durch haupt-, neben- oder freiberuflich T\u00e4tige, die auf Daten- und Kinderschutz verpflichtet wurden. Der PEV verarbeitet die \u00fcber Buchungs- und Kontaktanfragen erhobenen Daten gem\u00e4\u00df Art. 6 Abs. 1 lit. b DSGVO haupts\u00e4chlich zum Zweck der Durchf\u00fchrung vorvertraglicher Ma\u00dfnahmen oder zur Vertragserf\u00fcllung.<\/p>\n<h3><strong>Datenl\u00f6schung\/-sperrung<\/strong><\/h3>\n<p>Der PEV agiert nach den Grunds\u00e4tzen der Datenvermeidung und -sparsamkeit. Personenbezogene Daten werden daher nur solange gespeichert, wie es zur Erreichung der hier erl\u00e4uterten Zwecke erforderlich ist. Die Speicher- und Aufbewahrungsfristen richten sich nach den gesetzlichen, beh\u00f6rdlichen oder von Zuschussgebern bestimmten Vorgaben oder mit Ihnen freiwillig getroffenen Vereinbarungen. Nach Ablauf dieser Fristen bzw. Wegfall des Zweckes werden die Daten entsprechend gel\u00f6scht\/gesperrt.<\/p>\n<h2><strong>3. Rechte und Pflichten der Website-Benutzer*innen<\/strong><\/h2>\n<h3><strong>Auskunft, Berichtigung, Sperre &amp; L\u00f6schung<\/strong><\/h3>\n<p>Sie haben als Benutzer*in dieser Website das Recht, unentgeltlich Auskunft \u00fcber Ihre beim PEV gespeicherten personenbezogenen Daten und den Zweck der Verarbeitung bzw. Speicherung zu erhalten. Diese Auskunft wird in Ihnen in der Regel binnen vier Wochen oder mit Begr\u00fcndung sp\u00e4ter erteilt. Ebenso haben Sie das Recht auf Berichtigung, Sperrung oder L\u00f6schung Ihrer personenbezogenen Daten \u2013 abgesehen von der gesetzlich vorgeschriebenen Datenspeicherung zur Gesch\u00e4ftsabwicklung. Bitte wenden Sie sich dazu mit einer schriftlichen Mitteilung unter Nennung Ihrer pers\u00f6nlicher Identit\u00e4t, (Email-)Adresse und Datum an den Datenschutzverantwortlichen des PEV, dessen Kontaktdaten Sie am Ende dieser Erkl\u00e4rung finden (siehe Kontakt).<\/p>\n<h3><strong>Einwilligungswiderruf<\/strong><\/h3>\n<p>Die Speicherung, Verarbeitung und Nutzung Ihrer personenbezogenen Daten sind nur mit Ihrer Einwilligung m\u00f6glich \u2013 sofern nicht rechtliche Vorgaben oder andere Interessen als vorrangig zu bewerten sind. Erteilte Einwilligungen (wie zum Beispiel digitale, schriftliche und m\u00fcndliche Vereinbarungen) k\u00f6nnen Sie mit Wirkung f\u00fcr die Zukunft widerrufen. Hierf\u00fcr ist eine schriftliche Mitteilung unter Nennung Ihrer pers\u00f6nlicher Identit\u00e4t, (Email-)Adresse und Datum an den Datenschutzverantwortlichen des PEV notwendig, beispielsweise per Email oder Fax.<\/p>\n<h3><strong>Beschwerderecht bei Aufsichtsbeh\u00f6rden<\/strong><\/h3>\n<p>Bei datenschutzrechtlichen Verst\u00f6\u00dfen steht allen Betroffenen ein Beschwerderecht bei der zust\u00e4ndigen Aufsichtsbeh\u00f6rde zu. Die f\u00fcr den in Nordrhein-Westfalen ans\u00e4ssigen PEV zust\u00e4ndige Aufsichtsbeh\u00f6rde in datenschutzrechtlichen Fragen ist die <em>Landesbeauftragte f\u00fcr Datenschutz und Informationsfreiheit NRW<\/em> (<a href=\"http:\/\/www.ldi.nrw.de\/\">http:\/\/www.ldi.nrw.de<\/a>).<\/p>\n<h3><strong>Austausch fremder personenbezogener Daten<\/strong><\/h3>\n<p>Wenn eine Person im Datenaustausch mit dem PEV stellvertretend auch f\u00fcr weitere Erwachsene oder Minderj\u00e4hrige t\u00e4tig wird, liegt es in deren Verantwortung, die jeweilige Einwilligung zur Daten\u00fcbermittlung, -auskunft und -korrektur oder deren Widerruf einzuholen.<\/p>\n<h2><strong>4. Kontakt<\/strong><\/h2>\n<p>Wenn Sie Fragen zum Datenschutz des \u201eProgressiven Eltern- und Erzieher*innen-Verbands NRW e.V.\u201c (PEV) haben, schreiben Sie uns diese bitte per Email oder wenden Sie sich direkt an die f\u00fcr den Datenschutz verantwortliche Person unseres Verbandes:<\/p>\n<p><strong>Manuel Becker<br \/>\n<\/strong><\/p>\n<div>Schaeferstr. 11<\/div>\n<div>44623 Herne<\/div>\n<div>02323 49317 66 (Telefon)<\/div>\n<div>02323 49317 71 (Fax)<\/div>\n<div><a href=\"mailto:manuel.becker@pevnrw.de\">manuel.becker@pevnrw.de<\/a> (Email)<\/div>\n<\/div><\/section><\/div><\/div><\/div><\/div><!-- close content main div --><\/div><\/div><div id='av-layout-grid-3'  class='av-layout-grid-container av-av_layout_row-231f577a7721308906f5786fadbe4d9d entry-content-wrapper main_color av-fixed-cells  avia-builder-el-14  el_after_av_one_full  avia-builder-el-last  grid-row-not-first  container_wrap sidebar_right'  >\n\n<style type=\"text\/css\" data-created_by=\"avia_inline_auto\" id=\"style-css-av-av_cell_one_half-10b3c61ae7567e39638090b9e96da951\">\n.flex_cell.av-av_cell_one_half-10b3c61ae7567e39638090b9e96da951{\nvertical-align:top;\nheight:2px;\nmin-height:2px;\nbackground-color:#e3effc;\n}\n.responsive #top #wrap_all .flex_cell.av-av_cell_one_half-10b3c61ae7567e39638090b9e96da951{\npadding:10px 0px 0px 0px !important;\n}\n<\/style>\n<div class='flex_cell av-av_cell_one_half-10b3c61ae7567e39638090b9e96da951 av-gridrow-cell av_one_half no_margin  avia-builder-el-15  el_before_av_cell_one_half  avia-builder-el-first ' ><div class='flex_cell_inner'><\/div><\/div>\n<style type=\"text\/css\" data-created_by=\"avia_inline_auto\" id=\"style-css-av-av_cell_one_half-e031babe12f2c0367274691937e3b173\">\n.flex_cell.av-av_cell_one_half-e031babe12f2c0367274691937e3b173{\nvertical-align:top;\nheight:2px;\nmin-height:2px;\nbackground-color:#e3effc;\n}\n.responsive #top #wrap_all .flex_cell.av-av_cell_one_half-e031babe12f2c0367274691937e3b173{\npadding:9px 0px 0px 0px !important;\n}\n<\/style>\n<div class='flex_cell av-av_cell_one_half-e031babe12f2c0367274691937e3b173 av-gridrow-cell av_one_half no_margin  avia-builder-el-16  el_after_av_cell_one_half  avia-builder-el-last ' ><div class='flex_cell_inner'><\/div><\/div>\n<\/div><\/p>\n","protected":false},"excerpt":{"rendered":"","protected":false},"author":1,"featured_media":0,"parent":0,"menu_order":0,"comment_status":"closed","ping_status":"closed","template":"","meta":{"footnotes":""},"_links":{"self":[{"href":"https:\/\/pevnw.com\/cms\/wp-json\/wp\/v2\/pages\/3594"}],"collection":[{"href":"https:\/\/pevnw.com\/cms\/wp-json\/wp\/v2\/pages"}],"about":[{"href":"https:\/\/pevnw.com\/cms\/wp-json\/wp\/v2\/types\/page"}],"author":[{"embeddable":true,"href":"https:\/\/pevnw.com\/cms\/wp-json\/wp\/v2\/users\/1"}],"replies":[{"embeddable":true,"href":"https:\/\/pevnw.com\/cms\/wp-json\/wp\/v2\/comments?post=3594"}],"version-history":[{"count":10,"href":"https:\/\/pevnw.com\/cms\/wp-json\/wp\/v2\/pages\/3594\/revisions"}],"predecessor-version":[{"id":7758,"href":"https:\/\/pevnw.com\/cms\/wp-json\/wp\/v2\/pages\/3594\/revisions\/7758"}],"wp:attachment":[{"href":"https:\/\/pevnw.com\/cms\/wp-json\/wp\/v2\/media?parent=3594"}],"curies":[{"name":"wp","href":"https:\/\/api.w.org\/{rel}","templated":true}]}}