{"id":1624,"date":"2017-09-11T22:49:55","date_gmt":"2017-09-11T20:49:55","guid":{"rendered":"http:\/\/pevnw.com\/cms\/?page_id=1624"},"modified":"2023-05-23T17:02:13","modified_gmt":"2023-05-23T15:02:13","slug":"leitbild","status":"publish","type":"page","link":"https:\/\/pevnw.com\/cms\/leitbild\/","title":{"rendered":"Leitbild"},"content":{"rendered":"<div id='full_slider_1'  class='avia-fullwidth-slider main_color avia-shadow   avia-builder-el-0  el_before_av_layout_row  avia-builder-el-first   container_wrap sidebar_right'  >\n<style type=\"text\/css\" data-created_by=\"avia_inline_auto\" id=\"style-css-av-av_slideshow_full-7c89eef234b705e7a4d2de62d66c7ebb\">\n#top #wrap_all .avia-slideshow .av-slideshow-caption.av-av_slideshow_full-7c89eef234b705e7a4d2de62d66c7ebb__0 .avia-caption-title{\nfont-size:30px;\n}\n<\/style>\n<div  class='avia-slideshow av-av_slideshow_full-7c89eef234b705e7a4d2de62d66c7ebb avia-slideshow-no scaling av_slideshow_full avia-slide-slider av-slideshow-ui av-control-default av-slideshow-manual av-loop-once av-loop-manual-endless av-default-height-applied   avia-slideshow-1' data-slideshow-options=\"{&quot;animation&quot;:&quot;slide&quot;,&quot;autoplay&quot;:false,&quot;loop_autoplay&quot;:&quot;once&quot;,&quot;interval&quot;:5,&quot;loop_manual&quot;:&quot;manual-endless&quot;,&quot;autoplay_stopper&quot;:false,&quot;noNavigation&quot;:false,&quot;bg_slider&quot;:false,&quot;keep_padding&quot;:false,&quot;hoverpause&quot;:false,&quot;show_slide_delay&quot;:0}\"  itemprop=\"image\" itemscope=\"itemscope\" itemtype=\"https:\/\/schema.org\/ImageObject\" ><ul class='avia-slideshow-inner ' style='padding-bottom: 27.7456647399%;'><li  class='avia-slideshow-slide av-av_slideshow_full-7c89eef234b705e7a4d2de62d66c7ebb__0  av-single-slide slide-1 slide-odd'><div data-rel='slideshow-1' class='avia-slide-wrap '   ><div class='av-slideshow-caption av-av_slideshow_full-7c89eef234b705e7a4d2de62d66c7ebb__0 caption_fullwidth caption_bottom caption_bottom_framed caption_framed'><div class=\"container caption_container\"><div class=\"slideshow_caption\"><div class=\"slideshow_inner_caption\"><div class=\"slideshow_align_caption\"><h2 class='avia-caption-title '  itemprop=\"name\" >Leitbild<\/h2><\/div><\/div><\/div><\/div><\/div><img decoding=\"async\" class=\"wp-image-15 avia-img-lazy-loading-not-15\"  src=\"https:\/\/pevnw.com\/cms\/wp-content\/uploads\/2017\/05\/Bildschirmfoto-2017-05-18-um-14.05.37.png\" width=\"1384\" height=\"384\" title='Bildschirmfoto 2017-05-18 um 14.05.37' alt=''  itemprop=\"thumbnailUrl\" srcset=\"https:\/\/pevnw.com\/cms\/wp-content\/uploads\/2017\/05\/Bildschirmfoto-2017-05-18-um-14.05.37.png 1384w, https:\/\/pevnw.com\/cms\/wp-content\/uploads\/2017\/05\/Bildschirmfoto-2017-05-18-um-14.05.37-300x83.png 300w, https:\/\/pevnw.com\/cms\/wp-content\/uploads\/2017\/05\/Bildschirmfoto-2017-05-18-um-14.05.37-768x213.png 768w, https:\/\/pevnw.com\/cms\/wp-content\/uploads\/2017\/05\/Bildschirmfoto-2017-05-18-um-14.05.37-1030x286.png 1030w, https:\/\/pevnw.com\/cms\/wp-content\/uploads\/2017\/05\/Bildschirmfoto-2017-05-18-um-14.05.37-705x196.png 705w, https:\/\/pevnw.com\/cms\/wp-content\/uploads\/2017\/05\/Bildschirmfoto-2017-05-18-um-14.05.37-450x125.png 450w\" sizes=\"(max-width: 1384px) 100vw, 1384px\" \/><\/div><\/li><\/ul><\/div><\/div>\n<div id='av-layout-grid-1'  class='av-layout-grid-container av-av_layout_row-231f577a7721308906f5786fadbe4d9d entry-content-wrapper main_color av-fixed-cells  avia-builder-el-1  el_after_av_slideshow_full  el_before_av_layout_row  grid-row-not-first  container_wrap sidebar_right'  >\n\n<style type=\"text\/css\" data-created_by=\"avia_inline_auto\" id=\"style-css-av-av_cell_one_fourth-a3e7d377450ea1480a5da2935a274de0\">\n.flex_cell.av-av_cell_one_fourth-a3e7d377450ea1480a5da2935a274de0{\nvertical-align:top;\nheight:2px;\nmin-height:2px;\nbackground-color:#eb600a;\n}\n.responsive #top #wrap_all .flex_cell.av-av_cell_one_fourth-a3e7d377450ea1480a5da2935a274de0{\npadding:5px 0px 0px 0px !important;\n}\n<\/style>\n<div class='flex_cell av-av_cell_one_fourth-a3e7d377450ea1480a5da2935a274de0 av-gridrow-cell av_one_fourth no_margin av-hide-on-mobile  avia-builder-el-2  el_before_av_cell_one_fourth  avia-builder-el-first ' ><div class='flex_cell_inner'>\n<style type=\"text\/css\" data-created_by=\"avia_inline_auto\" id=\"style-css-av-av_textblock-4fbd98e94905f1d37685553fd8902840\">\n#top .av_textblock_section.av-av_textblock-4fbd98e94905f1d37685553fd8902840 .avia_textblock{\nfont-size:15px;\ncolor:#ffffff;\n}\n<\/style>\n<section  class='av_textblock_section av-av_textblock-4fbd98e94905f1d37685553fd8902840'  itemscope=\"itemscope\" itemtype=\"https:\/\/schema.org\/CreativeWork\" ><div class='avia_textblock av_inherit_color'  itemprop=\"text\" ><p style=\"text-align: right;\">Bildungsangebote f\u00fcr Familien<\/p>\n<\/div><\/section>\n<\/div><\/div>\n<style type=\"text\/css\" data-created_by=\"avia_inline_auto\" id=\"style-css-av-av_cell_one_fourth-ff69a4742ad8c2ce9a05140783b690dd\">\n.flex_cell.av-av_cell_one_fourth-ff69a4742ad8c2ce9a05140783b690dd{\nvertical-align:top;\nheight:2px;\nmin-height:2px;\nbackground-color:#eb600a;\n}\n.responsive #top #wrap_all .flex_cell.av-av_cell_one_fourth-ff69a4742ad8c2ce9a05140783b690dd{\npadding:0 0px 0px 0px !important;\n}\n<\/style>\n<div class='flex_cell av-av_cell_one_fourth-ff69a4742ad8c2ce9a05140783b690dd av-gridrow-cell av_one_fourth no_margin  avia-builder-el-4  el_after_av_cell_one_fourth  el_before_av_cell_one_fourth ' ><div class='flex_cell_inner'><\/div><\/div>\n<style type=\"text\/css\" data-created_by=\"avia_inline_auto\" id=\"style-css-av-av_cell_one_fourth-3fdbf57cadbfe8f5c6b16865459f1e75\">\n.flex_cell.av-av_cell_one_fourth-3fdbf57cadbfe8f5c6b16865459f1e75{\nvertical-align:top;\nheight:2px;\nmin-height:2px;\nbackground-color:#eb600a;\n}\n.responsive #top #wrap_all .flex_cell.av-av_cell_one_fourth-3fdbf57cadbfe8f5c6b16865459f1e75{\npadding:0px 0px 0px 0px !important;\n}\n<\/style>\n<div class='flex_cell av-av_cell_one_fourth-3fdbf57cadbfe8f5c6b16865459f1e75 av-gridrow-cell av_one_fourth no_margin av-hide-on-mobile  avia-builder-el-5  el_after_av_cell_one_fourth  el_before_av_cell_one_fourth  av-zero-padding' ><div class='flex_cell_inner'>\n<style type=\"text\/css\" data-created_by=\"avia_inline_auto\" id=\"style-css-av-av_textblock-4fbd98e94905f1d37685553fd8902840\">\n#top .av_textblock_section.av-av_textblock-4fbd98e94905f1d37685553fd8902840 .avia_textblock{\nfont-size:15px;\ncolor:#ffffff;\n}\n<\/style>\n<section  class='av_textblock_section av-av_textblock-4fbd98e94905f1d37685553fd8902840'  itemscope=\"itemscope\" itemtype=\"https:\/\/schema.org\/CreativeWork\" ><div class='avia_textblock av_inherit_color'  itemprop=\"text\" ><p style=\"text-align: right;\">Telefon: 02323 &#8211; 49317 60<\/p>\n<\/div><\/section>\n<\/div><\/div>\n<style type=\"text\/css\" data-created_by=\"avia_inline_auto\" id=\"style-css-av-av_cell_one_fourth-3fdbf57cadbfe8f5c6b16865459f1e75\">\n.flex_cell.av-av_cell_one_fourth-3fdbf57cadbfe8f5c6b16865459f1e75{\nvertical-align:top;\nheight:2px;\nmin-height:2px;\nbackground-color:#eb600a;\n}\n.responsive #top #wrap_all .flex_cell.av-av_cell_one_fourth-3fdbf57cadbfe8f5c6b16865459f1e75{\npadding:0px 0px 0px 0px !important;\n}\n<\/style>\n<div class='flex_cell av-av_cell_one_fourth-3fdbf57cadbfe8f5c6b16865459f1e75 av-gridrow-cell av_one_fourth no_margin av-hide-on-mobile  avia-builder-el-7  el_after_av_cell_one_fourth  avia-builder-el-last  av-zero-padding' ><div class='flex_cell_inner'>\n<style type=\"text\/css\" data-created_by=\"avia_inline_auto\" id=\"style-css-av-av_textblock-4fbd98e94905f1d37685553fd8902840\">\n#top .av_textblock_section.av-av_textblock-4fbd98e94905f1d37685553fd8902840 .avia_textblock{\nfont-size:15px;\ncolor:#ffffff;\n}\n<\/style>\n<section  class='av_textblock_section av-av_textblock-4fbd98e94905f1d37685553fd8902840'  itemscope=\"itemscope\" itemtype=\"https:\/\/schema.org\/CreativeWork\" ><div class='avia_textblock av_inherit_color'  itemprop=\"text\" ><p style=\"text-align: center;\">Mail: info@pevnrw.de<\/p>\n<\/div><\/section>\n<\/div><\/div><\/div><div id='av-layout-grid-2'  class='av-layout-grid-container av-av_layout_row-231f577a7721308906f5786fadbe4d9d entry-content-wrapper main_color av-fixed-cells  avia-builder-el-9  el_after_av_layout_row  el_before_av_one_full  grid-row-not-first  container_wrap sidebar_right'  >\n\n<style type=\"text\/css\" data-created_by=\"avia_inline_auto\" id=\"style-css-av-av_cell_one_half-10b3c61ae7567e39638090b9e96da951\">\n.flex_cell.av-av_cell_one_half-10b3c61ae7567e39638090b9e96da951{\nvertical-align:top;\nheight:2px;\nmin-height:2px;\nbackground-color:#e3effc;\n}\n.responsive #top #wrap_all .flex_cell.av-av_cell_one_half-10b3c61ae7567e39638090b9e96da951{\npadding:10px 0px 0px 0px !important;\n}\n<\/style>\n<div class='flex_cell av-av_cell_one_half-10b3c61ae7567e39638090b9e96da951 av-gridrow-cell av_one_half no_margin  avia-builder-el-10  el_before_av_cell_one_half  avia-builder-el-first ' ><div class='flex_cell_inner'><\/div><\/div>\n<style type=\"text\/css\" data-created_by=\"avia_inline_auto\" id=\"style-css-av-av_cell_one_half-e031babe12f2c0367274691937e3b173\">\n.flex_cell.av-av_cell_one_half-e031babe12f2c0367274691937e3b173{\nvertical-align:top;\nheight:2px;\nmin-height:2px;\nbackground-color:#e3effc;\n}\n.responsive #top #wrap_all .flex_cell.av-av_cell_one_half-e031babe12f2c0367274691937e3b173{\npadding:9px 0px 0px 0px !important;\n}\n<\/style>\n<div class='flex_cell av-av_cell_one_half-e031babe12f2c0367274691937e3b173 av-gridrow-cell av_one_half no_margin  avia-builder-el-11  el_after_av_cell_one_half  avia-builder-el-last ' ><div class='flex_cell_inner'><\/div><\/div>\n<\/div><div id='after_grid_row_2'  class='main_color av_default_container_wrap container_wrap sidebar_right'  ><div class='container av-section-cont-open' ><div class='template-page content  av-content-small alpha units'><div class='post-entry post-entry-type-page post-entry-1624'><div class='entry-content-wrapper clearfix'><\/p>\n\n<style type=\"text\/css\" data-created_by=\"avia_inline_auto\" id=\"style-css-av-av_one_full-6126cab7d8fab8d08143dd2dacdf673c\">\n.flex_column.av-av_one_full-6126cab7d8fab8d08143dd2dacdf673c{\n-webkit-border-radius:0px 0px 0px 0px;\n-moz-border-radius:0px 0px 0px 0px;\nborder-radius:0px 0px 0px 0px;\npadding:0px 0px 0px 0px;\n}\n<\/style>\n<div class='flex_column av-av_one_full-6126cab7d8fab8d08143dd2dacdf673c av_one_full  avia-builder-el-12  el_after_av_layout_row  el_before_av_layout_row  avia-builder-el-no-sibling  first flex_column_div av-zero-column-padding '     ><section  class='av_textblock_section av-av_textblock-0366cc7376be6c9e82a3e9cc8987b64f'  itemscope=\"itemscope\" itemtype=\"https:\/\/schema.org\/CreativeWork\" ><div class='avia_textblock'  itemprop=\"text\" ><h2><strong>Unser Leitbild<\/strong><\/h2>\n<h2><span style=\"color: #999999;\"><strong>Mission Statement<\/strong><\/span><\/h2>\n<p><em>Stand 2023<\/em><\/p>\n<h3><strong>Wer wir sind und was wir wollen \u2013 Unser Selbstverst\u00e4ndnis<\/strong><\/h3>\n<p>Wir sind die Akteur*innen im Progressiven Eltern- und Erzieher*innen-Verband NRW e.V., einer gesellschaftspolitisch t\u00e4tigen, gemeinn\u00fctzigen Organisation in Nordrhein-Westfalen, die die Interessen der Menschen in Familien und ihre Belange in den Mittelpunkt stellt.<\/p>\n<p>Der <strong>PEV<\/strong> ist<\/p>\n<ul>\n<li>anerkannter Bildungsverband und Tr\u00e4ger einer Bildungsst\u00e4tte<\/li>\n<li>anerkannter Elternverband nach \u00a777 NRW Schulgesetz<\/li>\n<li>anerkannter freier Tr\u00e4ger der Jugendhilfe<\/li>\n<li>Fach- und Lobbyverband von und f\u00fcr Familien<\/li>\n<li>verbunden mit den Vereinen der Sozialistischen Jugend Deutschlands &#8211; Die Falken in NRW<\/li>\n<li>sowie Mitglied in Verb\u00e4nden und Netzwerken wie der AWO (korporativ), im Zukunftsforum Familie (ZFF), der Landesarbeitsgemeinschaft der Familienverb\u00e4nde und -selbsthilfeorganisationen NRW (LAG Familie), dem Forum F\u00f6rderung von Kindern und einigen mehr.<\/li>\n<\/ul>\n<p>So m\u00f6chten wir als Verband und Familienbildungstr\u00e4ger*in immer wieder aufs Neue R\u00e4ume f\u00fcr den Austausch schaffen, um mit anderen Familien, Akteur*innen und auch Verb\u00fcndeten konstruktiv im Diskurs zu streiten, zu reflektieren und ins Handeln zu kommen. Dabei steht f\u00fcr uns die (gemeinschaftliche) Bef\u00e4higung zur demokratischen Partizipation im Vordergrund. Daher verstehen wir uns auch als Akteur*in politischer Bildungsarbeit.<\/p>\n<p>Als Interessenvertretung arbeiten wir mit Eltern, Sorgeverantwortlichen, Erzieher*innen und weiteren Fachkr\u00e4ften des Bildungssystems zusammen daran, die Themen und Perspektiven von Familien in den Mittelpunkt zu stellen und in den politischen Diskurs zu bringen.<\/p>\n<p>F\u00fcr uns existiert dabei eine Vielfalt familialer Lebensformen, die wir alle als gleichberechtigte Solidargemeinschaften anerkennen und wertsch\u00e4tzen. Sie sind einerseits durch ihre kulturellen und gesellschaftlichen Gegebenheiten gepr\u00e4gt. Andererseits werden sie durch die gelebten Beziehungen immer wieder neu gestaltet.<\/p>\n<p>Unsere \u00dcberzeugung ist, dass jeder*r die gleichen Chancen haben sollte, ein gutes und selbstbestimmtes Leben zu f\u00fchren. Dazu bedarf es auch grundlegender, struktureller gesellschaftlicher Ver\u00e4nderungen.<\/p>\n<p>Die von uns verwendeten Begrifflichkeiten progressiv und sozialistisch verstehen wir als\u00a0 konsequente Forderung nach sozialer, \u00f6konomischer und \u00f6kologischer Gerechtigkeit, nach umfassender Umsetzung der Menschen- und Kinderrechte, nach Nachhaltigkeit sowie nach Gleichwertigkeit aller Menschen. Dazu geh\u00f6ren auch in allen gesellschaftlichen Bereichen ausfinanzierte Bildungs- und Betreuungssysteme.<\/p>\n<p>Ausgehend von unserer Vision einer auf Chancengerechtigkeit und Gleichwertigkeit basierenden Gesellschaft sehen wir aktuell zahlreiche Herausforderungen f\u00fcr Familien, die uns als Verband und Bildungsst\u00e4tte um- und antreiben: Die Einkommens- und Verm\u00f6gensverteilung verfestigt sowohl Armuts- als auch Reichtumslagen wie auch famili\u00e4re Belastungssituationen und Abstiegs\u00e4ngste; die soziale und Bildungssegregation setzt sich unvermindert fort; Familien erleben zahlreiche \u00dcberlastungssituationen in der Vielfalt und Komplexit\u00e4t unterschiedlicher Rollen(-anforderungen); die gesellschaftliche Aufrechterhaltung von Herrschaftsverh\u00e4ltnissen bedingt Diskriminierungsformen bis tief in die zwischenmenschlichen Beziehungen hinein und kontr\u00e4r zu unseren Leitbildvorstellungen.<\/p>\n<h3><strong>Wie wir arbeiten<\/strong><\/h3>\n<ol>\n<li>Mit unserer Arbeit richten wir uns explizit an Erziehende (Eltern und Sorgeverantwortliche), p\u00e4dagogische Fachkr\u00e4fte und weitere Mitarbeitende in Erziehungs- und Bildungsinstitutionen.<\/li>\n<\/ol>\n<ol start=\"2\">\n<li>Wir arbeiten kritisch-emanzipatorisch und bieten Familien, p\u00e4dagogisch t\u00e4tigen Personen und politisch Interessierten praxisbezogene, empowermentorientierte Unterst\u00fctzung bei der F\u00f6rderung und St\u00e4rkung von Selbstbestimmung und Resilienz im Familien- und Bildungsgeschehen. Das schlie\u00dft auch die mentale wie argumentative Bef\u00e4higung zur Zivilcourage und zum Widerstand gegen Diskriminierung, gegen nicht legitimierte Gewalt \u2013 auch im Erziehungshandeln \u2013 sowie gegen soziale Ungerechtigkeiten und Ungleichwertigkeiten ein. Im Rahmen von praktischen Projekten \u2013 insbesondere im Sozialraum \u2013 unterst\u00fctzen wir dahingehend beispielsweise nachhaltige Selbsthilfestrukturen.<\/li>\n<li>Insbesondere in Zeiten rasanter gesellschaftlicher, politischer und wirtschaftlicher Ver\u00e4nderungen ist die lebensweltliche Orientierung grundlegend f\u00fcr unsere Bildungsarbeit.<\/li>\n<\/ol>\n<ol start=\"4\">\n<li>Eine diversit\u00e4tssensible und vorurteilsreflektierende Haltung zeichnet unsere Praxis nach innen und au\u00dfen aus. Als lernende Organisation verpflichten wir uns dabei zur permanenten kritischen Selbstreflexion. Im Bewusstsein \u00fcber das Vorhandensein eigener Verstrickungen und Fehlbarkeiten streben wir stets strukturierte Prozesse zur Verbesserung der fachlichen Qualit\u00e4t an.<\/li>\n<\/ol>\n<ol start=\"5\">\n<li>Ein achtsamer Umgang miteinander, kollegialer Austausch, kritische Evaluationen, diskursive Arbeitsformen, kontinuierliche Fortbildungen, eine systematische Vernetzung mit anderen Akteur*innen, ein umfangreiches Qualit\u00e4tsmanagement, eine transparente \u00d6ffentlichkeitsarbeit und das Engagement der haupt- und ehrenamtlichen Mitarbeiter*innen sind die Bezugsquellen f\u00fcr die hohe Best\u00e4ndigkeit und Qualit\u00e4t der Verbands- und Bildungsarbeit des PEV. Die PEV-Familienbildungsst\u00e4tte und der PEV-Familienverband als Tr\u00e4ger stehen in einem kontinuierlichen fachlichen Austausch und verst\u00e4rken sich gegenseitig. Qualit\u00e4t und Fachlichkeit werden auch unter Einbeziehung der Teilnehmer*innen st\u00e4ndig weiterentwickelt. Die PEV-Familienbildungsst\u00e4tte ist daher auch mit einer ausgewiesenen Teilnehmer*innen-Orientierung nach DIN EN ISO 9001:2015 zertifiziert.<\/li>\n<\/ol>\n<ol start=\"6\">\n<li>Als Mitglieder- und Fachverband, dessen Haltung auf Werten wie Freiheit, Gleichheit, Gerechtigkeit und Solidarit\u00e4t basiert, beziehen wir in dialogischen Aushandlungsprozessen auch strukturell Position gegen Diskriminierung, Ungleichwertigkeit und soziale Ungleichheit. Einen besonderen Schwerpunkt legen wir dabei auf Kinderrechte (UN-Kinderrechtskonvention) und den Kinderschutz. U.a. betreiben wir aktiv Pr\u00e4vention, achten auf Anzeichen von sexualisierter Gewalt und gehen auf Basis unseres Kinderschutzkonzepts fachlich fundiert mit diesen um.<\/li>\n<\/ol>\n<ol start=\"7\">\n<li>Familien in NRW stehen wir auch direkt als Ansprechpartner*in und als Sprachrohr zur Verf\u00fcgung. Anfragen werden von uns selbst oder durch Verweis auf kompetente Partner*innen bearbeitet &#8211; insbesondere wenn individuelle Beratung oder Hilfeleistungen erforderlich scheinen. Aufgeworfene Themen mit \u00fcberregionaler Bedeutung finden Ber\u00fccksichtigung in unserer Gremien- und Bildungsarbeit.<\/li>\n<\/ol>\n<h3><strong>Wie wir unsere Bildungsarbeit gestalten<\/strong><\/h3>\n<p>Unsere Bildungsangebote finden als Wochenendseminare, Familienbildungsurlaube, Kurse, offene Treffs, Qualifizierungskurse u.\u00e4. statt, von denen der \u00fcberwiegende Teil mit einem erg\u00e4nzenden oder integrierten p\u00e4dagogischen Kinderprogramm angeboten wird. Wir arbeiten stets an neuen, innovativen, zum Teil digitalen und vermehrt barrierearmen sowie inklusiv gestalteten bzw. geb\u00fchrenfreien Angeboten, um deren Passgenauigkeit zu erh\u00f6hen und um Zug\u00e4nge f\u00fcr alle noch weiter zu erleichtern.<\/p>\n<p>Mit Hilfe von teilnehmendenorientierten Konzepten sowie partizipativen und dialogischen Formaten f\u00f6rdern wir aktiv die Teilnahme aller Interessierten sowie spezieller Zielgruppen wie Alleinerziehende, Kinderreiche, sozio\u00f6konomisch Benachteiligte, Familien mit chronisch kranken Familienmitgliedern oder solchen mit Behinderungen, Regenbogenfamilien, Familien mit Fluchterfahrungen, Familien in besonderen Belastungssituationen usw. Diese finden oftmals in Kooperation mit anderen (Bildungs-)Einrichtungen wie Elterninitiativen und Familienzentren sowie \u00f6rtlichen Organisationen statt, so dass sich lokale und unterst\u00fctzende Netzwerke bilden k\u00f6nnen. Durch gemeinsam geplante Exkursionen in den Sozialraum lernen die Interessierten vielf\u00e4ltige Angebote und Hilfestrukturen in ihrer N\u00e4he wahr- und anzunehmen. Mit Einsatz von kooperativen Gruppenaktivit\u00e4ten st\u00e4rken wir das Gef\u00fchl von Zugeh\u00f6rigkeit und Solidarit\u00e4t und unterst\u00fctzen die Netzwerkbildung vor Ort. Bei mehrt\u00e4gigen Veranstaltungen erm\u00f6glicht ein inkludierter Bildungsausflug zu au\u00dferschulischen Lernorten neue Erfahrungshorizonte. Das Erlebte wird gemeinsam in Austauschrunden reflektiert und kann in den eigenen Familien- und Arbeitsalltag transferiert werden.<\/p>\n<p>Dieses Leitbild ist die progressive Grundlage unserer Arbeit. Es unterliegt einer st\u00e4ndigen Weiterentwicklung und stellt damit eine Einladung f\u00fcr alle Interessierten zum Mitmachen dar \u2013 denn: <strong>P<\/strong>ositives.<strong>E<\/strong>rleben.<strong>V<\/strong>erbindet.<\/p>\n<\/div><\/section><\/div>\n<\/div><\/div><\/div><!-- close content main div --><\/div><\/div><div id='av-layout-grid-3'  class='av-layout-grid-container av-av_layout_row-231f577a7721308906f5786fadbe4d9d entry-content-wrapper main_color av-fixed-cells  avia-builder-el-14  el_after_av_one_full  avia-builder-el-last  grid-row-not-first  container_wrap sidebar_right'  >\n\n<style type=\"text\/css\" data-created_by=\"avia_inline_auto\" id=\"style-css-av-av_cell_one_half-10b3c61ae7567e39638090b9e96da951\">\n.flex_cell.av-av_cell_one_half-10b3c61ae7567e39638090b9e96da951{\nvertical-align:top;\nheight:2px;\nmin-height:2px;\nbackground-color:#e3effc;\n}\n.responsive #top #wrap_all .flex_cell.av-av_cell_one_half-10b3c61ae7567e39638090b9e96da951{\npadding:10px 0px 0px 0px !important;\n}\n<\/style>\n<div class='flex_cell av-av_cell_one_half-10b3c61ae7567e39638090b9e96da951 av-gridrow-cell av_one_half no_margin  avia-builder-el-15  el_before_av_cell_one_half  avia-builder-el-first ' ><div class='flex_cell_inner'><\/div><\/div>\n<style type=\"text\/css\" data-created_by=\"avia_inline_auto\" id=\"style-css-av-av_cell_one_half-e031babe12f2c0367274691937e3b173\">\n.flex_cell.av-av_cell_one_half-e031babe12f2c0367274691937e3b173{\nvertical-align:top;\nheight:2px;\nmin-height:2px;\nbackground-color:#e3effc;\n}\n.responsive #top #wrap_all .flex_cell.av-av_cell_one_half-e031babe12f2c0367274691937e3b173{\npadding:9px 0px 0px 0px !important;\n}\n<\/style>\n<div class='flex_cell av-av_cell_one_half-e031babe12f2c0367274691937e3b173 av-gridrow-cell av_one_half no_margin  avia-builder-el-16  el_after_av_cell_one_half  avia-builder-el-last ' ><div class='flex_cell_inner'><\/div><\/div>\n<\/div>\n","protected":false},"excerpt":{"rendered":"","protected":false},"author":1,"featured_media":0,"parent":0,"menu_order":0,"comment_status":"closed","ping_status":"closed","template":"","meta":{"footnotes":""},"_links":{"self":[{"href":"https:\/\/pevnw.com\/cms\/wp-json\/wp\/v2\/pages\/1624"}],"collection":[{"href":"https:\/\/pevnw.com\/cms\/wp-json\/wp\/v2\/pages"}],"about":[{"href":"https:\/\/pevnw.com\/cms\/wp-json\/wp\/v2\/types\/page"}],"author":[{"embeddable":true,"href":"https:\/\/pevnw.com\/cms\/wp-json\/wp\/v2\/users\/1"}],"replies":[{"embeddable":true,"href":"https:\/\/pevnw.com\/cms\/wp-json\/wp\/v2\/comments?post=1624"}],"version-history":[{"count":10,"href":"https:\/\/pevnw.com\/cms\/wp-json\/wp\/v2\/pages\/1624\/revisions"}],"predecessor-version":[{"id":7549,"href":"https:\/\/pevnw.com\/cms\/wp-json\/wp\/v2\/pages\/1624\/revisions\/7549"}],"wp:attachment":[{"href":"https:\/\/pevnw.com\/cms\/wp-json\/wp\/v2\/media?parent=1624"}],"curies":[{"name":"wp","href":"https:\/\/api.w.org\/{rel}","templated":true}]}}