{"id":1622,"date":"2017-09-11T22:48:52","date_gmt":"2017-09-11T20:48:52","guid":{"rendered":"http:\/\/pevnw.com\/cms\/?page_id=1622"},"modified":"2026-01-20T16:15:17","modified_gmt":"2026-01-20T15:15:17","slug":"projekte","status":"publish","type":"page","link":"https:\/\/pevnw.com\/cms\/projekte\/","title":{"rendered":"Projekte"},"content":{"rendered":"<div id='full_slider_1'  class='avia-fullwidth-slider main_color avia-shadow   avia-builder-el-0  el_before_av_layout_row  avia-builder-el-first   container_wrap sidebar_right'  >\n<style type=\"text\/css\" data-created_by=\"avia_inline_auto\" id=\"style-css-av-ue9ojq-b6cf91fbca6124ef49ff4f5ee10fef86\">\n#top #wrap_all .avia-slideshow .av-slideshow-caption.av-ue9ojq-b6cf91fbca6124ef49ff4f5ee10fef86__0 .avia-caption-title{\nfont-size:30px;\n}\n<\/style>\n<div  class='avia-slideshow av-ue9ojq-b6cf91fbca6124ef49ff4f5ee10fef86 avia-slideshow-no scaling av_slideshow_full avia-slide-slider av-slideshow-ui av-control-default av-slideshow-manual av-loop-once av-loop-manual-endless av-default-height-applied   avia-slideshow-1' data-slideshow-options=\"{&quot;animation&quot;:&quot;slide&quot;,&quot;autoplay&quot;:false,&quot;loop_autoplay&quot;:&quot;once&quot;,&quot;interval&quot;:5,&quot;loop_manual&quot;:&quot;manual-endless&quot;,&quot;autoplay_stopper&quot;:false,&quot;noNavigation&quot;:false,&quot;bg_slider&quot;:false,&quot;keep_padding&quot;:false,&quot;hoverpause&quot;:false,&quot;show_slide_delay&quot;:0}\"  itemprop=\"image\" itemscope=\"itemscope\" itemtype=\"https:\/\/schema.org\/ImageObject\" ><ul class='avia-slideshow-inner ' style='padding-bottom: 27.7456647399%;'><li  class='avia-slideshow-slide av-ue9ojq-b6cf91fbca6124ef49ff4f5ee10fef86__0  av-single-slide slide-1 slide-odd'><div data-rel='slideshow-1' class='avia-slide-wrap '   ><div class='av-slideshow-caption av-ue9ojq-b6cf91fbca6124ef49ff4f5ee10fef86__0 caption_fullwidth caption_bottom caption_bottom_framed caption_framed'><div class=\"container caption_container\"><div class=\"slideshow_caption\"><div class=\"slideshow_inner_caption\"><div class=\"slideshow_align_caption\"><h2 class='avia-caption-title '  itemprop=\"name\" >Projekte<\/h2><\/div><\/div><\/div><\/div><\/div><img decoding=\"async\" class=\"wp-image-15 avia-img-lazy-loading-not-15\"  src=\"https:\/\/pevnw.com\/cms\/wp-content\/uploads\/2017\/05\/Bildschirmfoto-2017-05-18-um-14.05.37.png\" width=\"1384\" height=\"384\" title='Bildschirmfoto 2017-05-18 um 14.05.37' alt=''  itemprop=\"thumbnailUrl\" srcset=\"https:\/\/pevnw.com\/cms\/wp-content\/uploads\/2017\/05\/Bildschirmfoto-2017-05-18-um-14.05.37.png 1384w, https:\/\/pevnw.com\/cms\/wp-content\/uploads\/2017\/05\/Bildschirmfoto-2017-05-18-um-14.05.37-300x83.png 300w, https:\/\/pevnw.com\/cms\/wp-content\/uploads\/2017\/05\/Bildschirmfoto-2017-05-18-um-14.05.37-768x213.png 768w, https:\/\/pevnw.com\/cms\/wp-content\/uploads\/2017\/05\/Bildschirmfoto-2017-05-18-um-14.05.37-1030x286.png 1030w, https:\/\/pevnw.com\/cms\/wp-content\/uploads\/2017\/05\/Bildschirmfoto-2017-05-18-um-14.05.37-705x196.png 705w, https:\/\/pevnw.com\/cms\/wp-content\/uploads\/2017\/05\/Bildschirmfoto-2017-05-18-um-14.05.37-450x125.png 450w\" sizes=\"(max-width: 1384px) 100vw, 1384px\" \/><\/div><\/li><\/ul><\/div><\/div>\n<div id='av-layout-grid-1'  class='av-layout-grid-container av-rtlk8m-254f3584bcf69dfeda37cce36ba1f458 entry-content-wrapper main_color av-fixed-cells  avia-builder-el-1  el_after_av_slideshow_full  el_before_av_layout_row  grid-row-not-first  container_wrap sidebar_right'  >\n\n<style type=\"text\/css\" data-created_by=\"avia_inline_auto\" id=\"style-css-av-phlas6-c59f559dbba1e685cdbd2db96c4534da\">\n.flex_cell.av-phlas6-c59f559dbba1e685cdbd2db96c4534da{\nvertical-align:top;\nheight:2px;\nmin-height:2px;\nbackground-color:#eb600a;\n}\n.responsive #top #wrap_all .flex_cell.av-phlas6-c59f559dbba1e685cdbd2db96c4534da{\npadding:5px 0px 0px 0px !important;\n}\n<\/style>\n<div class='flex_cell av-phlas6-c59f559dbba1e685cdbd2db96c4534da av-gridrow-cell av_one_fourth no_margin av-hide-on-mobile  avia-builder-el-2  el_before_av_cell_one_fourth  avia-builder-el-first ' ><div class='flex_cell_inner'>\n<style type=\"text\/css\" data-created_by=\"avia_inline_auto\" id=\"style-css-av-o4qgvq-5f0fda4bc91865a0716008193ddb53e1\">\n#top .av_textblock_section.av-o4qgvq-5f0fda4bc91865a0716008193ddb53e1 .avia_textblock{\nfont-size:15px;\ncolor:#ffffff;\n}\n<\/style>\n<section  class='av_textblock_section av-o4qgvq-5f0fda4bc91865a0716008193ddb53e1'  itemscope=\"itemscope\" itemtype=\"https:\/\/schema.org\/CreativeWork\" ><div class='avia_textblock av_inherit_color'  itemprop=\"text\" ><p style=\"text-align: right;\">Bildungsangebote f\u00fcr Familien<\/p>\n<\/div><\/section>\n<\/div><\/div>\n<style type=\"text\/css\" data-created_by=\"avia_inline_auto\" id=\"style-css-av-n400uu-433fa2cc1c40d2f928c67c94621a8ce4\">\n.flex_cell.av-n400uu-433fa2cc1c40d2f928c67c94621a8ce4{\nvertical-align:top;\nheight:2px;\nmin-height:2px;\nbackground-color:#eb600a;\n}\n.responsive #top #wrap_all .flex_cell.av-n400uu-433fa2cc1c40d2f928c67c94621a8ce4{\npadding:0 0px 0px 0px !important;\n}\n<\/style>\n<div class='flex_cell av-n400uu-433fa2cc1c40d2f928c67c94621a8ce4 av-gridrow-cell av_one_fourth no_margin  avia-builder-el-4  el_after_av_cell_one_fourth  el_before_av_cell_one_fourth ' ><div class='flex_cell_inner'><\/div><\/div>\n<style type=\"text\/css\" data-created_by=\"avia_inline_auto\" id=\"style-css-av-kughue-b7f1281a3110927ff5322c203cee7e5e\">\n.flex_cell.av-kughue-b7f1281a3110927ff5322c203cee7e5e{\nvertical-align:top;\nheight:2px;\nmin-height:2px;\nbackground-color:#eb600a;\n}\n.responsive #top #wrap_all .flex_cell.av-kughue-b7f1281a3110927ff5322c203cee7e5e{\npadding:0px 0px 0px 0px !important;\n}\n<\/style>\n<div class='flex_cell av-kughue-b7f1281a3110927ff5322c203cee7e5e av-gridrow-cell av_one_fourth no_margin av-hide-on-mobile  avia-builder-el-5  el_after_av_cell_one_fourth  el_before_av_cell_one_fourth  av-zero-padding' ><div class='flex_cell_inner'>\n<style type=\"text\/css\" data-created_by=\"avia_inline_auto\" id=\"style-css-av-jmxht2-c63bcd2587f4517c8ff2436fce97d229\">\n#top .av_textblock_section.av-jmxht2-c63bcd2587f4517c8ff2436fce97d229 .avia_textblock{\nfont-size:15px;\ncolor:#ffffff;\n}\n<\/style>\n<section  class='av_textblock_section av-jmxht2-c63bcd2587f4517c8ff2436fce97d229'  itemscope=\"itemscope\" itemtype=\"https:\/\/schema.org\/CreativeWork\" ><div class='avia_textblock av_inherit_color'  itemprop=\"text\" ><p style=\"text-align: right;\">Telefon: 02323 &#8211; 49317 60<\/p>\n<\/div><\/section>\n<\/div><\/div>\n<style type=\"text\/css\" data-created_by=\"avia_inline_auto\" id=\"style-css-av-hkzo6u-08eb563f25386086ed0af7577a440c87\">\n.flex_cell.av-hkzo6u-08eb563f25386086ed0af7577a440c87{\nvertical-align:top;\nheight:2px;\nmin-height:2px;\nbackground-color:#eb600a;\n}\n.responsive #top #wrap_all .flex_cell.av-hkzo6u-08eb563f25386086ed0af7577a440c87{\npadding:0px 0px 0px 0px !important;\n}\n<\/style>\n<div class='flex_cell av-hkzo6u-08eb563f25386086ed0af7577a440c87 av-gridrow-cell av_one_fourth no_margin av-hide-on-mobile  avia-builder-el-7  el_after_av_cell_one_fourth  avia-builder-el-last  av-zero-padding' ><div class='flex_cell_inner'>\n<style type=\"text\/css\" data-created_by=\"avia_inline_auto\" id=\"style-css-av-fz6hcm-28888ca8e05fd8e02e0d560ab6223a25\">\n#top .av_textblock_section.av-fz6hcm-28888ca8e05fd8e02e0d560ab6223a25 .avia_textblock{\nfont-size:15px;\ncolor:#ffffff;\n}\n<\/style>\n<section  class='av_textblock_section av-fz6hcm-28888ca8e05fd8e02e0d560ab6223a25'  itemscope=\"itemscope\" itemtype=\"https:\/\/schema.org\/CreativeWork\" ><div class='avia_textblock av_inherit_color'  itemprop=\"text\" ><p style=\"text-align: center;\">Mail: info@pevnrw.de<\/p>\n<\/div><\/section>\n<\/div><\/div>\n<\/div>\n<div id='av-layout-grid-2'  class='av-layout-grid-container av-elwnbq-a0e519d9f9b0790e8c12ccecf0649ff6 entry-content-wrapper main_color av-fixed-cells  avia-builder-el-9  el_after_av_layout_row  el_before_av_one_full  grid-row-not-first  container_wrap sidebar_right'  >\n\n<style type=\"text\/css\" data-created_by=\"avia_inline_auto\" id=\"style-css-av-br5g12-9d196cd4d9148a91beb82004727aa907\">\n.flex_cell.av-br5g12-9d196cd4d9148a91beb82004727aa907{\nvertical-align:top;\nheight:2px;\nmin-height:2px;\nbackground-color:#e3effc;\n}\n.responsive #top #wrap_all .flex_cell.av-br5g12-9d196cd4d9148a91beb82004727aa907{\npadding:10px 0px 0px 0px !important;\n}\n<\/style>\n<div class='flex_cell av-br5g12-9d196cd4d9148a91beb82004727aa907 av-gridrow-cell av_one_half no_margin  avia-builder-el-10  el_before_av_cell_one_half  avia-builder-el-first ' ><div class='flex_cell_inner'><\/div><\/div>\n<style type=\"text\/css\" data-created_by=\"avia_inline_auto\" id=\"style-css-av-adl3x2-eb787c9f6f4efe4d55c5a9e8904d798c\">\n.flex_cell.av-adl3x2-eb787c9f6f4efe4d55c5a9e8904d798c{\nvertical-align:top;\nheight:2px;\nmin-height:2px;\nbackground-color:#e3effc;\n}\n.responsive #top #wrap_all .flex_cell.av-adl3x2-eb787c9f6f4efe4d55c5a9e8904d798c{\npadding:9px 0px 0px 0px !important;\n}\n<\/style>\n<div class='flex_cell av-adl3x2-eb787c9f6f4efe4d55c5a9e8904d798c av-gridrow-cell av_one_half no_margin  avia-builder-el-11  el_after_av_cell_one_half  avia-builder-el-last ' ><div class='flex_cell_inner'><\/div><\/div>\n<\/div><div id='after_grid_row_2'  class='main_color av_default_container_wrap container_wrap sidebar_right'  ><div class='container av-section-cont-open' ><div class='template-page content  av-content-small alpha units'><div class='post-entry post-entry-type-page post-entry-1622'><div class='entry-content-wrapper clearfix'>\n\n<style type=\"text\/css\" data-created_by=\"avia_inline_auto\" id=\"style-css-av-8sz006-3cf078874c0ec1a8346bb4c37869d54f\">\n.flex_column.av-8sz006-3cf078874c0ec1a8346bb4c37869d54f{\n-webkit-border-radius:0px 0px 0px 0px;\n-moz-border-radius:0px 0px 0px 0px;\nborder-radius:0px 0px 0px 0px;\npadding:0px 0px 0px 0px;\n}\n<\/style>\n<div class='flex_column av-8sz006-3cf078874c0ec1a8346bb4c37869d54f av_one_full  avia-builder-el-12  el_after_av_layout_row  el_before_av_layout_row  avia-builder-el-no-sibling  first flex_column_div av-zero-column-padding '     ><section  class='av_textblock_section av-80nu6u-b83883316faf87099dfb6735f53d8685'  itemscope=\"itemscope\" itemtype=\"https:\/\/schema.org\/CreativeWork\" ><div class='avia_textblock'  itemprop=\"text\" ><h2><strong>#FamConnect <\/strong>\u2013 seit 2026<\/h2>\n<h4><span style=\"font-size: 16px;\"><strong>Kompetent handeln f\u00fcr Inklusion und gegen Vorurteile<\/strong><\/span><\/h4>\n<p>Mit dem Projekt #FamConnect grf\u00f6rdert durch Aktion Mensch schaffen wir neue Zug\u00e4nge zu einer inklusiven Familienbildung, die Barrieren abbaut und eine vorurteilsbewusste Haltung f\u00f6rdert. Ziel ist es, sowohl Familien und p\u00e4dagogische Fachkr\u00e4fte \u2013 insbesondere ehrenamtliche sowie frei- und nebenberufliche Akteur*innen \u2013 zu st\u00e4rken. Ein besonderer Fokus liegt dabei auf Familien und Fachkr\u00e4ften, die bisher nur selten an den bestehenden Pr\u00e4senzformaten teilhaben konnten. Dazu geh\u00f6ren insbesondere Alleinerziehende, pflegende Angeh\u00f6rige, Menschen mit sozialen \u00c4ngsten sowie Familien und Fachkr\u00e4fte, die unter Mehrfachbelastungen stehen.<\/p>\n<p>Um die bisher schwer erreichbaren Zielgruppen tats\u00e4chlich zu erreichen, setzt #FamConnect auf zeit- und ortsunabh\u00e4ngige Angebote, die digitale und analoge Formate kombinieren. Geplant sind vielf\u00e4ltige Mini-Lerneinheiten in Form von analogen und digitalen &#8220;Wissenssnacks&#8221;, Lernh\u00e4ppchen &amp; Praxisimpulsen, Elternbriefe, Podcasts, Erkl\u00e4rvideos, digitale Q&amp;A-Webtalks sowie Infoabende und Workshops \u2013 alle barrierearm und an den konkreten Bedarfen von Familien und Fachkr\u00e4ften ausgerichtet. So k\u00f6nnen Familien und Fachkr\u00e4fte erreicht werden, die durch klassische Pr\u00e4senzangebote \u2013 trotz unterst\u00fctzender Ma\u00dfnahmen wie Kinderbetreuung \u2013 bislang ausgeschlossen blieben, sei es aufgrund von zeitlichen Einschr\u00e4nkungen, Barrieren oder individuellen Belastungen.<\/p>\n<p>Das Projekt verfolgt vier zentrale Ziele:<\/p>\n<ul>\n<li>Neue Zug\u00e4nge schaffen: Familien und Fachkr\u00e4fte erreichen, die bislang ausgeschlossen blieben<\/li>\n<li>Vielfaltskompetenz st\u00e4rken: Familienbildner*innen in inklusiver, vorurteilsbewusster Praxis qualifizieren<\/li>\n<li>Eltern empowern: Familien in einer vorurteilsbewussten Erziehung st\u00e4rken und Vielfalt f\u00f6rdern<\/li>\n<li>Institutionen transformieren: Strukturen kritisch hinterfragen, Barrieren abbauen und nachhaltige Angebote etablieren<\/li>\n<\/ul>\n<h5>Projektleitung:<\/h5>\n<p><strong>Dana Meyer<\/strong> (dana.meyer@pevnrw.de)<\/p>\n<p><img loading=\"lazy\" decoding=\"async\" class=\"alignnone size-medium wp-image-9025\" src=\"https:\/\/pevnw.com\/cms\/wp-content\/uploads\/AM_Foerder_Logo_RGB-300x176.png\" alt=\"\" width=\"300\" height=\"176\" srcset=\"https:\/\/pevnw.com\/cms\/wp-content\/uploads\/AM_Foerder_Logo_RGB-300x176.png 300w, https:\/\/pevnw.com\/cms\/wp-content\/uploads\/AM_Foerder_Logo_RGB-1030x605.png 1030w, https:\/\/pevnw.com\/cms\/wp-content\/uploads\/AM_Foerder_Logo_RGB-768x451.png 768w, https:\/\/pevnw.com\/cms\/wp-content\/uploads\/AM_Foerder_Logo_RGB-705x414.png 705w, https:\/\/pevnw.com\/cms\/wp-content\/uploads\/AM_Foerder_Logo_RGB.png 1182w\" sizes=\"(max-width: 300px) 100vw, 300px\" \/><\/p>\n<h2><strong>K\/WIR in K\u00f6ln<\/strong> \u2013 seit 2023<\/h2>\n<h4><span style=\"color: #000000; font-size: 16px;\">Queere Familienmitglieder erfahren Unterst\u00fctzung<\/span><\/h4>\n<p>Das von der Stadt K\u00f6ln gef\u00f6rderte Projekt ist ein erweitertes niederschwelliges Familienbildungsangebot in Kooperation mit einschl\u00e4gigen Fachstellen auf kommunaler Ebene. Das Projekt versteht sich entsprechend des PEV-Leitbildes als beteiligungsorientiertes Entwicklungsprojekt mit niederschwelligen Zugangs- und Mitwirkungsm\u00f6glichkeiten und m\u00f6chte K\u00f6lner Familien insbesondere durch Mehrtagesveranstaltungen an sog. &#8216;Dritten Orten&#8217; ansprechen. Ziel ist die F\u00f6rderung famili\u00e4rer Resilienz, Community-Empowerment und ein respektvoller Umgang mit queeren Themen im famili\u00e4ren Kontext.<\/p>\n<p>Durch die Ma\u00dfnahmen und Angebote des Projekts sollen queere (Wahl-)Familien und LGBTIQ* Familienmitglieder, die in K\u00f6ln wohnen, gegenseitige sowie familienp\u00e4dagogische Unterst\u00fctzung in Fragen der famili\u00e4ren Alltags-, der partnerschaftlichen Beziehungs- sowie der pers\u00f6nlichen Kommunikationsgestaltung (insbesondere gegen\u00fcber Kindertageseinrichtungen, Beh\u00f6rden sowie Grund- und weiterf\u00fchrenden Schulen) lebensweltorientiert und niederschwellig erfahren. Die Veranstaltungen finden in inklusiven, familienfreundlichen Beherbergungsbetrieben statt und werden durch ein qualifiziertes Team p\u00e4dagogisch begleitet; die Ausschreibung der Veranstaltungen erfolgt vor allem \u00fcber die Social-Media-Kan\u00e4le des Projekts, diese Website sowie Verteiler von Netzwerkpartner*innen. Das Projekt wird fortw\u00e4hrend evaluiert und dokumentiert.<\/p>\n<h5>Projektleitung:<\/h5>\n<p><strong>Dana Meyer<\/strong> (dana.meyer@pevnrw.de)<\/p>\n<p><span style=\"color: #ffffff;\">.<\/span><img loading=\"lazy\" decoding=\"async\" class=\"wp-image-8903 alignnone\" src=\"https:\/\/pevnw.com\/cms\/wp-content\/uploads\/Logo-Stadt-Koeln-300x65.png\" alt=\"\" width=\"249\" height=\"54\" srcset=\"https:\/\/pevnw.com\/cms\/wp-content\/uploads\/Logo-Stadt-Koeln-300x65.png 300w, https:\/\/pevnw.com\/cms\/wp-content\/uploads\/Logo-Stadt-Koeln-705x153.png 705w, https:\/\/pevnw.com\/cms\/wp-content\/uploads\/Logo-Stadt-Koeln.png 768w\" sizes=\"(max-width: 249px) 100vw, 249px\" \/><span style=\"color: #ffffff;\">.<\/span><\/p>\n<h2><strong>Digitalisierte Familienbildungspraxis <\/strong>\u2013 2022<strong><br \/>\n<\/strong><\/h2>\n<h4>Modernisierung und Nachhaltigkeit in der landesweit operierenden Familienbildung des PEV<\/h4>\n<p><img loading=\"lazy\" decoding=\"async\" class=\"alignleft\" src=\"https:\/\/pevnw.com\/cms\/wp-content\/uploads\/REACT-EU_LOGO_JPG_RGB.jpg\" alt=\"React-EU\" width=\"340\" height=\"79\" \/><\/p>\n<p>F\u00fcr eine landesweit und dezentral operierende Einrichtung wie die PEV-Familienbildungsst\u00e4tte (PEV-FBS) ist es von besonderer Bedeutung, dem Anspruch gerecht werden zu k\u00f6nnen, zeitgem\u00e4\u00dfe virtuelle, hybride und IT-gest\u00fctzte Angebote umsetzen zu k\u00f6nnen.<\/p>\n<p>Entsprechend wird im Rahmen des Projektes <em>&#8220;Digitalisierte Familienbildungspraxis&#8221;<\/em> die Hardware-Infrastruktur und IT-Ausstattung langfristig verbessert, um die Voraussetzungen f\u00fcr eine digitale, medienbasierte und hybride Angebotsrealisierung in der Einrichtung zu modernisieren. Der stetig steigenden Nachfrage nach medienbildnerischen (Fort-)Bildungsformaten f\u00fcr Eltern und p\u00e4dagogische Fachkr\u00e4fte kommt die PEV-FBS durch bereits entwickelte Module, Bausteine und Fachkonzepte seit einigen Jahren nach. Diese Angebotssegmente k\u00f6nnen nun durch innovative und zeitgem\u00e4\u00dfe (transportable) Hardware-Optionen erg\u00e4nzt werden.<\/p>\n<p>Mit den Projektmitteln wird 2022 der Wandel zu einer nachhaltig digitalisierten Einrichtung eingeleitet, indem bew\u00e4hrte Formate an familienp\u00e4dagogisch sinnvollen Stellen digital erg\u00e4nzt und innovative Digitalangebote weiterf\u00fchrend implementiert werden k\u00f6nnen. Zudem werden im Rahmen des Vorhabens unter Einbeziehung von Honorarkr\u00e4ften, Teilnehmer*innen und deren Kindern nachhaltige Strategien zur langj\u00e4hrigen Nutzung dieser erg\u00e4nzenden IT-Ausstattungen erarbeitet. <em>Dieses Projekt wird als Teil der Reaktion der Europ\u00e4ischen Union auf die COVID-19-Pandemie gef\u00f6rdert.<\/em><\/p>\n<h5>Projektleitung:<\/h5>\n<p><strong>Manuel Becker<\/strong> (manuel.becker@pevnrw.de)<\/p>\n<h2><strong>\u201eWIR !!! \u2013 Wer sonst? \u2013 Familien gehen ihren Weg<\/strong>\u201c \u2013 2008-2022<\/h2>\n<p>Das von der Stadt K\u00f6ln bereits seit Herbst 2008 gef\u00f6rderte Projekt ist ein erweitertes niederschwelliges Familienbildungsangebot in Kooperation mit ausgew\u00e4hlten K\u00f6lner Grundschulen, verschiedenen umliegenden Kindertageseinrichtungen sowie den \u00f6rtlichen Tr\u00e4gern der Offenen-Ganztags-Betreuung (OGS).<br \/>\nDas Projekt versteht sich \u2013 entsprechend der PEV-Philosophie \u2013 als beteiligungsorientiertes Entwicklungsprojekt mit niederschwelligen Zugangs- und Mitwirkungsm\u00f6glichkeiten. Es hat sich zum Ziel gesetzt, Kommunikation in der Schule \u2013 speziell zwischen den Eltern \u2013 zu f\u00f6rdern und Schul- und Familienthemen aufzugreifen. Dabei werden im dialogischen Ansatz mit den Eltern Kompetenzzugewinne erreicht und F\u00f6rderstrategien der Familien zur St\u00e4rkung von Resilienzfaktoren der Kinder entfaltet. Das Projekt findet in enger Zusammenarbeit und st\u00e4ndigem Austausch mit den Schulleitungen und den OGS-Anbietern vor Ort statt.<\/p>\n<h5>Projektleitung:<\/h5>\n<p><strong>Martina Bajohr\/Regine Walter<br \/>\n<\/strong><\/p>\n<h2><strong>\u201eSchule gemeinsam gestalten&#8221; (SGG) <\/strong><span style=\"color: #333333;\">\u2013 2018-2019<\/span><strong><br \/>\n<\/strong><\/h2>\n<p>Das Angebot richtet sich an alle Schulgemeindemitglieder eines Schulstandorts (Schulleitung und Lehrerkollegium, P\u00e4dagog*innen und Fachkr\u00e4fte aus den Bereichen Sonderp\u00e4dagogik, Integration, Offener-Ganztag, Schulsozialarbeit sowie Sch\u00fcler*innen und Eltern\/ Erziehungsberechtigte) und wird seit dem Schuljahr 2018\/19 mit drei Bochumer Grundschulen durchgef\u00fchrt (Grundschule Leithe, Feldsieperschule mit Au\u00dfenstandort, Gertrudisschule).<\/p>\n<p>Auf der Grundlage gelingender Praxis sollen als \u00fcbergeordnetes Ziel zusammen mit allen Gruppen bzw. aus allen Perspektiven der Schulgemeinde Barrieren und Hindernisse aufgesp\u00fcrt werden, die eine uneingeschr\u00e4nkte Teilhabe am gemeinsamen Leben und Lernen am Schulstandort bislang noch erschweren. Diese sollten dann gezielt abgebaut und zu weiteren Angeboten sowie zur Ver\u00e4nderung des Schulprogramms hin zu mehr Partizipation f\u00fchren.<\/p>\n<p>Entwicklung, Konzeption, Auswertung und Datenaufbereitung durch den Progressiven Eltern- und Erzieherverband (PEV) NW e.V. im Rahmen einer quantitativen und qualitativen Fallstudie. Steuerung, Beratung und Begleitung durch ein externes Moderationsteam:<\/p>\n<p><strong>Familienbildungsreferentin des PEV NRW e.V.<\/strong>: Unterst\u00fctzung einer offenen Kommunikation und Haltung sowie Herstellung von Transparenz insbesondere im Hinblick auf die Bedarfe und Interessen der Sch\u00fcler*innen und Eltern<\/p>\n<p><strong>Inklusionsmoderatorin des Kompetenzteams Bochum<\/strong>: inklusiv-strukturelle und organisatorische Optimierungsma\u00dfnahmen und deren Verankerungsm\u00f6glichkeiten im Schulsystem<\/p>\n<p><strong>Schulentwicklungsberater der Stadt Bochum: <\/strong>passgenaue Abstimmung des Unterst\u00fctzungsangebots auf den Bedarf des jeweiligen\u00a0 Lehrerkollegiums<\/p>\n<p>Eine Projekt\u00fcbersicht k\u00f6nnen Sie als Schema hier einsehen: <a href=\"https:\/\/pevnw.com\/cms\/wp-content\/uploads\/Poster-SGG_Teil1.pdf\" target=\"_blank\" rel=\"noopener noreferrer\">Poster I<\/a> (Ziele und Vorgehensweise) und <a href=\"https:\/\/pevnw.com\/cms\/wp-content\/uploads\/Poster-SGG_Teil2.pdf\" target=\"_blank\" rel=\"noopener noreferrer\">Poster II<\/a> (Erhebungseckdaten und Praxisumsetzung)<\/p>\n<p>Das Projekt war eingebettet in das RuhrFutur-Programm &#8220;Eltern und Schulen&#8221;, an dem sich der PEV neben SGG an verschiedenen Stellen mit unterschiedlichen Mikroprojekten beteiligt hat. Die Ergebnisse des Programms mitsamt den Projektdokumentationen finden Sie <a href=\"https:\/\/www.eltern-und-schulen.de\/\" target=\"_blank\" rel=\"noopener\">hier<\/a>!<\/p>\n<h5>Projektleitung:<\/h5>\n<p><strong>Angelika L\u00fccke<\/strong> (angelika.luecke@pevnrw.de)<\/p>\n<h2>\u201e<strong>Familien in WAT \u2013 fit und gesund<\/strong>\u201c <span style=\"color: #333333;\">\u2013 2018-2019<\/span><strong><br \/>\n<\/strong><\/h2>\n<p>Der Kurztitel des Projekts \u201eIntegrierte sozialraumorientierte Gesundheitsf\u00f6rderung und -bildung\u201c sagt, worum es geht: Familien sollen in Wattenscheid-Mitte ab sofort noch mehr gest\u00e4rkt bzw. Selbstwirksamkeit und Vertrauen in die eigenen F\u00e4higkeiten gef\u00f6rdert werden. Dabei wird das Projekt vom Gesundheitsamt der Stadt Bochum und dem Stadtteilmanagement der Sozialen Stadt Wattenscheid bis Ende 2019 unterst\u00fctzt; finanziell wird es durch das Land Nordrhein-Westfalen und den Europ\u00e4ischen Sozialfond (ESF) gef\u00f6rdert.<\/p>\n<p>Aufbauend auf die lange Netzwerkarbeit des Sozialraumes von Wattenscheid-Mitte und ankn\u00fcpfend an bereits erfolgreiche Angebotsformate in enger Kooperation mit den Partnern (wie Familienzentren und Schulen, Kultur- und Sportvereine, Beratungsstellen, u.a.) m\u00f6chte der PEV weiterf\u00fchrende Aktivit\u00e4ten und neue Ideen ganz speziell f\u00fcr Wattenscheider Familien mit Kindern zwischen 3 und 10 Jahren entwickeln und anbieten, die die Themen <em>Gesundheit durch Bewegung<\/em>, <em>Ern\u00e4hrung mit saisonalen Produkten<\/em>,\u00a0 <em>Erlebnisse in der Natur<\/em>, z. B. beim Schwimmen oder Parcoursport und in den Mittelpunkt stellen. In einem wertsch\u00e4tzenden Austausch mit Eltern und Kindern werden ihre Anregungen und Expertisen aufgegriffen; diese flie\u00dfen in die Angebote mit ein. Somit kann eine nachhaltige Unterst\u00fctzungsstruktur f\u00fcr starke und gesunde Familien etabliert werden, die sich damit in die Pr\u00e4ventionskette im Bereich vorschulischer und grundschulischer Entwicklung einreiht.<\/p>\n<p>Im Zuge des Stadterneuerungsprozesses <em>Soziale Stadt Wattenscheid<\/em> haben sich die Projektpartner bereits Ende 2016 um F\u00f6rdermittel aus dem Landesprogramm &#8220;Starke Quartiere \u2013 starke Menschen&#8221; beworben. Mit der Zusage Anfang des Jahres 2018 hat Wattenscheid ein umfangreiches und effektives Gesundheitsf\u00f6rderprogramm gewonnen.<\/p>\n<p>Konkret handelt es sich um<\/p>\n<ul>\n<li>Schwimmprojekte in der 2.- 4. Klasse an der Gertrudisschule<\/li>\n<li>Familienbildungsseminare des PEV NRW e.V. mit Schulen aus Bochum<\/li>\n<li>Familienbildungsseminare zu den Themen &#8220;Sprachf\u00f6rderung&#8221; und &#8220;Gemeinsam Ernten und Kochen\u201c mit kooperierenden Familienzentren in 2018<\/li>\n<li>Gesundheitswoche an der Gertrudisschule<\/li>\n<li>Parcour-Workshop mit dem TV Kronenburg e.V. in den Sommerferien<\/li>\n<li><a href=\"https:\/\/pevnw.com\/cms\/wp-content\/uploads\/PEV_Flyer-FiZ_SQSM.pdf\">&#8220;FiZ&#8221; &#8211; Familie im Zentrum<\/a><\/li>\n<li>Netzwerkarbeit im Stadtteil Wattenscheid-Mitte<\/li>\n<li>Gartenprojekte in Kooperationen mit Familienzentren und Kleingartenanlagen in Wattenscheid-Mitte<\/li>\n<li>u.v.m.<\/li>\n<\/ul>\n<h5>Projektkontakt:<\/h5>\n<p><strong>Angelika L\u00fccke<\/strong> (angelika.luecke@pevnrw.de)<\/p>\n<\/div><\/section><\/div><\/div><\/div><\/div><!-- close content main div --><\/div><\/div><div id='av-layout-grid-3'  class='av-layout-grid-container av-6ic8ye-10e25f00cfca44eeb7998ac742983733 entry-content-wrapper main_color av-fixed-cells  avia-builder-el-14  el_after_av_one_full  avia-builder-el-last  grid-row-not-first  container_wrap sidebar_right'  >\n\n<style type=\"text\/css\" data-created_by=\"avia_inline_auto\" id=\"style-css-av-3kjira-bf853fb4e469032ade8cb052fe41cac3\">\n.flex_cell.av-3kjira-bf853fb4e469032ade8cb052fe41cac3{\nvertical-align:top;\nheight:2px;\nmin-height:2px;\nbackground-color:#e3effc;\n}\n.responsive #top #wrap_all .flex_cell.av-3kjira-bf853fb4e469032ade8cb052fe41cac3{\npadding:10px 0px 0px 0px !important;\n}\n<\/style>\n<div class='flex_cell av-3kjira-bf853fb4e469032ade8cb052fe41cac3 av-gridrow-cell av_one_half no_margin  avia-builder-el-15  el_before_av_cell_one_half  avia-builder-el-first ' ><div class='flex_cell_inner'><\/div><\/div>\n<style type=\"text\/css\" data-created_by=\"avia_inline_auto\" id=\"style-css-av-2jti5y-e50156ea5e798bcd68da4176ebaca1f9\">\n.flex_cell.av-2jti5y-e50156ea5e798bcd68da4176ebaca1f9{\nvertical-align:top;\nheight:2px;\nmin-height:2px;\nbackground-color:#e3effc;\n}\n.responsive #top #wrap_all .flex_cell.av-2jti5y-e50156ea5e798bcd68da4176ebaca1f9{\npadding:9px 0px 0px 0px !important;\n}\n<\/style>\n<div class='flex_cell av-2jti5y-e50156ea5e798bcd68da4176ebaca1f9 av-gridrow-cell av_one_half no_margin  avia-builder-el-16  el_after_av_cell_one_half  avia-builder-el-last ' ><div class='flex_cell_inner'><\/div><\/div>\n<\/div><\/p>\n","protected":false},"excerpt":{"rendered":"","protected":false},"author":1,"featured_media":0,"parent":0,"menu_order":0,"comment_status":"closed","ping_status":"closed","template":"","meta":{"footnotes":""},"_links":{"self":[{"href":"https:\/\/pevnw.com\/cms\/wp-json\/wp\/v2\/pages\/1622"}],"collection":[{"href":"https:\/\/pevnw.com\/cms\/wp-json\/wp\/v2\/pages"}],"about":[{"href":"https:\/\/pevnw.com\/cms\/wp-json\/wp\/v2\/types\/page"}],"author":[{"embeddable":true,"href":"https:\/\/pevnw.com\/cms\/wp-json\/wp\/v2\/users\/1"}],"replies":[{"embeddable":true,"href":"https:\/\/pevnw.com\/cms\/wp-json\/wp\/v2\/comments?post=1622"}],"version-history":[{"count":10,"href":"https:\/\/pevnw.com\/cms\/wp-json\/wp\/v2\/pages\/1622\/revisions"}],"predecessor-version":[{"id":9037,"href":"https:\/\/pevnw.com\/cms\/wp-json\/wp\/v2\/pages\/1622\/revisions\/9037"}],"wp:attachment":[{"href":"https:\/\/pevnw.com\/cms\/wp-json\/wp\/v2\/media?parent=1622"}],"curies":[{"name":"wp","href":"https:\/\/api.w.org\/{rel}","templated":true}]}}