{"id":1617,"date":"2017-09-11T22:42:26","date_gmt":"2017-09-11T20:42:26","guid":{"rendered":"http:\/\/pevnw.com\/cms\/?page_id=1617"},"modified":"2025-11-28T13:53:09","modified_gmt":"2025-11-28T12:53:09","slug":"verband","status":"publish","type":"page","link":"https:\/\/pevnw.com\/cms\/verband\/","title":{"rendered":"Verband"},"content":{"rendered":"<div id='full_slider_1'  class='avia-fullwidth-slider main_color avia-shadow   avia-builder-el-0  el_before_av_layout_row  avia-builder-el-first   container_wrap sidebar_right'  >\n<style type=\"text\/css\" data-created_by=\"avia_inline_auto\" id=\"style-css-av-uubj0h-b4ba4ef2bb8b43855734d7a23db4f716\">\n#top #wrap_all .avia-slideshow .av-slideshow-caption.av-uubj0h-b4ba4ef2bb8b43855734d7a23db4f716__0 .avia-caption-title{\nfont-size:30px;\n}\n<\/style>\n<div  class='avia-slideshow av-uubj0h-b4ba4ef2bb8b43855734d7a23db4f716 avia-slideshow-no scaling av_slideshow_full avia-slide-slider av-slideshow-ui av-control-default av-slideshow-manual av-loop-once av-loop-manual-endless av-default-height-applied   avia-slideshow-1' data-slideshow-options=\"{&quot;animation&quot;:&quot;slide&quot;,&quot;autoplay&quot;:false,&quot;loop_autoplay&quot;:&quot;once&quot;,&quot;interval&quot;:5,&quot;loop_manual&quot;:&quot;manual-endless&quot;,&quot;autoplay_stopper&quot;:false,&quot;noNavigation&quot;:false,&quot;bg_slider&quot;:false,&quot;keep_padding&quot;:false,&quot;hoverpause&quot;:false,&quot;show_slide_delay&quot;:0}\"  itemprop=\"image\" itemscope=\"itemscope\" itemtype=\"https:\/\/schema.org\/ImageObject\" ><ul class='avia-slideshow-inner ' style='padding-bottom: 27.7456647399%;'><li  class='avia-slideshow-slide av-uubj0h-b4ba4ef2bb8b43855734d7a23db4f716__0  av-single-slide slide-1 slide-odd'><div data-rel='slideshow-1' class='avia-slide-wrap '   ><div class='av-slideshow-caption av-uubj0h-b4ba4ef2bb8b43855734d7a23db4f716__0 caption_fullwidth caption_bottom caption_bottom_framed caption_framed'><div class=\"container caption_container\"><div class=\"slideshow_caption\"><div class=\"slideshow_inner_caption\"><div class=\"slideshow_align_caption\"><h2 class='avia-caption-title '  itemprop=\"name\" >Verband<\/h2><\/div><\/div><\/div><\/div><\/div><img decoding=\"async\" class=\"wp-image-15 avia-img-lazy-loading-not-15\"  src=\"https:\/\/pevnw.com\/cms\/wp-content\/uploads\/2017\/05\/Bildschirmfoto-2017-05-18-um-14.05.37.png\" width=\"1384\" height=\"384\" title='Bildschirmfoto 2017-05-18 um 14.05.37' alt=''  itemprop=\"thumbnailUrl\" srcset=\"https:\/\/pevnw.com\/cms\/wp-content\/uploads\/2017\/05\/Bildschirmfoto-2017-05-18-um-14.05.37.png 1384w, https:\/\/pevnw.com\/cms\/wp-content\/uploads\/2017\/05\/Bildschirmfoto-2017-05-18-um-14.05.37-300x83.png 300w, https:\/\/pevnw.com\/cms\/wp-content\/uploads\/2017\/05\/Bildschirmfoto-2017-05-18-um-14.05.37-768x213.png 768w, https:\/\/pevnw.com\/cms\/wp-content\/uploads\/2017\/05\/Bildschirmfoto-2017-05-18-um-14.05.37-1030x286.png 1030w, https:\/\/pevnw.com\/cms\/wp-content\/uploads\/2017\/05\/Bildschirmfoto-2017-05-18-um-14.05.37-705x196.png 705w, https:\/\/pevnw.com\/cms\/wp-content\/uploads\/2017\/05\/Bildschirmfoto-2017-05-18-um-14.05.37-450x125.png 450w\" sizes=\"(max-width: 1384px) 100vw, 1384px\" \/><\/div><\/li><\/ul><\/div><\/div>\n<div id='av-layout-grid-1'  class='av-layout-grid-container av-2spxnl-54e87d2609d3b2887500cc5d36feadb2 entry-content-wrapper main_color av-fixed-cells  avia-builder-el-1  el_after_av_slideshow_full  el_before_av_layout_row  grid-row-not-first  container_wrap sidebar_right'  >\n\n<style type=\"text\/css\" data-created_by=\"avia_inline_auto\" id=\"style-css-av-pmc4gx-1332ac2350d47cf7ef98823ed6e492e5\">\n.flex_cell.av-pmc4gx-1332ac2350d47cf7ef98823ed6e492e5{\nvertical-align:top;\nheight:2px;\nmin-height:2px;\nbackground-color:#eb600a;\n}\n.responsive #top #wrap_all .flex_cell.av-pmc4gx-1332ac2350d47cf7ef98823ed6e492e5{\npadding:5px 0px 0px 0px !important;\n}\n<\/style>\n<div class='flex_cell av-pmc4gx-1332ac2350d47cf7ef98823ed6e492e5 av-gridrow-cell av_one_fourth no_margin av-hide-on-mobile  avia-builder-el-2  el_before_av_cell_one_fourth  avia-builder-el-first ' ><div class='flex_cell_inner'>\n<style type=\"text\/css\" data-created_by=\"avia_inline_auto\" id=\"style-css-av-njxl01-aefe12bdbfc2753f828b5fbf7609053a\">\n#top .av_textblock_section.av-njxl01-aefe12bdbfc2753f828b5fbf7609053a .avia_textblock{\nfont-size:15px;\ncolor:#ffffff;\n}\n<\/style>\n<section  class='av_textblock_section av-njxl01-aefe12bdbfc2753f828b5fbf7609053a'  itemscope=\"itemscope\" itemtype=\"https:\/\/schema.org\/CreativeWork\" ><div class='avia_textblock av_inherit_color'  itemprop=\"text\" ><p style=\"text-align: right;\">Bildungsangebote f\u00fcr Familien<\/p>\n<\/div><\/section>\n<\/div><\/div>\n<style type=\"text\/css\" data-created_by=\"avia_inline_auto\" id=\"style-css-av-mgu9f5-c1d5de355ff49a7ec2526952abf97cab\">\n.flex_cell.av-mgu9f5-c1d5de355ff49a7ec2526952abf97cab{\nvertical-align:top;\nheight:2px;\nmin-height:2px;\nbackground-color:#eb600a;\n}\n.responsive #top #wrap_all .flex_cell.av-mgu9f5-c1d5de355ff49a7ec2526952abf97cab{\npadding:0 0px 0px 0px !important;\n}\n<\/style>\n<div class='flex_cell av-mgu9f5-c1d5de355ff49a7ec2526952abf97cab av-gridrow-cell av_one_fourth no_margin  avia-builder-el-4  el_after_av_cell_one_fourth  el_before_av_cell_one_fourth ' ><div class='flex_cell_inner'><\/div><\/div>\n<style type=\"text\/css\" data-created_by=\"avia_inline_auto\" id=\"style-css-av-l921ld-56ecf02556490eeade35135dba09f246\">\n.flex_cell.av-l921ld-56ecf02556490eeade35135dba09f246{\nvertical-align:top;\nheight:2px;\nmin-height:2px;\nbackground-color:#eb600a;\n}\n.responsive #top #wrap_all .flex_cell.av-l921ld-56ecf02556490eeade35135dba09f246{\npadding:0px 0px 0px 0px !important;\n}\n<\/style>\n<div class='flex_cell av-l921ld-56ecf02556490eeade35135dba09f246 av-gridrow-cell av_one_fourth no_margin av-hide-on-mobile  avia-builder-el-5  el_after_av_cell_one_fourth  el_before_av_cell_one_fourth  av-zero-padding' ><div class='flex_cell_inner'>\n<style type=\"text\/css\" data-created_by=\"avia_inline_auto\" id=\"style-css-av-jfqd3l-22a1665e04144bb01836da2404919e40\">\n#top .av_textblock_section.av-jfqd3l-22a1665e04144bb01836da2404919e40 .avia_textblock{\nfont-size:15px;\ncolor:#ffffff;\n}\n<\/style>\n<section  class='av_textblock_section av-jfqd3l-22a1665e04144bb01836da2404919e40'  itemscope=\"itemscope\" itemtype=\"https:\/\/schema.org\/CreativeWork\" ><div class='avia_textblock av_inherit_color'  itemprop=\"text\" ><p style=\"text-align: right;\">Telefon: 02323 493 17-60<\/p>\n<\/div><\/section>\n<\/div><\/div>\n<style type=\"text\/css\" data-created_by=\"avia_inline_auto\" id=\"style-css-av-hlrbk1-f97c545c8efc7740fca25625ba177d17\">\n.flex_cell.av-hlrbk1-f97c545c8efc7740fca25625ba177d17{\nvertical-align:top;\nheight:2px;\nmin-height:2px;\nbackground-color:#eb600a;\n}\n.responsive #top #wrap_all .flex_cell.av-hlrbk1-f97c545c8efc7740fca25625ba177d17{\npadding:0px 0px 0px 0px !important;\n}\n<\/style>\n<div class='flex_cell av-hlrbk1-f97c545c8efc7740fca25625ba177d17 av-gridrow-cell av_one_fourth no_margin av-hide-on-mobile  avia-builder-el-7  el_after_av_cell_one_fourth  avia-builder-el-last  av-zero-padding' ><div class='flex_cell_inner'>\n<style type=\"text\/css\" data-created_by=\"avia_inline_auto\" id=\"style-css-av-g19xe9-a0ba7086d8238d93b267e40ac7cf95b9\">\n#top .av_textblock_section.av-g19xe9-a0ba7086d8238d93b267e40ac7cf95b9 .avia_textblock{\nfont-size:15px;\ncolor:#ffffff;\n}\n<\/style>\n<section  class='av_textblock_section av-g19xe9-a0ba7086d8238d93b267e40ac7cf95b9'  itemscope=\"itemscope\" itemtype=\"https:\/\/schema.org\/CreativeWork\" ><div class='avia_textblock av_inherit_color'  itemprop=\"text\" ><p style=\"text-align: center;\">Mail: info@pevnrw.de<\/p>\n<\/div><\/section>\n<\/div><\/div>\n<\/div>\n<div id='av-layout-grid-2'  class='av-layout-grid-container av-edl801-832703d370f14d6a9085205179f5ddc1 entry-content-wrapper main_color av-fixed-cells  avia-builder-el-9  el_after_av_layout_row  el_before_av_one_full  grid-row-not-first  container_wrap sidebar_right'  >\n\n<style type=\"text\/css\" data-created_by=\"avia_inline_auto\" id=\"style-css-av-d4hun5-3e41eca88e81dbc623e7ed751a011ac1\">\n.flex_cell.av-d4hun5-3e41eca88e81dbc623e7ed751a011ac1{\nvertical-align:top;\nheight:2px;\nmin-height:2px;\nbackground-color:#e3effc;\n}\n.responsive #top #wrap_all .flex_cell.av-d4hun5-3e41eca88e81dbc623e7ed751a011ac1{\npadding:10px 0px 0px 0px !important;\n}\n<\/style>\n<div class='flex_cell av-d4hun5-3e41eca88e81dbc623e7ed751a011ac1 av-gridrow-cell av_one_half no_margin  avia-builder-el-10  el_before_av_cell_one_half  avia-builder-el-first ' ><div class='flex_cell_inner'><\/div><\/div>\n<style type=\"text\/css\" data-created_by=\"avia_inline_auto\" id=\"style-css-av-aqxfkx-cd9dbce258174823bf2eccf3550b4090\">\n.flex_cell.av-aqxfkx-cd9dbce258174823bf2eccf3550b4090{\nvertical-align:top;\nheight:2px;\nmin-height:2px;\nbackground-color:#e3effc;\n}\n.responsive #top #wrap_all .flex_cell.av-aqxfkx-cd9dbce258174823bf2eccf3550b4090{\npadding:9px 0px 0px 0px !important;\n}\n<\/style>\n<div class='flex_cell av-aqxfkx-cd9dbce258174823bf2eccf3550b4090 av-gridrow-cell av_one_half no_margin  avia-builder-el-11  el_after_av_cell_one_half  avia-builder-el-last ' ><div class='flex_cell_inner'><\/div><\/div>\n<\/div><div id='after_grid_row_2'  class='main_color av_default_container_wrap container_wrap sidebar_right'  ><div class='container av-section-cont-open' ><div class='template-page content  av-content-small alpha units'><div class='post-entry post-entry-type-page post-entry-1617'><div class='entry-content-wrapper clearfix'>\n\n<style type=\"text\/css\" data-created_by=\"avia_inline_auto\" id=\"style-css-av-8q9wmp-1dfcf9fd6a9c4abcd4e6d5a060e77d32\">\n.flex_column.av-8q9wmp-1dfcf9fd6a9c4abcd4e6d5a060e77d32{\n-webkit-border-radius:0px 0px 0px 0px;\n-moz-border-radius:0px 0px 0px 0px;\nborder-radius:0px 0px 0px 0px;\npadding:0px 0px 0px 0px;\n}\n<\/style>\n<div class='flex_column av-8q9wmp-1dfcf9fd6a9c4abcd4e6d5a060e77d32 av_one_full  avia-builder-el-12  el_after_av_layout_row  el_before_av_layout_row  avia-builder-el-no-sibling  first flex_column_div av-zero-column-padding '     ><section  class='av_textblock_section av-ozt81-8337ad4920990f3d12a445d669727339'  itemscope=\"itemscope\" itemtype=\"https:\/\/schema.org\/CreativeWork\" ><div class='avia_textblock'  itemprop=\"text\" ><h2>\u00dcber den PEV<\/h2>\n<p>Anfang der 1970er Jahre entstand die Initiative, in Nordrhein-Westfalen einen Eltern- und Erzieherverband zu gr\u00fcnden. Den Gr\u00fcndungsv\u00e4tern und -m\u00fcttern kam es darauf an, einen gesellschaftlich links-progressiv ausgerichteten Familienverband zu platzieren, der sich absetzen sollte von bis dahin im wesentlichen kirchlich-konservativ gepr\u00e4gten Familien- und Weltbildern. Dabei ging es um die Offenheit der Familienformen, gleichberechtigte Rollenwahrnehmung, reformp\u00e4dagogische und sozialistische Erziehungsans\u00e4tze und vor allem die Aktivierung und Beteiligung von Eltern und Familien. Das Resultat dieser Bestrebungen und \u00dcberlegungen war die Gr\u00fcndung des <em>Progressiven Eltern- und Erzieherverbands NW e.V. (PEV)<\/em>, der seit 2022 <em><strong>Progressiver Eltern- und Erzieher*innen-Verband NRW e.V. (PEV)<\/strong><\/em> hei\u00dft.<strong><br \/>\n<\/strong><\/p>\n<p>Der Verband wird durch den <strong>Landesvorstand<\/strong> nach au\u00dfen vertreten sowie durch die <strong>Revision<\/strong> bei der F\u00fchrung seiner Gesch\u00e4fte kontrolliert:<\/p>\n<ul>\n<li><em>Landesvorsitzende:<\/em> Ann-Christin Grote (Bochum)<\/li>\n<li><em>Stellvertretende Landesvorsitzende:<\/em> Vinzenz Hauet (Essen; <a href=\"https:\/\/www.falkennrw.de\/\" target=\"_blank\" rel=\"noopener\">SJD &#8211; Die Falken LV NRW<\/a>) &amp; Antje Kassem (Bochum)<\/li>\n<li><em>Beisitzer*innen:<\/em> Laura Nagelschmidt (K\u00f6ln), Ebru Kurnaz (Duisburg), Nils Dartsch (Bochum), Andrea Schindler (Herne)\u00a0&amp; Pia Breker (Bochum)<\/li>\n<li><em>Revisor*innen:<\/em> Markus Klein (Dortmund), Karl-Heinz Walter (K\u00f6ln) &amp; Maike Stiel (Recklinghausen;\u00a0<a href=\"https:\/\/www.falkennrw.de\/\" target=\"_blank\" rel=\"noopener\">SJD &#8211; Die Falken LV NRW<\/a>)<\/li>\n<\/ul>\n<p>Von Anfang an geh\u00f6rten zur Arbeit mit Elterngruppen und -initiativen auch offene (Familien-)Bildungsangebote dazu, die sich meist an die ganze Familie richteten und bis heute eine partizipative Form des von- und miteinander Lernens praktizieren. Aus dieser Zeit stammt die starke Orientierung der PEV-Familienbildungsarbeit auf Wochenend- und Mehrtagesveranstaltungen sowie der p\u00e4dagogische Umgang und die altersgem\u00e4\u00df aktive Einbeziehung der Kinder im Sinne eines systemischen Entwicklungsprozesses.<\/p>\n<p>Der Verband ist als Organisation \u00fcberregionaler und \u00f6rtlicher Familienbildung (in <a href=\"http:\/\/pevnw.com\/cms\/projekte\/\">Projekten<\/a> &amp; mit seiner <a href=\"http:\/\/pevnw.com\/cms\/unsere-bildungsstaette\/\">Familienbildungsst\u00e4tte<\/a>) familiennah t\u00e4tig:<\/p>\n<ul>\n<li>freistellungsf\u00e4hige Weiterbildungen f\u00fcr Eltern (mit parallelen Kinderprogrammen) \u2013 Familienbildungsurlaube<\/li>\n<li>Stadtteilaktivit\u00e4ten mit sozialr\u00e4umlichem Bezug<\/li>\n<li>Elternkompetenzarbeit in Bildungsarbeit und vor Ort<\/li>\n<li>Fragen der Generationenverst\u00e4ndigung<\/li>\n<li>Sprach- und Integrationsprojekte f\u00fcr Familienmitglieder mit internationaler Familiengeschichte und\/oder Fluchterfahrung<\/li>\n<li>Schul-Elternarbeit und Voranbringen von mehr Sozialp\u00e4dagogik in der Schule<\/li>\n<li>Qualifizierung und Fortbildung von Kindertagespflegepersonen<\/li>\n<li>Treffs f\u00fcr allein- und getrennterziehende Eltern<\/li>\n<li>Angebote f\u00fcr \u201ejunge\u201c Familien als Kurse und Treffs<\/li>\n<li>Elternarbeit, Eltern- und Familienbildung in Tageseinrichtungen f\u00fcr Kinder<\/li>\n<li>Kooperation mit Kindertageseinrichtungen\/Familienzentren, Schulen und Jugendhilfetr\u00e4gern<\/li>\n<li>Familienf\u00f6rderung im Bereich Gesundheitspr\u00e4vention<\/li>\n<li>Austausch mit allgemeinen Bildungswerken und Familienbildungsst\u00e4tten der AWO in NRW<\/li>\n<li>Mitwirkung in landesweiten Innovationsprojekten der Familienbildung<\/li>\n<li>&#8230;<\/li>\n<\/ul>\n<p>Der PEV NRW e.V. ist korporatives Mitglied der <a href=\"https:\/\/www.awo-ww.de\/\">Arbeiterwohlfahrt (Bezirk Westliches Westfalen)<\/a> und engagiert sich dar\u00fcber in der Bildungs- und Familienpolitik sowie im <a href=\"https:\/\/www.familienbildung-in-nrw.de\" target=\"_blank\" rel=\"noopener\">Fachausschuss Familienbildung<\/a>. Unser Verband kooperiert mit verschiedenen Arbeitsgemeinschaften nordrhein-westf\u00e4lischer Wohlfahrtsverb\u00e4nde auf den Ebenen Familienbildung\/-politik sowie in Fachforen oder B\u00fcndnissen. Der PEV ist ferner im <a href=\"http:\/\/www.zukunftsforum-familie.de\"><em>Zukunftsforum Familie (ZFF)<\/em><\/a> auf Bundesebene politisch t\u00e4tig. Als schulform\u00fcbergreifender Elternverband befindet sich der PEV zudem im Austausch mit anderen Schulelternvereinen und vertritt elterliche Interessen gegen\u00fcber dem nordrhein-westf\u00e4lischen Schulministerium. Zudem ist der PEV aktives Mitglied der Landesarbeitsgemeinschaft Familie NRW (<a href=\"https:\/\/www.lagf-nrw.de\/\" target=\"_blank\" rel=\"noopener\"><em>LAG Familie<\/em><\/a>), in welcher die \u00fcberregionalen Familienselbsthilfeorganisationen und landesweiten Familienverb\u00e4nde zusammengeschlossen sind.<\/p>\n<h2>Im Dialog mit dem PEV&#8230;<\/h2>\n<p>Als Ansprech- und Dialogpartner*in k\u00f6nnen uns Eltern und Elterngruppen zwischen montags und freitags zwischen 9:00 Uhr und 14:00 Uhr \u00fcber Telefon und Email kontaktieren. Sollte unsere Gesch\u00e4ftsstelle in Ausnahmef\u00e4llen nicht erreichbar sein, melden wir uns zuverl\u00e4ssig binnen 2 Wochentagen zur\u00fcck. In Schulferien- und Urlaubszeiten wird unser Betrieb eingeschr\u00e4nkt aufrechterhalten.<\/p>\n<\/div><\/section><\/div><\/div><\/div><\/div><!-- close content main div --><\/div><\/div><div id='av-layout-grid-3'  class='av-layout-grid-container av-6b0m7l-ad60197703264573b45560ac2103b40e entry-content-wrapper main_color av-fixed-cells  avia-builder-el-14  el_after_av_one_full  avia-builder-el-last  grid-row-not-first  container_wrap sidebar_right'  >\n\n<style type=\"text\/css\" data-created_by=\"avia_inline_auto\" id=\"style-css-av-4b43hd-25163d3d74d303e092f8d32782a770db\">\n.flex_cell.av-4b43hd-25163d3d74d303e092f8d32782a770db{\nvertical-align:top;\nheight:2px;\nmin-height:2px;\nbackground-color:#e3effc;\n}\n.responsive #top #wrap_all .flex_cell.av-4b43hd-25163d3d74d303e092f8d32782a770db{\npadding:10px 0px 0px 0px !important;\n}\n<\/style>\n<div class='flex_cell av-4b43hd-25163d3d74d303e092f8d32782a770db av-gridrow-cell av_one_half no_margin  avia-builder-el-15  el_before_av_cell_one_half  avia-builder-el-first ' ><div class='flex_cell_inner'><\/div><\/div>\n<style type=\"text\/css\" data-created_by=\"avia_inline_auto\" id=\"style-css-av-1vmnup-3a716471a69c340d882437a4fe43733a\">\n.flex_cell.av-1vmnup-3a716471a69c340d882437a4fe43733a{\nvertical-align:top;\nheight:2px;\nmin-height:2px;\nbackground-color:#e3effc;\n}\n.responsive #top #wrap_all .flex_cell.av-1vmnup-3a716471a69c340d882437a4fe43733a{\npadding:9px 0px 0px 0px !important;\n}\n<\/style>\n<div class='flex_cell av-1vmnup-3a716471a69c340d882437a4fe43733a av-gridrow-cell av_one_half no_margin  avia-builder-el-16  el_after_av_cell_one_half  avia-builder-el-last ' ><div class='flex_cell_inner'><\/div><\/div>\n<\/div><\/p>\n","protected":false},"excerpt":{"rendered":"","protected":false},"author":1,"featured_media":0,"parent":0,"menu_order":0,"comment_status":"closed","ping_status":"closed","template":"","meta":{"footnotes":""},"_links":{"self":[{"href":"https:\/\/pevnw.com\/cms\/wp-json\/wp\/v2\/pages\/1617"}],"collection":[{"href":"https:\/\/pevnw.com\/cms\/wp-json\/wp\/v2\/pages"}],"about":[{"href":"https:\/\/pevnw.com\/cms\/wp-json\/wp\/v2\/types\/page"}],"author":[{"embeddable":true,"href":"https:\/\/pevnw.com\/cms\/wp-json\/wp\/v2\/users\/1"}],"replies":[{"embeddable":true,"href":"https:\/\/pevnw.com\/cms\/wp-json\/wp\/v2\/comments?post=1617"}],"version-history":[{"count":10,"href":"https:\/\/pevnw.com\/cms\/wp-json\/wp\/v2\/pages\/1617\/revisions"}],"predecessor-version":[{"id":8946,"href":"https:\/\/pevnw.com\/cms\/wp-json\/wp\/v2\/pages\/1617\/revisions\/8946"}],"wp:attachment":[{"href":"https:\/\/pevnw.com\/cms\/wp-json\/wp\/v2\/media?parent=1617"}],"curies":[{"name":"wp","href":"https:\/\/api.w.org\/{rel}","templated":true}]}}