{"id":1591,"date":"2017-08-18T15:50:00","date_gmt":"2017-08-18T13:50:00","guid":{"rendered":"http:\/\/pevnw.com\/cms\/?page_id=1591"},"modified":"2025-07-25T14:39:17","modified_gmt":"2025-07-25T12:39:17","slug":"bereichskonzept10","status":"publish","type":"page","link":"https:\/\/pevnw.com\/cms\/bereichskonzept10\/","title":{"rendered":"Bereichskonzept10"},"content":{"rendered":"<div id='full_slider_1'  class='avia-fullwidth-slider main_color avia-shadow   avia-builder-el-0  el_before_av_layout_row  avia-builder-el-first   container_wrap sidebar_right'  >\n<style type=\"text\/css\" data-created_by=\"avia_inline_auto\" id=\"style-css-av-xf9i8n-36104db00cb464e4f41d966d62d01b82\">\n#top #wrap_all .avia-slideshow .av-slideshow-caption.av-xf9i8n-36104db00cb464e4f41d966d62d01b82__0 .avia-caption-title{\nfont-size:30px;\n}\n<\/style>\n<div  class='avia-slideshow av-xf9i8n-36104db00cb464e4f41d966d62d01b82 avia-slideshow-no scaling av_slideshow_full avia-slide-slider av-slideshow-ui av-control-default av-slideshow-manual av-loop-once av-loop-manual-endless av-default-height-applied   avia-slideshow-1' data-slideshow-options=\"{&quot;animation&quot;:&quot;slide&quot;,&quot;autoplay&quot;:false,&quot;loop_autoplay&quot;:&quot;once&quot;,&quot;interval&quot;:5,&quot;loop_manual&quot;:&quot;manual-endless&quot;,&quot;autoplay_stopper&quot;:false,&quot;noNavigation&quot;:false,&quot;bg_slider&quot;:false,&quot;keep_padding&quot;:false,&quot;hoverpause&quot;:false,&quot;show_slide_delay&quot;:0}\"  itemprop=\"image\" itemscope=\"itemscope\" itemtype=\"https:\/\/schema.org\/ImageObject\" ><ul class='avia-slideshow-inner ' style='padding-bottom: 27.9396984925%;'><li  class='avia-slideshow-slide av-xf9i8n-36104db00cb464e4f41d966d62d01b82__0  av-single-slide slide-1 slide-odd'><div data-rel='slideshow-1' class='avia-slide-wrap '   ><div class='av-slideshow-caption av-xf9i8n-36104db00cb464e4f41d966d62d01b82__0 caption_fullwidth caption_bottom caption_bottom_framed caption_framed'><div class=\"container caption_container\"><div class=\"slideshow_caption\"><div class=\"slideshow_inner_caption\"><div class=\"slideshow_align_caption\"><h2 class='avia-caption-title '  itemprop=\"name\" >Bereichskonzepte<\/h2><\/div><\/div><\/div><\/div><\/div><img decoding=\"async\" class=\"wp-image-1231 avia-img-lazy-loading-not-1231\"  src=\"https:\/\/pevnw.com\/cms\/wp-content\/uploads\/2016\/02\/PEV_2016_Header_08_Feuer_0179.png\" width=\"995\" height=\"278\" title='PEV_2016_Header_08_Feuer_0179' alt=''  itemprop=\"thumbnailUrl\" srcset=\"https:\/\/pevnw.com\/cms\/wp-content\/uploads\/2016\/02\/PEV_2016_Header_08_Feuer_0179.png 995w, https:\/\/pevnw.com\/cms\/wp-content\/uploads\/2016\/02\/PEV_2016_Header_08_Feuer_0179-300x84.png 300w, https:\/\/pevnw.com\/cms\/wp-content\/uploads\/2016\/02\/PEV_2016_Header_08_Feuer_0179-768x215.png 768w, https:\/\/pevnw.com\/cms\/wp-content\/uploads\/2016\/02\/PEV_2016_Header_08_Feuer_0179-705x197.png 705w, https:\/\/pevnw.com\/cms\/wp-content\/uploads\/2016\/02\/PEV_2016_Header_08_Feuer_0179-450x126.png 450w\" sizes=\"(max-width: 995px) 100vw, 995px\" \/><\/div><\/li><\/ul><\/div><\/div>\n<div id='av-layout-grid-1'  class='av-layout-grid-container av-uqkxbb-6c19b46c8f273f0246db5b59f97e321f entry-content-wrapper main_color av-fixed-cells  avia-builder-el-1  el_after_av_slideshow_full  el_before_av_layout_row  grid-row-not-first  container_wrap sidebar_right'  >\n\n<style type=\"text\/css\" data-created_by=\"avia_inline_auto\" id=\"style-css-av-to2e6v-9c6757e05166a7e19ab4ef9f638e81c4\">\n.flex_cell.av-to2e6v-9c6757e05166a7e19ab4ef9f638e81c4{\nvertical-align:top;\nheight:2px;\nmin-height:2px;\nbackground-color:#eb600a;\n}\n.responsive #top #wrap_all .flex_cell.av-to2e6v-9c6757e05166a7e19ab4ef9f638e81c4{\npadding:5px 0px 0px 0px !important;\n}\n<\/style>\n<div class='flex_cell av-to2e6v-9c6757e05166a7e19ab4ef9f638e81c4 av-gridrow-cell av_one_fourth no_margin av-hide-on-mobile  avia-builder-el-2  el_before_av_cell_one_fourth  avia-builder-el-first ' ><div class='flex_cell_inner'>\n<style type=\"text\/css\" data-created_by=\"avia_inline_auto\" id=\"style-css-av-qo9fon-517583725a36886d06175924635c3720\">\n#top .av_textblock_section.av-qo9fon-517583725a36886d06175924635c3720 .avia_textblock{\nfont-size:15px;\ncolor:#ffffff;\n}\n<\/style>\n<section  class='av_textblock_section av-qo9fon-517583725a36886d06175924635c3720'  itemscope=\"itemscope\" itemtype=\"https:\/\/schema.org\/CreativeWork\" ><div class='avia_textblock av_inherit_color'  itemprop=\"text\" ><p style=\"text-align: right;\">Bildungsangebote f\u00fcr Familien<\/p>\n<\/div><\/section>\n<\/div><\/div>\n<style type=\"text\/css\" data-created_by=\"avia_inline_auto\" id=\"style-css-av-2jvfl3-c3668d1428dca8e084462b44c9a74d4c\">\n.flex_cell.av-2jvfl3-c3668d1428dca8e084462b44c9a74d4c{\nvertical-align:top;\nheight:2px;\nmin-height:2px;\nbackground-color:#eb600a;\n}\n.responsive #top #wrap_all .flex_cell.av-2jvfl3-c3668d1428dca8e084462b44c9a74d4c{\npadding:0 0px 0px 0px !important;\n}\n<\/style>\n<div class='flex_cell av-2jvfl3-c3668d1428dca8e084462b44c9a74d4c av-gridrow-cell av_one_fourth no_margin  avia-builder-el-4  el_after_av_cell_one_fourth  el_before_av_cell_one_fourth ' ><div class='flex_cell_inner'><\/div><\/div>\n<style type=\"text\/css\" data-created_by=\"avia_inline_auto\" id=\"style-css-av-nvlgpz-4b685b40141048c0613713f9a3a3f303\">\n.flex_cell.av-nvlgpz-4b685b40141048c0613713f9a3a3f303{\nvertical-align:top;\nheight:2px;\nmin-height:2px;\nbackground-color:#eb600a;\n}\n.responsive #top #wrap_all .flex_cell.av-nvlgpz-4b685b40141048c0613713f9a3a3f303{\npadding:0px 0px 0px 0px !important;\n}\n<\/style>\n<div class='flex_cell av-nvlgpz-4b685b40141048c0613713f9a3a3f303 av-gridrow-cell av_one_fourth no_margin av-hide-on-mobile  avia-builder-el-5  el_after_av_cell_one_fourth  el_before_av_cell_one_fourth  av-zero-padding' ><div class='flex_cell_inner'>\n<style type=\"text\/css\" data-created_by=\"avia_inline_auto\" id=\"style-css-av-mkzv7b-aa96569118800d8026f986b0cb4f270d\">\n#top .av_textblock_section.av-mkzv7b-aa96569118800d8026f986b0cb4f270d .avia_textblock{\nfont-size:15px;\ncolor:#ffffff;\n}\n<\/style>\n<section  class='av_textblock_section av-mkzv7b-aa96569118800d8026f986b0cb4f270d'  itemscope=\"itemscope\" itemtype=\"https:\/\/schema.org\/CreativeWork\" ><div class='avia_textblock av_inherit_color'  itemprop=\"text\" ><p style=\"text-align: right;\">Telefon: 02323 493 17-60<\/p>\n<\/div><\/section>\n<\/div><\/div>\n<style type=\"text\/css\" data-created_by=\"avia_inline_auto\" id=\"style-css-av-lhcebb-c7d7afb21dd689bebf74df6abfe0e49a\">\n.flex_cell.av-lhcebb-c7d7afb21dd689bebf74df6abfe0e49a{\nvertical-align:top;\nheight:2px;\nmin-height:2px;\nbackground-color:#eb600a;\n}\n.responsive #top #wrap_all .flex_cell.av-lhcebb-c7d7afb21dd689bebf74df6abfe0e49a{\npadding:0px 0px 0px 0px !important;\n}\n<\/style>\n<div class='flex_cell av-lhcebb-c7d7afb21dd689bebf74df6abfe0e49a av-gridrow-cell av_one_fourth no_margin av-hide-on-mobile  avia-builder-el-7  el_after_av_cell_one_fourth  avia-builder-el-last  av-zero-padding' ><div class='flex_cell_inner'>\n<style type=\"text\/css\" data-created_by=\"avia_inline_auto\" id=\"style-css-av-jjelvr-d86e268e5309c538d35fd4565749635c\">\n#top .av_textblock_section.av-jjelvr-d86e268e5309c538d35fd4565749635c .avia_textblock{\nfont-size:15px;\ncolor:#ffffff;\n}\n<\/style>\n<section  class='av_textblock_section av-jjelvr-d86e268e5309c538d35fd4565749635c'  itemscope=\"itemscope\" itemtype=\"https:\/\/schema.org\/CreativeWork\" ><div class='avia_textblock av_inherit_color'  itemprop=\"text\" ><p style=\"text-align: center;\">Mail: info@pevnrw.de<\/p>\n<\/div><\/section>\n<\/div><\/div>\n<\/div>\n<div id='av-layout-grid-2'  class='av-layout-grid-container av-htk3k7-36c2fb71ef9156f963f7c8bc2ac11fc2 entry-content-wrapper main_color av-fixed-cells  avia-builder-el-9  el_after_av_layout_row  el_before_av_one_full  grid-row-not-first  container_wrap sidebar_right'  >\n\n<style type=\"text\/css\" data-created_by=\"avia_inline_auto\" id=\"style-css-av-g9b2br-28ef393525e9c2aa2449d5df3b4928bc\">\n.flex_cell.av-g9b2br-28ef393525e9c2aa2449d5df3b4928bc{\nvertical-align:top;\nheight:2px;\nmin-height:2px;\nbackground-color:#e3effc;\n}\n.responsive #top #wrap_all .flex_cell.av-g9b2br-28ef393525e9c2aa2449d5df3b4928bc{\npadding:10px 0px 0px 0px !important;\n}\n<\/style>\n<div class='flex_cell av-g9b2br-28ef393525e9c2aa2449d5df3b4928bc av-gridrow-cell av_one_half no_margin  avia-builder-el-10  el_before_av_cell_one_half  avia-builder-el-first ' ><div class='flex_cell_inner'><\/div><\/div>\n<style type=\"text\/css\" data-created_by=\"avia_inline_auto\" id=\"style-css-av-e4zakn-3f58f881ba09e250b968164e6a8adab0\">\n.flex_cell.av-e4zakn-3f58f881ba09e250b968164e6a8adab0{\nvertical-align:top;\nheight:2px;\nmin-height:2px;\nbackground-color:#e3effc;\n}\n.responsive #top #wrap_all .flex_cell.av-e4zakn-3f58f881ba09e250b968164e6a8adab0{\npadding:9px 0px 0px 0px !important;\n}\n<\/style>\n<div class='flex_cell av-e4zakn-3f58f881ba09e250b968164e6a8adab0 av-gridrow-cell av_one_half no_margin  avia-builder-el-11  el_after_av_cell_one_half  avia-builder-el-last ' ><div class='flex_cell_inner'><\/div><\/div>\n<\/div><div id='after_grid_row_2'  class='main_color av_default_container_wrap container_wrap sidebar_right'  ><div class='container av-section-cont-open' ><div class='template-page content  av-content-small alpha units'><div class='post-entry post-entry-type-page post-entry-1591'><div class='entry-content-wrapper clearfix'>\n\n<style type=\"text\/css\" data-created_by=\"avia_inline_auto\" id=\"style-css-av-19y9p3-5510a03a8220dee914cdaa0c596efef4\">\n.flex_column.av-19y9p3-5510a03a8220dee914cdaa0c596efef4{\n-webkit-border-radius:0px 0px 0px 0px;\n-moz-border-radius:0px 0px 0px 0px;\nborder-radius:0px 0px 0px 0px;\npadding:0px 0px 0px 0px;\n}\n<\/style>\n<div class='flex_column av-19y9p3-5510a03a8220dee914cdaa0c596efef4 av_one_full  avia-builder-el-12  el_after_av_layout_row  el_before_av_one_half  avia-builder-el-first  first flex_column_div av-zero-column-padding '     ><section  class='av_textblock_section av-aswt07-f1f12c5b2b0b6fcad41e53b896f259ee'  itemscope=\"itemscope\" itemtype=\"https:\/\/schema.org\/CreativeWork\" ><div class='avia_textblock'  itemprop=\"text\" ><h2>Angebote f\u00fcr p\u00e4dagogische Fachkr\u00e4fte (10)<\/h2>\n<p>Erziehungs- und Bildungsinstitutionen, wie Kindertageseinrichtungen, Jugend- und Kinderheime, Familienzentren oder Offene-Ganztagsschulen haben einen gesetzlichen Erziehungs- und Bildungsauftrag. Die p\u00e4dagogischen Fachkr\u00e4fte sind dabei f\u00fcr die Umsetzung dieses Auftrags verantwortlich und begleiten die Entwicklung von Kindern und Jugendlichen zu eigenverantwortlichen, sozial handelnden Pers\u00f6nlichkeiten. Damit werden bereits wesentliche Weichen zur F\u00f6rderung von Chancengleichheit und sozialer Gerechtigkeit gestellt.<\/p>\n<p>Neben der Verbesserung der strukturellen Rahmenbedingungen \u2013 wie der Vernetzung mit Fachdiensten und der intensiven Zusammenarbeit mit Eltern und Sorgeverantwortlichen \u2013 spielt die Kompetenz, Haltung und Qualifikation der Fachkr\u00e4fte eine entscheidende Rolle. Wir bieten eine Vielzahl verschiedener Fortbildungen f\u00fcr ausgebildete und angehende Erzieher*innen (sowie andere p\u00e4dagogische Fachkr\u00e4fte) an. Diese Angebote unterst\u00fctzen die Fachkr\u00e4fte dabei, sich und ihre Einrichtungen kontinuierlich weiterzuentwickeln. Die Fortbildungen vermitteln fundiertes Fachwissen, stellen gesellschaftspolitische Zusammenh\u00e4nge dar und bieten Raum f\u00fcr den Austausch sowie die Reflexion eigener p\u00e4dagogischer Erfahrungen. Praxisbeispiele und konkrete Handlungsimpulse helfen den Teilnehmenden, das Erlernte unmittelbar in ihren p\u00e4dagogischen Alltag zu integrieren.<\/p>\n<p>Thematisch decken die Fortbildungen ein breites Spektrum ab, wobei ein besonderer Schwerpunkt auf folgenden Bereichen liegt: Kinderrechtsorientierte Alltagsgestaltung, Partizipation, Erziehungs- und Bildungspartner*innenschaften, Weiterentwicklung einer menschenrechtsorientierten p\u00e4dagogischen Haltung, Anti-Bias und Diversit\u00e4tssensibilit\u00e4t.<\/p>\n<\/div><\/section><\/div>\n<style type=\"text\/css\" data-created_by=\"avia_inline_auto\" id=\"style-css-av-9sid2v-72fe5d87ed163d64357e3132f7ed78db\">\n.flex_column.av-9sid2v-72fe5d87ed163d64357e3132f7ed78db{\n-webkit-border-radius:0px 0px 0px 0px;\n-moz-border-radius:0px 0px 0px 0px;\nborder-radius:0px 0px 0px 0px;\npadding:0px 0px 0px 0px;\n}\n<\/style>\n<div class='flex_column av-9sid2v-72fe5d87ed163d64357e3132f7ed78db av_one_half  avia-builder-el-14  el_after_av_one_full  el_before_av_layout_row  avia-builder-el-last  first flex_column_div av-zero-column-padding column-top-margin'     ><div  class='avia-button-wrap av-7brpd3-02b1acc4d9d44dad71f643fc33ce3066-wrap avia-button-left  avia-builder-el-15  avia-builder-el-no-sibling '><a href='https:\/\/pevnw.com\/cms\/bereichskonzepte-uebersicht\/'  class='avia-button av-7brpd3-02b1acc4d9d44dad71f643fc33ce3066 avia-icon_select-yes-left-icon avia-size-large avia-position-left avia-color-theme-color'  ><span class='avia_button_icon avia_button_icon_left' aria-hidden='true' data-av_icon='\ue830' data-av_iconfont='entypo-fontello'><\/span><span class='avia_iconbox_title' >Zur\u00fcck zur \u00dcbersicht<\/span><\/a><\/div><\/div><\/p>\n<\/div><\/div><\/div><!-- close content main div --><\/div><\/div><div id='av-layout-grid-3'  class='av-layout-grid-container av-5z7l9j-30f5047e73bdc75ac74a8b1b38d1fb69 entry-content-wrapper main_color av-fixed-cells  avia-builder-el-16  el_after_av_one_half  avia-builder-el-last  grid-row-not-first  container_wrap sidebar_right'  >\n\n<style type=\"text\/css\" data-created_by=\"avia_inline_auto\" id=\"style-css-av-3rvsmf-544f980578ee9346bf14b439e6d19f53\">\n.flex_cell.av-3rvsmf-544f980578ee9346bf14b439e6d19f53{\nvertical-align:top;\nheight:2px;\nmin-height:2px;\nbackground-color:#e3effc;\n}\n.responsive #top #wrap_all .flex_cell.av-3rvsmf-544f980578ee9346bf14b439e6d19f53{\npadding:10px 0px 0px 0px !important;\n}\n<\/style>\n<div class='flex_cell av-3rvsmf-544f980578ee9346bf14b439e6d19f53 av-gridrow-cell av_one_half no_margin  avia-builder-el-17  el_before_av_cell_one_half  avia-builder-el-first ' ><div class='flex_cell_inner'><\/div><\/div>\n<style type=\"text\/css\" data-created_by=\"avia_inline_auto\" id=\"style-css-av-2mft7b-1bc050cfea6cba03106cb75adb60907e\">\n.flex_cell.av-2mft7b-1bc050cfea6cba03106cb75adb60907e{\nvertical-align:top;\nheight:2px;\nmin-height:2px;\nbackground-color:#e3effc;\n}\n.responsive #top #wrap_all .flex_cell.av-2mft7b-1bc050cfea6cba03106cb75adb60907e{\npadding:9px 0px 0px 0px !important;\n}\n<\/style>\n<div class='flex_cell av-2mft7b-1bc050cfea6cba03106cb75adb60907e av-gridrow-cell av_one_half no_margin  avia-builder-el-18  el_after_av_cell_one_half  avia-builder-el-last ' ><div class='flex_cell_inner'><\/div><\/div>\n<\/div>\n","protected":false},"excerpt":{"rendered":"","protected":false},"author":1,"featured_media":0,"parent":0,"menu_order":0,"comment_status":"closed","ping_status":"closed","template":"","meta":{"footnotes":""},"_links":{"self":[{"href":"https:\/\/pevnw.com\/cms\/wp-json\/wp\/v2\/pages\/1591"}],"collection":[{"href":"https:\/\/pevnw.com\/cms\/wp-json\/wp\/v2\/pages"}],"about":[{"href":"https:\/\/pevnw.com\/cms\/wp-json\/wp\/v2\/types\/page"}],"author":[{"embeddable":true,"href":"https:\/\/pevnw.com\/cms\/wp-json\/wp\/v2\/users\/1"}],"replies":[{"embeddable":true,"href":"https:\/\/pevnw.com\/cms\/wp-json\/wp\/v2\/comments?post=1591"}],"version-history":[{"count":5,"href":"https:\/\/pevnw.com\/cms\/wp-json\/wp\/v2\/pages\/1591\/revisions"}],"predecessor-version":[{"id":7497,"href":"https:\/\/pevnw.com\/cms\/wp-json\/wp\/v2\/pages\/1591\/revisions\/7497"}],"wp:attachment":[{"href":"https:\/\/pevnw.com\/cms\/wp-json\/wp\/v2\/media?parent=1591"}],"curies":[{"name":"wp","href":"https:\/\/api.w.org\/{rel}","templated":true}]}}