{"id":1579,"date":"2017-08-18T15:03:08","date_gmt":"2017-08-18T13:03:08","guid":{"rendered":"http:\/\/pevnw.com\/cms\/?page_id=1579"},"modified":"2025-07-25T14:28:48","modified_gmt":"2025-07-25T12:28:48","slug":"bereichskonzept6","status":"publish","type":"page","link":"https:\/\/pevnw.com\/cms\/bereichskonzept6\/","title":{"rendered":"Bereichskonzept6"},"content":{"rendered":"<div id='full_slider_1'  class='avia-fullwidth-slider main_color avia-shadow   avia-builder-el-0  el_before_av_layout_row  avia-builder-el-first   container_wrap sidebar_right'  >\n<style type=\"text\/css\" data-created_by=\"avia_inline_auto\" id=\"style-css-av-ybfrrf-339eed4555659f1d7bc95acb898e304e\">\n#top #wrap_all .avia-slideshow .av-slideshow-caption.av-ybfrrf-339eed4555659f1d7bc95acb898e304e__0 .avia-caption-title{\nfont-size:30px;\n}\n<\/style>\n<div  class='avia-slideshow av-ybfrrf-339eed4555659f1d7bc95acb898e304e avia-slideshow-no scaling av_slideshow_full avia-slide-slider av-slideshow-ui av-control-default av-slideshow-manual av-loop-once av-loop-manual-endless av-default-height-applied   avia-slideshow-1' data-slideshow-options=\"{&quot;animation&quot;:&quot;slide&quot;,&quot;autoplay&quot;:false,&quot;loop_autoplay&quot;:&quot;once&quot;,&quot;interval&quot;:5,&quot;loop_manual&quot;:&quot;manual-endless&quot;,&quot;autoplay_stopper&quot;:false,&quot;noNavigation&quot;:false,&quot;bg_slider&quot;:false,&quot;keep_padding&quot;:false,&quot;hoverpause&quot;:false,&quot;show_slide_delay&quot;:0}\"  itemprop=\"image\" itemscope=\"itemscope\" itemtype=\"https:\/\/schema.org\/ImageObject\" ><ul class='avia-slideshow-inner ' style='padding-bottom: 27.9396984925%;'><li  class='avia-slideshow-slide av-ybfrrf-339eed4555659f1d7bc95acb898e304e__0  av-single-slide slide-1 slide-odd'><div data-rel='slideshow-1' class='avia-slide-wrap '   ><div class='av-slideshow-caption av-ybfrrf-339eed4555659f1d7bc95acb898e304e__0 caption_fullwidth caption_bottom caption_bottom_framed caption_framed'><div class=\"container caption_container\"><div class=\"slideshow_caption\"><div class=\"slideshow_inner_caption\"><div class=\"slideshow_align_caption\"><h2 class='avia-caption-title '  itemprop=\"name\" >Bereichskonzepte<\/h2><\/div><\/div><\/div><\/div><\/div><img decoding=\"async\" class=\"wp-image-1231 avia-img-lazy-loading-not-1231\"  src=\"https:\/\/pevnw.com\/cms\/wp-content\/uploads\/2016\/02\/PEV_2016_Header_08_Feuer_0179.png\" width=\"995\" height=\"278\" title='PEV_2016_Header_08_Feuer_0179' alt=''  itemprop=\"thumbnailUrl\" srcset=\"https:\/\/pevnw.com\/cms\/wp-content\/uploads\/2016\/02\/PEV_2016_Header_08_Feuer_0179.png 995w, https:\/\/pevnw.com\/cms\/wp-content\/uploads\/2016\/02\/PEV_2016_Header_08_Feuer_0179-300x84.png 300w, https:\/\/pevnw.com\/cms\/wp-content\/uploads\/2016\/02\/PEV_2016_Header_08_Feuer_0179-768x215.png 768w, https:\/\/pevnw.com\/cms\/wp-content\/uploads\/2016\/02\/PEV_2016_Header_08_Feuer_0179-705x197.png 705w, https:\/\/pevnw.com\/cms\/wp-content\/uploads\/2016\/02\/PEV_2016_Header_08_Feuer_0179-450x126.png 450w\" sizes=\"(max-width: 995px) 100vw, 995px\" \/><\/div><\/li><\/ul><\/div><\/div>\n<div id='av-layout-grid-1'  class='av-layout-grid-container av-33plgb-5cff87efcdefe659202e548d6ada0a26 entry-content-wrapper main_color av-fixed-cells  avia-builder-el-1  el_after_av_slideshow_full  el_before_av_layout_row  grid-row-not-first  container_wrap sidebar_right'  >\n\n<style type=\"text\/css\" data-created_by=\"avia_inline_auto\" id=\"style-css-av-ssh4tn-ea97f864b5f9d61142e32284bcda7399\">\n.flex_cell.av-ssh4tn-ea97f864b5f9d61142e32284bcda7399{\nvertical-align:top;\nheight:2px;\nmin-height:2px;\nbackground-color:#eb600a;\n}\n.responsive #top #wrap_all .flex_cell.av-ssh4tn-ea97f864b5f9d61142e32284bcda7399{\npadding:5px 0px 0px 0px !important;\n}\n<\/style>\n<div class='flex_cell av-ssh4tn-ea97f864b5f9d61142e32284bcda7399 av-gridrow-cell av_one_fourth no_margin av-hide-on-mobile  avia-builder-el-2  el_before_av_cell_one_fourth  avia-builder-el-first ' ><div class='flex_cell_inner'>\n<style type=\"text\/css\" data-created_by=\"avia_inline_auto\" id=\"style-css-av-rphgez-9389738beb703aeb2eaf9cfd8ce3bad8\">\n#top .av_textblock_section.av-rphgez-9389738beb703aeb2eaf9cfd8ce3bad8 .avia_textblock{\nfont-size:15px;\ncolor:#ffffff;\n}\n<\/style>\n<section  class='av_textblock_section av-rphgez-9389738beb703aeb2eaf9cfd8ce3bad8'  itemscope=\"itemscope\" itemtype=\"https:\/\/schema.org\/CreativeWork\" ><div class='avia_textblock av_inherit_color'  itemprop=\"text\" ><p style=\"text-align: right;\">Bildungsangebote f\u00fcr Familien<\/p>\n<\/div><\/section>\n<\/div><\/div>\n<style type=\"text\/css\" data-created_by=\"avia_inline_auto\" id=\"style-css-av-pp82q3-3fac516c0bff7637465bf58d59e77d2d\">\n.flex_cell.av-pp82q3-3fac516c0bff7637465bf58d59e77d2d{\nvertical-align:top;\nheight:2px;\nmin-height:2px;\nbackground-color:#eb600a;\n}\n.responsive #top #wrap_all .flex_cell.av-pp82q3-3fac516c0bff7637465bf58d59e77d2d{\npadding:0 0px 0px 0px !important;\n}\n<\/style>\n<div class='flex_cell av-pp82q3-3fac516c0bff7637465bf58d59e77d2d av-gridrow-cell av_one_fourth no_margin  avia-builder-el-4  el_after_av_cell_one_fourth  el_before_av_cell_one_fourth ' ><div class='flex_cell_inner'><\/div><\/div>\n<style type=\"text\/css\" data-created_by=\"avia_inline_auto\" id=\"style-css-av-nv43pn-06fddfe0119a83a36d9636049fb7e2f9\">\n.flex_cell.av-nv43pn-06fddfe0119a83a36d9636049fb7e2f9{\nvertical-align:top;\nheight:2px;\nmin-height:2px;\nbackground-color:#eb600a;\n}\n.responsive #top #wrap_all .flex_cell.av-nv43pn-06fddfe0119a83a36d9636049fb7e2f9{\npadding:0px 0px 0px 0px !important;\n}\n<\/style>\n<div class='flex_cell av-nv43pn-06fddfe0119a83a36d9636049fb7e2f9 av-gridrow-cell av_one_fourth no_margin av-hide-on-mobile  avia-builder-el-5  el_after_av_cell_one_fourth  el_before_av_cell_one_fourth  av-zero-padding' ><div class='flex_cell_inner'>\n<style type=\"text\/css\" data-created_by=\"avia_inline_auto\" id=\"style-css-av-mvso3v-6425dc2bd3b8cfe8e7442d405e21bba7\">\n#top .av_textblock_section.av-mvso3v-6425dc2bd3b8cfe8e7442d405e21bba7 .avia_textblock{\nfont-size:15px;\ncolor:#ffffff;\n}\n<\/style>\n<section  class='av_textblock_section av-mvso3v-6425dc2bd3b8cfe8e7442d405e21bba7'  itemscope=\"itemscope\" itemtype=\"https:\/\/schema.org\/CreativeWork\" ><div class='avia_textblock av_inherit_color'  itemprop=\"text\" ><p style=\"text-align: right;\">Telefon: 02323 493 17-60<\/p>\n<\/div><\/section>\n<\/div><\/div>\n<style type=\"text\/css\" data-created_by=\"avia_inline_auto\" id=\"style-css-av-koldi3-e54b4c70aea40e37b501bcf708ab8972\">\n.flex_cell.av-koldi3-e54b4c70aea40e37b501bcf708ab8972{\nvertical-align:top;\nheight:2px;\nmin-height:2px;\nbackground-color:#eb600a;\n}\n.responsive #top #wrap_all .flex_cell.av-koldi3-e54b4c70aea40e37b501bcf708ab8972{\npadding:0px 0px 0px 0px !important;\n}\n<\/style>\n<div class='flex_cell av-koldi3-e54b4c70aea40e37b501bcf708ab8972 av-gridrow-cell av_one_fourth no_margin av-hide-on-mobile  avia-builder-el-7  el_after_av_cell_one_fourth  avia-builder-el-last  av-zero-padding' ><div class='flex_cell_inner'>\n<style type=\"text\/css\" data-created_by=\"avia_inline_auto\" id=\"style-css-av-jmxa23-e23aa9afd116c08d5fc5cd79cf6cfd71\">\n#top .av_textblock_section.av-jmxa23-e23aa9afd116c08d5fc5cd79cf6cfd71 .avia_textblock{\nfont-size:15px;\ncolor:#ffffff;\n}\n<\/style>\n<section  class='av_textblock_section av-jmxa23-e23aa9afd116c08d5fc5cd79cf6cfd71'  itemscope=\"itemscope\" itemtype=\"https:\/\/schema.org\/CreativeWork\" ><div class='avia_textblock av_inherit_color'  itemprop=\"text\" ><p style=\"text-align: center;\">Mail: info@pevnrw.de<\/p>\n<\/div><\/section>\n<\/div><\/div>\n<\/div>\n<div id='av-layout-grid-2'  class='av-layout-grid-container av-h6nzcb-5d68720b2ae3f698264236d1ae007404 entry-content-wrapper main_color av-fixed-cells  avia-builder-el-9  el_after_av_layout_row  el_before_av_one_full  grid-row-not-first  container_wrap sidebar_right'  >\n\n<style type=\"text\/css\" data-created_by=\"avia_inline_auto\" id=\"style-css-av-f66gfv-9e2f9b13b04b271f9329e9e87c167044\">\n.flex_cell.av-f66gfv-9e2f9b13b04b271f9329e9e87c167044{\nvertical-align:top;\nheight:2px;\nmin-height:2px;\nbackground-color:#e3effc;\n}\n.responsive #top #wrap_all .flex_cell.av-f66gfv-9e2f9b13b04b271f9329e9e87c167044{\npadding:10px 0px 0px 0px !important;\n}\n<\/style>\n<div class='flex_cell av-f66gfv-9e2f9b13b04b271f9329e9e87c167044 av-gridrow-cell av_one_half no_margin  avia-builder-el-10  el_before_av_cell_one_half  avia-builder-el-first ' ><div class='flex_cell_inner'><\/div><\/div>\n<style type=\"text\/css\" data-created_by=\"avia_inline_auto\" id=\"style-css-av-euzpzf-bf1d08a56a9eba65f3b757914402fae5\">\n.flex_cell.av-euzpzf-bf1d08a56a9eba65f3b757914402fae5{\nvertical-align:top;\nheight:2px;\nmin-height:2px;\nbackground-color:#e3effc;\n}\n.responsive #top #wrap_all .flex_cell.av-euzpzf-bf1d08a56a9eba65f3b757914402fae5{\npadding:9px 0px 0px 0px !important;\n}\n<\/style>\n<div class='flex_cell av-euzpzf-bf1d08a56a9eba65f3b757914402fae5 av-gridrow-cell av_one_half no_margin  avia-builder-el-11  el_after_av_cell_one_half  avia-builder-el-last ' ><div class='flex_cell_inner'><\/div><\/div>\n<\/div><div id='after_grid_row_2'  class='main_color av_default_container_wrap container_wrap sidebar_right'  ><div class='container av-section-cont-open' ><div class='template-page content  av-content-small alpha units'><div class='post-entry post-entry-type-page post-entry-1579'><div class='entry-content-wrapper clearfix'>\n\n<style type=\"text\/css\" data-created_by=\"avia_inline_auto\" id=\"style-css-av-c9mb6j-eac1c870ae85a1cda404fd9aaed5917a\">\n.flex_column.av-c9mb6j-eac1c870ae85a1cda404fd9aaed5917a{\n-webkit-border-radius:0px 0px 0px 0px;\n-moz-border-radius:0px 0px 0px 0px;\nborder-radius:0px 0px 0px 0px;\npadding:0px 0px 0px 0px;\n}\n<\/style>\n<div class='flex_column av-c9mb6j-eac1c870ae85a1cda404fd9aaed5917a av_one_full  avia-builder-el-12  el_after_av_layout_row  el_before_av_one_half  avia-builder-el-first  first flex_column_div av-zero-column-padding '     ><section  class='av_textblock_section av-bdyoy3-534ef921f078b291a3a8b931439d1c75'  itemscope=\"itemscope\" itemtype=\"https:\/\/schema.org\/CreativeWork\" ><div class='avia_textblock'  itemprop=\"text\" ><h2>Familien in Belastungssituationen und erschwerten Lebenslagen (6)<\/h2>\n<p>Gesellschaftliche Ereignisse, (globale) Krisen und Spannungsverh\u00e4ltnisse wirken unmittelbar auf das Familienleben ein und werden dort verhandelt. Diese Wechselwirkungen k\u00f6nnen jedoch auch zu besonderen Lebenslagen und Belastungen f\u00fcr Familien f\u00fchren, insbesondere durch strukturelle Barrieren und Benachteiligungen: So stehen unter anderem viele Familien mit Rassismuserfahrungen, Familien mit Gewalterfahrung, Familien mit Fluchtgeschichte, getrennt- oder alleinerziehende Familien, queere Familien, Mehrkindfamilien, Familien mit Angeh\u00f6rigen, die eine Erkrankung oder Behinderung haben, sowie Familien, die in prek\u00e4ren oder armutsgef\u00e4hrdeten Situationen leben, vor besonderen Herausforderungen und ma\u00dfgeblich pr\u00e4genden Lebensrealit\u00e4ten.<\/p>\n<p>Wir bieten zahlreiche Bildungsveranstaltungen an, die Familien in solchen Lebenslagen dabei unterst\u00fctzen, ihre Lebensentw\u00fcrfe trotz struktureller Benachteiligungen zu realisieren. Diese Angebote sind empowermentorientiert ausgerichtet und zielen durch die F\u00f6rderung von Zusammenschl\u00fcssen darauf ab, sich zivilgesellschaftlich und politisch zu engagieren, um gemeinsam Ver\u00e4nderungen und Verbesserungen der eigenen Lebensbedingungen voranzubringen. Um die Erfordernisse daf\u00fcr zu reflektieren, zu artikulieren und an die richtigen Stellen zu adressieren, stellen wir gesch\u00fctzte Lernr\u00e4ume zur Verf\u00fcgung. Der Austausch mit anderen Eltern, Sorgeverantwortlichen, Jugendlichen und Kindern in \u00e4hnlichen Situationen spielt eine wichtige Rolle: Im Dialog werden Handlungsm\u00f6glichkeiten aufgezeigt, Selbsthilfepotenziale gef\u00f6rdert und gemeinsame Weiterentwicklungen erm\u00f6glicht. Es entstehen Netzwerke, die Unterst\u00fctzung bieten und Solidarit\u00e4t st\u00e4rken.<\/p>\n<p>Die Angebote werden stets von professionellen Teamer*innen methodisch begleitet, um politische Bildungsprozesse zu f\u00f6rdern. Die Veranstaltungen werden sowohl wohnortnah in den Quartieren als auch \u00fcberregional angeboten, um m\u00f6glichst vielen Familien den Zugang zu diesen Bildungs- und Austauschm\u00f6glichkeiten zu er\u00f6ffnen.<\/p>\n<\/div><\/section><\/div>\n<style type=\"text\/css\" data-created_by=\"avia_inline_auto\" id=\"style-css-av-3ef2z-ca27665e4c8fbf78eff6495db02bf38e\">\n.flex_column.av-3ef2z-ca27665e4c8fbf78eff6495db02bf38e{\n-webkit-border-radius:0px 0px 0px 0px;\n-moz-border-radius:0px 0px 0px 0px;\nborder-radius:0px 0px 0px 0px;\npadding:0px 0px 0px 0px;\n}\n<\/style>\n<div class='flex_column av-3ef2z-ca27665e4c8fbf78eff6495db02bf38e av_one_half  avia-builder-el-14  el_after_av_one_full  el_before_av_layout_row  avia-builder-el-last  first flex_column_div av-zero-column-padding column-top-margin'     ><div  class='avia-button-wrap av-7lv7rv-b6aa45e1fbb454c2e5a551ed13239789-wrap avia-button-left  avia-builder-el-15  avia-builder-el-no-sibling '><a href='https:\/\/pevnw.com\/cms\/bereichskonzepte-uebersicht\/'  class='avia-button av-7lv7rv-b6aa45e1fbb454c2e5a551ed13239789 avia-icon_select-yes-left-icon avia-size-large avia-position-left avia-color-theme-color'  ><span class='avia_button_icon avia_button_icon_left' aria-hidden='true' data-av_icon='\ue830' data-av_iconfont='entypo-fontello'><\/span><span class='avia_iconbox_title' >Zur\u00fcck zur \u00dcbersicht<\/span><\/a><\/div><\/div><\/p>\n<\/div><\/div><\/div><!-- close content main div --><\/div><\/div><div id='av-layout-grid-3'  class='av-layout-grid-container av-5f6cqz-ad58568e5e52569470d2530af1d4d711 entry-content-wrapper main_color av-fixed-cells  avia-builder-el-16  el_after_av_one_half  avia-builder-el-last  grid-row-not-first  container_wrap sidebar_right'  >\n\n<style type=\"text\/css\" data-created_by=\"avia_inline_auto\" id=\"style-css-av-41xt0r-0e7a6dcbab2bf903328cdd5b69edc6c4\">\n.flex_cell.av-41xt0r-0e7a6dcbab2bf903328cdd5b69edc6c4{\nvertical-align:top;\nheight:2px;\nmin-height:2px;\nbackground-color:#e3effc;\n}\n.responsive #top #wrap_all .flex_cell.av-41xt0r-0e7a6dcbab2bf903328cdd5b69edc6c4{\npadding:10px 0px 0px 0px !important;\n}\n<\/style>\n<div class='flex_cell av-41xt0r-0e7a6dcbab2bf903328cdd5b69edc6c4 av-gridrow-cell av_one_half no_margin  avia-builder-el-17  el_before_av_cell_one_half  avia-builder-el-first ' ><div class='flex_cell_inner'><\/div><\/div>\n<style type=\"text\/css\" data-created_by=\"avia_inline_auto\" id=\"style-css-av-1utifv-52622a1556c791fd9288ab8943c83ccf\">\n.flex_cell.av-1utifv-52622a1556c791fd9288ab8943c83ccf{\nvertical-align:top;\nheight:2px;\nmin-height:2px;\nbackground-color:#e3effc;\n}\n.responsive #top #wrap_all .flex_cell.av-1utifv-52622a1556c791fd9288ab8943c83ccf{\npadding:9px 0px 0px 0px !important;\n}\n<\/style>\n<div class='flex_cell av-1utifv-52622a1556c791fd9288ab8943c83ccf av-gridrow-cell av_one_half no_margin  avia-builder-el-18  el_after_av_cell_one_half  avia-builder-el-last ' ><div class='flex_cell_inner'><\/div><\/div>\n<\/div>\n","protected":false},"excerpt":{"rendered":"","protected":false},"author":1,"featured_media":0,"parent":0,"menu_order":0,"comment_status":"closed","ping_status":"closed","template":"","meta":{"footnotes":""},"_links":{"self":[{"href":"https:\/\/pevnw.com\/cms\/wp-json\/wp\/v2\/pages\/1579"}],"collection":[{"href":"https:\/\/pevnw.com\/cms\/wp-json\/wp\/v2\/pages"}],"about":[{"href":"https:\/\/pevnw.com\/cms\/wp-json\/wp\/v2\/types\/page"}],"author":[{"embeddable":true,"href":"https:\/\/pevnw.com\/cms\/wp-json\/wp\/v2\/users\/1"}],"replies":[{"embeddable":true,"href":"https:\/\/pevnw.com\/cms\/wp-json\/wp\/v2\/comments?post=1579"}],"version-history":[{"count":5,"href":"https:\/\/pevnw.com\/cms\/wp-json\/wp\/v2\/pages\/1579\/revisions"}],"predecessor-version":[{"id":8790,"href":"https:\/\/pevnw.com\/cms\/wp-json\/wp\/v2\/pages\/1579\/revisions\/8790"}],"wp:attachment":[{"href":"https:\/\/pevnw.com\/cms\/wp-json\/wp\/v2\/media?parent=1579"}],"curies":[{"name":"wp","href":"https:\/\/api.w.org\/{rel}","templated":true}]}}