{"id":1577,"date":"2017-08-18T14:48:42","date_gmt":"2017-08-18T12:48:42","guid":{"rendered":"http:\/\/pevnw.com\/cms\/?page_id=1577"},"modified":"2025-07-25T14:25:23","modified_gmt":"2025-07-25T12:25:23","slug":"bereichskonzept5","status":"publish","type":"page","link":"https:\/\/pevnw.com\/cms\/bereichskonzept5\/","title":{"rendered":"Bereichskonzept5"},"content":{"rendered":"<div id='full_slider_1'  class='avia-fullwidth-slider main_color avia-shadow   avia-builder-el-0  el_before_av_layout_row  avia-builder-el-first   container_wrap sidebar_right'  >\n<style type=\"text\/css\" data-created_by=\"avia_inline_auto\" id=\"style-css-av-3ekbt5-e2ae56a5c89b6c2f7f8ef28c38869055\">\n#top #wrap_all .avia-slideshow .av-slideshow-caption.av-3ekbt5-e2ae56a5c89b6c2f7f8ef28c38869055__0 .avia-caption-title{\nfont-size:30px;\n}\n<\/style>\n<div  class='avia-slideshow av-3ekbt5-e2ae56a5c89b6c2f7f8ef28c38869055 avia-slideshow-no scaling av_slideshow_full avia-slide-slider av-slideshow-ui av-control-default av-slideshow-manual av-loop-once av-loop-manual-endless av-default-height-applied   avia-slideshow-1' data-slideshow-options=\"{&quot;animation&quot;:&quot;slide&quot;,&quot;autoplay&quot;:false,&quot;loop_autoplay&quot;:&quot;once&quot;,&quot;interval&quot;:5,&quot;loop_manual&quot;:&quot;manual-endless&quot;,&quot;autoplay_stopper&quot;:false,&quot;noNavigation&quot;:false,&quot;bg_slider&quot;:false,&quot;keep_padding&quot;:false,&quot;hoverpause&quot;:false,&quot;show_slide_delay&quot;:0}\"  itemprop=\"image\" itemscope=\"itemscope\" itemtype=\"https:\/\/schema.org\/ImageObject\" ><ul class='avia-slideshow-inner ' style='padding-bottom: 27.9396984925%;'><li  class='avia-slideshow-slide av-3ekbt5-e2ae56a5c89b6c2f7f8ef28c38869055__0  av-single-slide slide-1 slide-odd'><div data-rel='slideshow-1' class='avia-slide-wrap '   ><div class='av-slideshow-caption av-3ekbt5-e2ae56a5c89b6c2f7f8ef28c38869055__0 caption_fullwidth caption_bottom caption_bottom_framed caption_framed'><div class=\"container caption_container\"><div class=\"slideshow_caption\"><div class=\"slideshow_inner_caption\"><div class=\"slideshow_align_caption\"><h2 class='avia-caption-title '  itemprop=\"name\" >Bereichskonzepte<\/h2><\/div><\/div><\/div><\/div><\/div><img decoding=\"async\" class=\"wp-image-1231 avia-img-lazy-loading-not-1231\"  src=\"https:\/\/pevnw.com\/cms\/wp-content\/uploads\/2016\/02\/PEV_2016_Header_08_Feuer_0179.png\" width=\"995\" height=\"278\" title='PEV_2016_Header_08_Feuer_0179' alt=''  itemprop=\"thumbnailUrl\" srcset=\"https:\/\/pevnw.com\/cms\/wp-content\/uploads\/2016\/02\/PEV_2016_Header_08_Feuer_0179.png 995w, https:\/\/pevnw.com\/cms\/wp-content\/uploads\/2016\/02\/PEV_2016_Header_08_Feuer_0179-300x84.png 300w, https:\/\/pevnw.com\/cms\/wp-content\/uploads\/2016\/02\/PEV_2016_Header_08_Feuer_0179-768x215.png 768w, https:\/\/pevnw.com\/cms\/wp-content\/uploads\/2016\/02\/PEV_2016_Header_08_Feuer_0179-705x197.png 705w, https:\/\/pevnw.com\/cms\/wp-content\/uploads\/2016\/02\/PEV_2016_Header_08_Feuer_0179-450x126.png 450w\" sizes=\"(max-width: 995px) 100vw, 995px\" \/><\/div><\/li><\/ul><\/div><\/div>\n<div id='av-layout-grid-1'  class='av-layout-grid-container av-ven1ux-8d7603357935dee391dc3cbf216f2b68 entry-content-wrapper main_color av-fixed-cells  avia-builder-el-1  el_after_av_slideshow_full  el_before_av_layout_row  grid-row-not-first  container_wrap sidebar_right'  >\n\n<style type=\"text\/css\" data-created_by=\"avia_inline_auto\" id=\"style-css-av-sz86tl-1a5916afd4b3fdd2966553c9f8a5148f\">\n.flex_cell.av-sz86tl-1a5916afd4b3fdd2966553c9f8a5148f{\nvertical-align:top;\nheight:2px;\nmin-height:2px;\nbackground-color:#eb600a;\n}\n.responsive #top #wrap_all .flex_cell.av-sz86tl-1a5916afd4b3fdd2966553c9f8a5148f{\npadding:5px 0px 0px 0px !important;\n}\n<\/style>\n<div class='flex_cell av-sz86tl-1a5916afd4b3fdd2966553c9f8a5148f av-gridrow-cell av_one_fourth no_margin av-hide-on-mobile  avia-builder-el-2  el_before_av_cell_one_fourth  avia-builder-el-first ' ><div class='flex_cell_inner'>\n<style type=\"text\/css\" data-created_by=\"avia_inline_auto\" id=\"style-css-av-qu7rq1-5ee3303edb5777c951bd91b21c931f1d\">\n#top .av_textblock_section.av-qu7rq1-5ee3303edb5777c951bd91b21c931f1d .avia_textblock{\nfont-size:15px;\ncolor:#ffffff;\n}\n<\/style>\n<section  class='av_textblock_section av-qu7rq1-5ee3303edb5777c951bd91b21c931f1d'  itemscope=\"itemscope\" itemtype=\"https:\/\/schema.org\/CreativeWork\" ><div class='avia_textblock av_inherit_color'  itemprop=\"text\" ><p style=\"text-align: right;\">Bildungsangebote f\u00fcr Familien<\/p>\n<\/div><\/section>\n<\/div><\/div>\n<style type=\"text\/css\" data-created_by=\"avia_inline_auto\" id=\"style-css-av-q8wg9l-b21f897129b25bf68ed57bd96b035ffd\">\n.flex_cell.av-q8wg9l-b21f897129b25bf68ed57bd96b035ffd{\nvertical-align:top;\nheight:2px;\nmin-height:2px;\nbackground-color:#eb600a;\n}\n.responsive #top #wrap_all .flex_cell.av-q8wg9l-b21f897129b25bf68ed57bd96b035ffd{\npadding:0 0px 0px 0px !important;\n}\n<\/style>\n<div class='flex_cell av-q8wg9l-b21f897129b25bf68ed57bd96b035ffd av-gridrow-cell av_one_fourth no_margin  avia-builder-el-4  el_after_av_cell_one_fourth  el_before_av_cell_one_fourth ' ><div class='flex_cell_inner'><\/div><\/div>\n<style type=\"text\/css\" data-created_by=\"avia_inline_auto\" id=\"style-css-av-nfpekp-9898e6cd32075a220d3f8f1451258f6d\">\n.flex_cell.av-nfpekp-9898e6cd32075a220d3f8f1451258f6d{\nvertical-align:top;\nheight:2px;\nmin-height:2px;\nbackground-color:#eb600a;\n}\n.responsive #top #wrap_all .flex_cell.av-nfpekp-9898e6cd32075a220d3f8f1451258f6d{\npadding:0px 0px 0px 0px !important;\n}\n<\/style>\n<div class='flex_cell av-nfpekp-9898e6cd32075a220d3f8f1451258f6d av-gridrow-cell av_one_fourth no_margin av-hide-on-mobile  avia-builder-el-5  el_after_av_cell_one_fourth  el_before_av_cell_one_fourth  av-zero-padding' ><div class='flex_cell_inner'>\n<style type=\"text\/css\" data-created_by=\"avia_inline_auto\" id=\"style-css-av-2alpop-0aee327114c5f17f6c55cccba8d6b8ee\">\n#top .av_textblock_section.av-2alpop-0aee327114c5f17f6c55cccba8d6b8ee .avia_textblock{\nfont-size:15px;\ncolor:#ffffff;\n}\n<\/style>\n<section  class='av_textblock_section av-2alpop-0aee327114c5f17f6c55cccba8d6b8ee'  itemscope=\"itemscope\" itemtype=\"https:\/\/schema.org\/CreativeWork\" ><div class='avia_textblock av_inherit_color'  itemprop=\"text\" ><p style=\"text-align: right;\">Telefon: 02323 493 17-60<\/p>\n<\/div><\/section>\n<\/div><\/div>\n<style type=\"text\/css\" data-created_by=\"avia_inline_auto\" id=\"style-css-av-keyd7t-ae809a5218d8571777d8fbbf3966c702\">\n.flex_cell.av-keyd7t-ae809a5218d8571777d8fbbf3966c702{\nvertical-align:top;\nheight:2px;\nmin-height:2px;\nbackground-color:#eb600a;\n}\n.responsive #top #wrap_all .flex_cell.av-keyd7t-ae809a5218d8571777d8fbbf3966c702{\npadding:0px 0px 0px 0px !important;\n}\n<\/style>\n<div class='flex_cell av-keyd7t-ae809a5218d8571777d8fbbf3966c702 av-gridrow-cell av_one_fourth no_margin av-hide-on-mobile  avia-builder-el-7  el_after_av_cell_one_fourth  avia-builder-el-last  av-zero-padding' ><div class='flex_cell_inner'>\n<style type=\"text\/css\" data-created_by=\"avia_inline_auto\" id=\"style-css-av-id2ord-8a675025ed294759c119f8d0b082f6a8\">\n#top .av_textblock_section.av-id2ord-8a675025ed294759c119f8d0b082f6a8 .avia_textblock{\nfont-size:15px;\ncolor:#ffffff;\n}\n<\/style>\n<section  class='av_textblock_section av-id2ord-8a675025ed294759c119f8d0b082f6a8'  itemscope=\"itemscope\" itemtype=\"https:\/\/schema.org\/CreativeWork\" ><div class='avia_textblock av_inherit_color'  itemprop=\"text\" ><p style=\"text-align: center;\">Mail: info@pevnrw.de<\/p>\n<\/div><\/section>\n<\/div><\/div>\n<\/div>\n<div id='av-layout-grid-2'  class='av-layout-grid-container av-h5kz0p-ef65fb0bb9de22d35d61b3a9689b3117 entry-content-wrapper main_color av-fixed-cells  avia-builder-el-9  el_after_av_layout_row  el_before_av_one_full  grid-row-not-first  container_wrap sidebar_right'  >\n\n<style type=\"text\/css\" data-created_by=\"avia_inline_auto\" id=\"style-css-av-fs5zt5-40361a360cf601e1badb11b8e1cbb94a\">\n.flex_cell.av-fs5zt5-40361a360cf601e1badb11b8e1cbb94a{\nvertical-align:top;\nheight:2px;\nmin-height:2px;\nbackground-color:#e3effc;\n}\n.responsive #top #wrap_all .flex_cell.av-fs5zt5-40361a360cf601e1badb11b8e1cbb94a{\npadding:10px 0px 0px 0px !important;\n}\n<\/style>\n<div class='flex_cell av-fs5zt5-40361a360cf601e1badb11b8e1cbb94a av-gridrow-cell av_one_half no_margin  avia-builder-el-10  el_before_av_cell_one_half  avia-builder-el-first ' ><div class='flex_cell_inner'><\/div><\/div>\n<style type=\"text\/css\" data-created_by=\"avia_inline_auto\" id=\"style-css-av-dozl95-eea2fe0530f349bb2ea1fc5efa6f6ca3\">\n.flex_cell.av-dozl95-eea2fe0530f349bb2ea1fc5efa6f6ca3{\nvertical-align:top;\nheight:2px;\nmin-height:2px;\nbackground-color:#e3effc;\n}\n.responsive #top #wrap_all .flex_cell.av-dozl95-eea2fe0530f349bb2ea1fc5efa6f6ca3{\npadding:9px 0px 0px 0px !important;\n}\n<\/style>\n<div class='flex_cell av-dozl95-eea2fe0530f349bb2ea1fc5efa6f6ca3 av-gridrow-cell av_one_half no_margin  avia-builder-el-11  el_after_av_cell_one_half  avia-builder-el-last ' ><div class='flex_cell_inner'><\/div><\/div>\n<\/div><div id='after_grid_row_2'  class='main_color av_default_container_wrap container_wrap sidebar_right'  ><div class='container av-section-cont-open' ><div class='template-page content  av-content-small alpha units'><div class='post-entry post-entry-type-page post-entry-1577'><div class='entry-content-wrapper clearfix'>\n\n<style type=\"text\/css\" data-created_by=\"avia_inline_auto\" id=\"style-css-av-cccouh-89bdcf0194e3f1eda23bd2cadb2818e3\">\n.flex_column.av-cccouh-89bdcf0194e3f1eda23bd2cadb2818e3{\n-webkit-border-radius:0px 0px 0px 0px;\n-moz-border-radius:0px 0px 0px 0px;\nborder-radius:0px 0px 0px 0px;\npadding:0px 0px 0px 0px;\n}\n<\/style>\n<div class='flex_column av-cccouh-89bdcf0194e3f1eda23bd2cadb2818e3 av_one_full  avia-builder-el-12  el_after_av_layout_row  el_before_av_one_half  avia-builder-el-first  first flex_column_div av-zero-column-padding '     ><section  class='av_textblock_section av-ask5qx-8150bd833e47e1bdcfb91403dd77a75b'  itemscope=\"itemscope\" itemtype=\"https:\/\/schema.org\/CreativeWork\" ><div class='avia_textblock'  itemprop=\"text\" ><h2>Familienleben \u2013 Familie leben (5)<\/h2>\n<p>Familie bezeichnet in dem von uns vertretenen offenen Verst\u00e4ndnis, dass es eine Vielzahl familialer Lebensformen gibt, die wir alle als gleichberechtigte Solidargemeinschaften anerkennen und wertsch\u00e4tzen. Familie ist somit nicht nur auf die klassische Kernfamilie beschr\u00e4nkt, sondern umfasst auch Wahlfamilien, Patchworkfamilien, Alleinerziehende und andere vielf\u00e4ltige Konstellationen. Diese Lebensformen spiegeln kulturelle, historische und gesellschaftliche Einfl\u00fcsse wider.<\/p>\n<p>Familienleben ist dynamisch und ver\u00e4ndert sich st\u00e4ndig \u2013 Kinder werden erwachsen, Partner*innenschaften ver\u00e4ndern sich und neue soziale Bindungen entstehen fernab von traditionellen Familienstrukturen. Jede Familie gestaltet ihr Zusammenleben auf ihre Weise und in ihrem eigenen Tempo. Wir f\u00f6rdern den Austausch zu diesen vielf\u00e4ltigen Lebensformen und unterst\u00fctzen Familien dabei, sich darin selbstbewusst zu verorten.<\/p>\n<p>Nach unserem Bildungsverst\u00e4ndnis gibt es f\u00fcr all dies keine \u201eLebens- oder Patentrezepte\u201c. Vielmehr geht es uns bei Angeboten in diesem Kontext darum, das Familienleben in einem achtsamen Miteinander aktiv zu gestalten und kontinuierlich weiterzuentwickeln. Unsere Bildungsangebote bieten dabei einen Raum, um sich mit famili\u00e4ren Alltagsfragen, pers\u00f6nlichen und gesellschaftlichen Themen auseinanderzusetzen. Sie laden dazu ein, voneinander zu lernen, unterschiedliche Perspektiven zu erkunden, gemeinsam neue Wege zu finden, mit den Herausforderungen des Alltags umzugehen und tragen dazu bei, dass sich neue soziale Netze bilden.<\/p>\n<\/div><\/section><\/div>\n<style type=\"text\/css\" data-created_by=\"avia_inline_auto\" id=\"style-css-av-9vrtgp-919ee570006cdddea361452320569edd\">\n.flex_column.av-9vrtgp-919ee570006cdddea361452320569edd{\n-webkit-border-radius:0px 0px 0px 0px;\n-moz-border-radius:0px 0px 0px 0px;\nborder-radius:0px 0px 0px 0px;\npadding:0px 0px 0px 0px;\n}\n<\/style>\n<div class='flex_column av-9vrtgp-919ee570006cdddea361452320569edd av_one_half  avia-builder-el-14  el_after_av_one_full  el_before_av_layout_row  avia-builder-el-last  first flex_column_div av-zero-column-padding column-top-margin'     ><div  class='avia-button-wrap av-7auhd5-fb4e25580dfb9d3f1045640553b02957-wrap avia-button-left  avia-builder-el-15  avia-builder-el-no-sibling '><a href='https:\/\/pevnw.com\/cms\/bereichskonzepte-uebersicht\/'  class='avia-button av-7auhd5-fb4e25580dfb9d3f1045640553b02957 avia-icon_select-yes-left-icon avia-size-large avia-position-left avia-color-theme-color'  ><span class='avia_button_icon avia_button_icon_left' aria-hidden='true' data-av_icon='\ue830' data-av_iconfont='entypo-fontello'><\/span><span class='avia_iconbox_title' >Zur\u00fcck zur \u00dcbersicht<\/span><\/a><\/div><\/div><\/p>\n<\/div><\/div><\/div><!-- close content main div --><\/div><\/div><div id='av-layout-grid-3'  class='av-layout-grid-container av-5ms9ux-d2717012231d0f796cfcbcd2ff0a204f entry-content-wrapper main_color av-fixed-cells  avia-builder-el-16  el_after_av_one_half  avia-builder-el-last  grid-row-not-first  container_wrap sidebar_right'  >\n\n<style type=\"text\/css\" data-created_by=\"avia_inline_auto\" id=\"style-css-av-4svgfd-262c2a7c6d9480bbff2d2d3bdf11f0b3\">\n.flex_cell.av-4svgfd-262c2a7c6d9480bbff2d2d3bdf11f0b3{\nvertical-align:top;\nheight:2px;\nmin-height:2px;\nbackground-color:#e3effc;\n}\n.responsive #top #wrap_all .flex_cell.av-4svgfd-262c2a7c6d9480bbff2d2d3bdf11f0b3{\npadding:10px 0px 0px 0px !important;\n}\n<\/style>\n<div class='flex_cell av-4svgfd-262c2a7c6d9480bbff2d2d3bdf11f0b3 av-gridrow-cell av_one_half no_margin  avia-builder-el-17  el_before_av_cell_one_half  avia-builder-el-first ' ><div class='flex_cell_inner'><\/div><\/div>\n<style type=\"text\/css\" data-created_by=\"avia_inline_auto\" id=\"style-css-av-1u8pzd-1e32abd43521e2a12e2db9df725fab88\">\n.flex_cell.av-1u8pzd-1e32abd43521e2a12e2db9df725fab88{\nvertical-align:top;\nheight:2px;\nmin-height:2px;\nbackground-color:#e3effc;\n}\n.responsive #top #wrap_all .flex_cell.av-1u8pzd-1e32abd43521e2a12e2db9df725fab88{\npadding:9px 0px 0px 0px !important;\n}\n<\/style>\n<div class='flex_cell av-1u8pzd-1e32abd43521e2a12e2db9df725fab88 av-gridrow-cell av_one_half no_margin  avia-builder-el-18  el_after_av_cell_one_half  avia-builder-el-last ' ><div class='flex_cell_inner'><\/div><\/div>\n<\/div>\n","protected":false},"excerpt":{"rendered":"","protected":false},"author":1,"featured_media":0,"parent":0,"menu_order":0,"comment_status":"closed","ping_status":"closed","template":"","meta":{"footnotes":""},"_links":{"self":[{"href":"https:\/\/pevnw.com\/cms\/wp-json\/wp\/v2\/pages\/1577"}],"collection":[{"href":"https:\/\/pevnw.com\/cms\/wp-json\/wp\/v2\/pages"}],"about":[{"href":"https:\/\/pevnw.com\/cms\/wp-json\/wp\/v2\/types\/page"}],"author":[{"embeddable":true,"href":"https:\/\/pevnw.com\/cms\/wp-json\/wp\/v2\/users\/1"}],"replies":[{"embeddable":true,"href":"https:\/\/pevnw.com\/cms\/wp-json\/wp\/v2\/comments?post=1577"}],"version-history":[{"count":6,"href":"https:\/\/pevnw.com\/cms\/wp-json\/wp\/v2\/pages\/1577\/revisions"}],"predecessor-version":[{"id":8788,"href":"https:\/\/pevnw.com\/cms\/wp-json\/wp\/v2\/pages\/1577\/revisions\/8788"}],"wp:attachment":[{"href":"https:\/\/pevnw.com\/cms\/wp-json\/wp\/v2\/media?parent=1577"}],"curies":[{"name":"wp","href":"https:\/\/api.w.org\/{rel}","templated":true}]}}