{"id":1565,"date":"2017-08-18T14:20:58","date_gmt":"2017-08-18T12:20:58","guid":{"rendered":"http:\/\/pevnw.com\/cms\/?page_id=1565"},"modified":"2025-07-25T14:16:38","modified_gmt":"2025-07-25T12:16:38","slug":"bereichskonzept2","status":"publish","type":"page","link":"https:\/\/pevnw.com\/cms\/bereichskonzept2\/","title":{"rendered":"Bereichskonzept2"},"content":{"rendered":"<div id='full_slider_1'  class='avia-fullwidth-slider main_color avia-shadow   avia-builder-el-0  el_before_av_layout_row  avia-builder-el-first   container_wrap sidebar_right'  >\n<style type=\"text\/css\" data-created_by=\"avia_inline_auto\" id=\"style-css-av-y9n97x-2974a2c4bcdfdce063c5c9a1ab2a3768\">\n#top #wrap_all .avia-slideshow .av-slideshow-caption.av-y9n97x-2974a2c4bcdfdce063c5c9a1ab2a3768__0 .avia-caption-title{\nfont-size:30px;\n}\n<\/style>\n<div  class='avia-slideshow av-y9n97x-2974a2c4bcdfdce063c5c9a1ab2a3768 avia-slideshow-no scaling av_slideshow_full avia-slide-slider av-slideshow-ui av-control-default av-slideshow-manual av-loop-once av-loop-manual-endless av-default-height-applied   avia-slideshow-1' data-slideshow-options=\"{&quot;animation&quot;:&quot;slide&quot;,&quot;autoplay&quot;:false,&quot;loop_autoplay&quot;:&quot;once&quot;,&quot;interval&quot;:5,&quot;loop_manual&quot;:&quot;manual-endless&quot;,&quot;autoplay_stopper&quot;:false,&quot;noNavigation&quot;:false,&quot;bg_slider&quot;:false,&quot;keep_padding&quot;:false,&quot;hoverpause&quot;:false,&quot;show_slide_delay&quot;:0}\"  itemprop=\"image\" itemscope=\"itemscope\" itemtype=\"https:\/\/schema.org\/ImageObject\" ><ul class='avia-slideshow-inner ' style='padding-bottom: 27.9396984925%;'><li  class='avia-slideshow-slide av-y9n97x-2974a2c4bcdfdce063c5c9a1ab2a3768__0  av-single-slide slide-1 slide-odd'><div data-rel='slideshow-1' class='avia-slide-wrap '   ><div class='av-slideshow-caption av-y9n97x-2974a2c4bcdfdce063c5c9a1ab2a3768__0 caption_fullwidth caption_bottom caption_bottom_framed caption_framed'><div class=\"container caption_container\"><div class=\"slideshow_caption\"><div class=\"slideshow_inner_caption\"><div class=\"slideshow_align_caption\"><h2 class='avia-caption-title '  itemprop=\"name\" >Bereichskonzepte<\/h2><\/div><\/div><\/div><\/div><\/div><img decoding=\"async\" class=\"wp-image-1231 avia-img-lazy-loading-not-1231\"  src=\"https:\/\/pevnw.com\/cms\/wp-content\/uploads\/2016\/02\/PEV_2016_Header_08_Feuer_0179.png\" width=\"995\" height=\"278\" title='PEV_2016_Header_08_Feuer_0179' alt=''  itemprop=\"thumbnailUrl\" srcset=\"https:\/\/pevnw.com\/cms\/wp-content\/uploads\/2016\/02\/PEV_2016_Header_08_Feuer_0179.png 995w, https:\/\/pevnw.com\/cms\/wp-content\/uploads\/2016\/02\/PEV_2016_Header_08_Feuer_0179-300x84.png 300w, https:\/\/pevnw.com\/cms\/wp-content\/uploads\/2016\/02\/PEV_2016_Header_08_Feuer_0179-768x215.png 768w, https:\/\/pevnw.com\/cms\/wp-content\/uploads\/2016\/02\/PEV_2016_Header_08_Feuer_0179-705x197.png 705w, https:\/\/pevnw.com\/cms\/wp-content\/uploads\/2016\/02\/PEV_2016_Header_08_Feuer_0179-450x126.png 450w\" sizes=\"(max-width: 995px) 100vw, 995px\" \/><\/div><\/li><\/ul><\/div><\/div>\n<div id='av-layout-grid-1'  class='av-layout-grid-container av-u98zvh-bcec8c6999ea198be1e039f89d6534fc entry-content-wrapper main_color av-fixed-cells  avia-builder-el-1  el_after_av_slideshow_full  el_before_av_layout_row  grid-row-not-first  container_wrap sidebar_right'  >\n\n<style type=\"text\/css\" data-created_by=\"avia_inline_auto\" id=\"style-css-av-2v4b6l-540f68d28f521ce7831b63a31c2afe2f\">\n.flex_cell.av-2v4b6l-540f68d28f521ce7831b63a31c2afe2f{\nvertical-align:top;\nheight:2px;\nmin-height:2px;\nbackground-color:#eb600a;\n}\n.responsive #top #wrap_all .flex_cell.av-2v4b6l-540f68d28f521ce7831b63a31c2afe2f{\npadding:5px 0px 0px 0px !important;\n}\n<\/style>\n<div class='flex_cell av-2v4b6l-540f68d28f521ce7831b63a31c2afe2f av-gridrow-cell av_one_fourth no_margin av-hide-on-mobile  avia-builder-el-2  el_before_av_cell_one_fourth  avia-builder-el-first ' ><div class='flex_cell_inner'>\n<style type=\"text\/css\" data-created_by=\"avia_inline_auto\" id=\"style-css-av-r4rkjx-8cbf344360117103deac0313f2564488\">\n#top .av_textblock_section.av-r4rkjx-8cbf344360117103deac0313f2564488 .avia_textblock{\nfont-size:15px;\ncolor:#ffffff;\n}\n<\/style>\n<section  class='av_textblock_section av-r4rkjx-8cbf344360117103deac0313f2564488'  itemscope=\"itemscope\" itemtype=\"https:\/\/schema.org\/CreativeWork\" ><div class='avia_textblock av_inherit_color'  itemprop=\"text\" ><p style=\"text-align: right;\">Bildungsangebote f\u00fcr Familien<\/p>\n<\/div><\/section>\n<\/div><\/div>\n<style type=\"text\/css\" data-created_by=\"avia_inline_auto\" id=\"style-css-av-q5xa8d-51c876d8b261ba54fe32e91e381abf3f\">\n.flex_cell.av-q5xa8d-51c876d8b261ba54fe32e91e381abf3f{\nvertical-align:top;\nheight:2px;\nmin-height:2px;\nbackground-color:#eb600a;\n}\n.responsive #top #wrap_all .flex_cell.av-q5xa8d-51c876d8b261ba54fe32e91e381abf3f{\npadding:0 0px 0px 0px !important;\n}\n<\/style>\n<div class='flex_cell av-q5xa8d-51c876d8b261ba54fe32e91e381abf3f av-gridrow-cell av_one_fourth no_margin  avia-builder-el-4  el_after_av_cell_one_fourth  el_before_av_cell_one_fourth ' ><div class='flex_cell_inner'><\/div><\/div>\n<style type=\"text\/css\" data-created_by=\"avia_inline_auto\" id=\"style-css-av-om0oj1-c6e32000bd54c3e90b914bd08bc3eb85\">\n.flex_cell.av-om0oj1-c6e32000bd54c3e90b914bd08bc3eb85{\nvertical-align:top;\nheight:2px;\nmin-height:2px;\nbackground-color:#eb600a;\n}\n.responsive #top #wrap_all .flex_cell.av-om0oj1-c6e32000bd54c3e90b914bd08bc3eb85{\npadding:0px 0px 0px 0px !important;\n}\n<\/style>\n<div class='flex_cell av-om0oj1-c6e32000bd54c3e90b914bd08bc3eb85 av-gridrow-cell av_one_fourth no_margin av-hide-on-mobile  avia-builder-el-5  el_after_av_cell_one_fourth  el_before_av_cell_one_fourth  av-zero-padding' ><div class='flex_cell_inner'>\n<style type=\"text\/css\" data-created_by=\"avia_inline_auto\" id=\"style-css-av-mn3ydp-0a1205d8e7f8a8d64340ed78b8dc4a8a\">\n#top .av_textblock_section.av-mn3ydp-0a1205d8e7f8a8d64340ed78b8dc4a8a .avia_textblock{\nfont-size:15px;\ncolor:#ffffff;\n}\n<\/style>\n<section  class='av_textblock_section av-mn3ydp-0a1205d8e7f8a8d64340ed78b8dc4a8a'  itemscope=\"itemscope\" itemtype=\"https:\/\/schema.org\/CreativeWork\" ><div class='avia_textblock av_inherit_color'  itemprop=\"text\" ><p style=\"text-align: right;\">Telefon: 02323 493 17-60<\/p>\n<\/div><\/section>\n<\/div><\/div>\n<style type=\"text\/css\" data-created_by=\"avia_inline_auto\" id=\"style-css-av-lgf6b1-5b3a6d3ae34e950ee8af6121c545f38b\">\n.flex_cell.av-lgf6b1-5b3a6d3ae34e950ee8af6121c545f38b{\nvertical-align:top;\nheight:2px;\nmin-height:2px;\nbackground-color:#eb600a;\n}\n.responsive #top #wrap_all .flex_cell.av-lgf6b1-5b3a6d3ae34e950ee8af6121c545f38b{\npadding:0px 0px 0px 0px !important;\n}\n<\/style>\n<div class='flex_cell av-lgf6b1-5b3a6d3ae34e950ee8af6121c545f38b av-gridrow-cell av_one_fourth no_margin av-hide-on-mobile  avia-builder-el-7  el_after_av_cell_one_fourth  avia-builder-el-last  av-zero-padding' ><div class='flex_cell_inner'>\n<style type=\"text\/css\" data-created_by=\"avia_inline_auto\" id=\"style-css-av-jbotv1-ea2e33559d9f8f5037de9710bfe689c8\">\n#top .av_textblock_section.av-jbotv1-ea2e33559d9f8f5037de9710bfe689c8 .avia_textblock{\nfont-size:15px;\ncolor:#ffffff;\n}\n<\/style>\n<section  class='av_textblock_section av-jbotv1-ea2e33559d9f8f5037de9710bfe689c8'  itemscope=\"itemscope\" itemtype=\"https:\/\/schema.org\/CreativeWork\" ><div class='avia_textblock av_inherit_color'  itemprop=\"text\" ><p style=\"text-align: center;\">Mail: info@pevnrw.de<\/p>\n<\/div><\/section>\n<\/div><\/div>\n<\/div>\n<div id='av-layout-grid-2'  class='av-layout-grid-container av-hh5uq5-3c9f12de857dd20cefd22c8905fe853a entry-content-wrapper main_color av-fixed-cells  avia-builder-el-9  el_after_av_layout_row  el_before_av_one_full  grid-row-not-first  container_wrap sidebar_right'  >\n\n<style type=\"text\/css\" data-created_by=\"avia_inline_auto\" id=\"style-css-av-g5lqx9-62670865f0a10ebc0840d976adc00539\">\n.flex_cell.av-g5lqx9-62670865f0a10ebc0840d976adc00539{\nvertical-align:top;\nheight:2px;\nmin-height:2px;\nbackground-color:#e3effc;\n}\n.responsive #top #wrap_all .flex_cell.av-g5lqx9-62670865f0a10ebc0840d976adc00539{\npadding:10px 0px 0px 0px !important;\n}\n<\/style>\n<div class='flex_cell av-g5lqx9-62670865f0a10ebc0840d976adc00539 av-gridrow-cell av_one_half no_margin  avia-builder-el-10  el_before_av_cell_one_half  avia-builder-el-first ' ><div class='flex_cell_inner'><\/div><\/div>\n<style type=\"text\/css\" data-created_by=\"avia_inline_auto\" id=\"style-css-av-e8a8yl-944e52257b2f97e681102e401e7aa8ef\">\n.flex_cell.av-e8a8yl-944e52257b2f97e681102e401e7aa8ef{\nvertical-align:top;\nheight:2px;\nmin-height:2px;\nbackground-color:#e3effc;\n}\n.responsive #top #wrap_all .flex_cell.av-e8a8yl-944e52257b2f97e681102e401e7aa8ef{\npadding:9px 0px 0px 0px !important;\n}\n<\/style>\n<div class='flex_cell av-e8a8yl-944e52257b2f97e681102e401e7aa8ef av-gridrow-cell av_one_half no_margin  avia-builder-el-11  el_after_av_cell_one_half  avia-builder-el-last ' ><div class='flex_cell_inner'><\/div><\/div>\n<\/div><div id='after_grid_row_2'  class='main_color av_default_container_wrap container_wrap sidebar_right'  ><div class='container av-section-cont-open' ><div class='template-page content  av-content-small alpha units'><div class='post-entry post-entry-type-page post-entry-1565'><div class='entry-content-wrapper clearfix'>\n\n<style type=\"text\/css\" data-created_by=\"avia_inline_auto\" id=\"style-css-av-buhgz1-d996e550ccc6592ccc2f90420e595334\">\n.flex_column.av-buhgz1-d996e550ccc6592ccc2f90420e595334{\n-webkit-border-radius:0px 0px 0px 0px;\n-moz-border-radius:0px 0px 0px 0px;\nborder-radius:0px 0px 0px 0px;\npadding:0px 0px 0px 0px;\n}\n<\/style>\n<div class='flex_column av-buhgz1-d996e550ccc6592ccc2f90420e595334 av_one_full  avia-builder-el-12  el_after_av_layout_row  el_before_av_one_half  avia-builder-el-first  first flex_column_div av-zero-column-padding '     ><section  class='av_textblock_section av-alb3l9-e63de842c5f24e0d3dd585fb6be26e90'  itemscope=\"itemscope\" itemtype=\"https:\/\/schema.org\/CreativeWork\" ><div class='avia_textblock'  itemprop=\"text\" ><h2>Familie in Bildungsinstitutionen (2)<\/h2>\n<p>Famili\u00e4re und \u00f6ffentliche Sozialisation erg\u00e4nzen sich heute mehr denn je. Um dem Anspruch an eine lebensweltnahe Bildungspraxis, die auch auf individuelle Bedarfe eingehen kann, gerecht zu werden, m\u00fcssen Familien und Institutionen eng zusammenwirken. Um dies zu erm\u00f6glichen, sollten Eltern\/ Sorgeverantwortliche und p\u00e4dagogische Fachkr\u00e4fte in einer sogenannten Bildungspartner*innenschaft zusammenkommen.<\/p>\n<p>Wir wenden uns mit unseren Bildungsveranstaltungen dieses Bereichskonzeptes daher an Eltern\/ Sorgeverantwortliche und Erzieher*innen\/ Lehrer*innen\/ Fachkr\u00e4fte, um diese Partner*innenschaften z.B. in Zusammenarbeit mit Elterninitiativen zu f\u00f6rdern und zu st\u00e4rken.<\/p>\n<p>In Workshops, Seminaren und Fachtagungen werden die Partner*innen geschult und gemeinsame Kommunikationsplattformen geschaffen. Dar\u00fcber hinaus werden auch Formate angeboten, um Konflikte und St\u00f6rungen zwischen Eltern\/ Sorgeverantwortlichen und Erziehungs- und Bildungseinrichtungen m\u00f6glichst konstruktiv zu bearbeiten und ressourcen- und kinderrechtsorientierte L\u00f6sungsans\u00e4tze zu entwickeln.<\/p>\n<\/div><\/section><\/div>\n<style type=\"text\/css\" data-created_by=\"avia_inline_auto\" id=\"style-css-av-9c1319-b1fd70880626b10b335df6e5414fd219\">\n.flex_column.av-9c1319-b1fd70880626b10b335df6e5414fd219{\n-webkit-border-radius:0px 0px 0px 0px;\n-moz-border-radius:0px 0px 0px 0px;\nborder-radius:0px 0px 0px 0px;\npadding:0px 0px 0px 0px;\n}\n<\/style>\n<div class='flex_column av-9c1319-b1fd70880626b10b335df6e5414fd219 av_one_half  avia-builder-el-14  el_after_av_one_full  el_before_av_layout_row  avia-builder-el-last  first flex_column_div av-zero-column-padding column-top-margin'     ><div  class='avia-button-wrap av-7okya5-e56c1532963041183e70c440ca6632b3-wrap avia-button-left  avia-builder-el-15  avia-builder-el-no-sibling '><a href='https:\/\/pevnw.com\/cms\/bereichskonzepte-uebersicht\/'  class='avia-button av-7okya5-e56c1532963041183e70c440ca6632b3 avia-icon_select-yes-left-icon avia-size-large avia-position-left avia-color-theme-color'  ><span class='avia_button_icon avia_button_icon_left' aria-hidden='true' data-av_icon='\ue830' data-av_iconfont='entypo-fontello'><\/span><span class='avia_iconbox_title' >Zur\u00fcck zur \u00dcbersicht<\/span><\/a><\/div><\/div><\/p>\n<\/div><\/div><\/div><!-- close content main div --><\/div><\/div><div id='av-layout-grid-3'  class='av-layout-grid-container av-5va4nh-5c2588b8f70a389c3665df2f44a7486c entry-content-wrapper main_color av-fixed-cells  avia-builder-el-16  el_after_av_one_half  avia-builder-el-last  grid-row-not-first  container_wrap sidebar_right'  >\n\n<style type=\"text\/css\" data-created_by=\"avia_inline_auto\" id=\"style-css-av-4v19cd-d0c84e52a3fd9c8be6b571b636b0b88d\">\n.flex_cell.av-4v19cd-d0c84e52a3fd9c8be6b571b636b0b88d{\nvertical-align:top;\nheight:2px;\nmin-height:2px;\nbackground-color:#e3effc;\n}\n.responsive #top #wrap_all .flex_cell.av-4v19cd-d0c84e52a3fd9c8be6b571b636b0b88d{\npadding:10px 0px 0px 0px !important;\n}\n<\/style>\n<div class='flex_cell av-4v19cd-d0c84e52a3fd9c8be6b571b636b0b88d av-gridrow-cell av_one_half no_margin  avia-builder-el-17  el_before_av_cell_one_half  avia-builder-el-first ' ><div class='flex_cell_inner'><\/div><\/div>\n<style type=\"text\/css\" data-created_by=\"avia_inline_auto\" id=\"style-css-av-1w05x9-8be7a839ea4371fef4cb0719e14dd854\">\n.flex_cell.av-1w05x9-8be7a839ea4371fef4cb0719e14dd854{\nvertical-align:top;\nheight:2px;\nmin-height:2px;\nbackground-color:#e3effc;\n}\n.responsive #top #wrap_all .flex_cell.av-1w05x9-8be7a839ea4371fef4cb0719e14dd854{\npadding:9px 0px 0px 0px !important;\n}\n<\/style>\n<div class='flex_cell av-1w05x9-8be7a839ea4371fef4cb0719e14dd854 av-gridrow-cell av_one_half no_margin  avia-builder-el-18  el_after_av_cell_one_half  avia-builder-el-last ' ><div class='flex_cell_inner'><\/div><\/div>\n<\/div>\n","protected":false},"excerpt":{"rendered":"","protected":false},"author":1,"featured_media":0,"parent":0,"menu_order":0,"comment_status":"closed","ping_status":"closed","template":"","meta":{"footnotes":""},"_links":{"self":[{"href":"https:\/\/pevnw.com\/cms\/wp-json\/wp\/v2\/pages\/1565"}],"collection":[{"href":"https:\/\/pevnw.com\/cms\/wp-json\/wp\/v2\/pages"}],"about":[{"href":"https:\/\/pevnw.com\/cms\/wp-json\/wp\/v2\/types\/page"}],"author":[{"embeddable":true,"href":"https:\/\/pevnw.com\/cms\/wp-json\/wp\/v2\/users\/1"}],"replies":[{"embeddable":true,"href":"https:\/\/pevnw.com\/cms\/wp-json\/wp\/v2\/comments?post=1565"}],"version-history":[{"count":6,"href":"https:\/\/pevnw.com\/cms\/wp-json\/wp\/v2\/pages\/1565\/revisions"}],"predecessor-version":[{"id":8780,"href":"https:\/\/pevnw.com\/cms\/wp-json\/wp\/v2\/pages\/1565\/revisions\/8780"}],"wp:attachment":[{"href":"https:\/\/pevnw.com\/cms\/wp-json\/wp\/v2\/media?parent=1565"}],"curies":[{"name":"wp","href":"https:\/\/api.w.org\/{rel}","templated":true}]}}