{"id":1537,"date":"2017-08-18T13:13:27","date_gmt":"2017-08-18T11:13:27","guid":{"rendered":"http:\/\/pevnw.com\/cms\/?page_id=1537"},"modified":"2025-07-25T14:12:58","modified_gmt":"2025-07-25T12:12:58","slug":"bereichskonzepte-uebersicht","status":"publish","type":"page","link":"https:\/\/pevnw.com\/cms\/bereichskonzepte-uebersicht\/","title":{"rendered":"Bereichskonzepte-Uebersicht"},"content":{"rendered":"<div id='full_slider_1'  class='avia-fullwidth-slider main_color avia-shadow   avia-builder-el-0  el_before_av_layout_row  avia-builder-el-first   container_wrap sidebar_right'  >\n<style type=\"text\/css\" data-created_by=\"avia_inline_auto\" id=\"style-css-av-py9fnl-8ac2feaa103d33fcf05cf629e642fb80\">\n#top #wrap_all .avia-slideshow .av-slideshow-caption.av-py9fnl-8ac2feaa103d33fcf05cf629e642fb80__0 .avia-caption-title{\nfont-size:30px;\n}\n<\/style>\n<div  class='avia-slideshow av-py9fnl-8ac2feaa103d33fcf05cf629e642fb80 avia-slideshow-no scaling av_slideshow_full avia-slide-slider av-slideshow-ui av-control-default av-slideshow-manual av-loop-once av-loop-manual-endless av-default-height-applied   avia-slideshow-1' data-slideshow-options=\"{&quot;animation&quot;:&quot;slide&quot;,&quot;autoplay&quot;:false,&quot;loop_autoplay&quot;:&quot;once&quot;,&quot;interval&quot;:5,&quot;loop_manual&quot;:&quot;manual-endless&quot;,&quot;autoplay_stopper&quot;:false,&quot;noNavigation&quot;:false,&quot;bg_slider&quot;:false,&quot;keep_padding&quot;:false,&quot;hoverpause&quot;:false,&quot;show_slide_delay&quot;:0}\"  itemprop=\"image\" itemscope=\"itemscope\" itemtype=\"https:\/\/schema.org\/ImageObject\" ><ul class='avia-slideshow-inner ' style='padding-bottom: 27.9396984925%;'><li  class='avia-slideshow-slide av-py9fnl-8ac2feaa103d33fcf05cf629e642fb80__0  av-single-slide slide-1 slide-odd'><div data-rel='slideshow-1' class='avia-slide-wrap '   ><div class='av-slideshow-caption av-py9fnl-8ac2feaa103d33fcf05cf629e642fb80__0 caption_fullwidth caption_bottom caption_bottom_framed caption_framed'><div class=\"container caption_container\"><div class=\"slideshow_caption\"><div class=\"slideshow_inner_caption\"><div class=\"slideshow_align_caption\"><h2 class='avia-caption-title '  itemprop=\"name\" >Bereichskonzepte<\/h2><\/div><\/div><\/div><\/div><\/div><img decoding=\"async\" class=\"wp-image-1231 avia-img-lazy-loading-not-1231\"  src=\"https:\/\/pevnw.com\/cms\/wp-content\/uploads\/2016\/02\/PEV_2016_Header_08_Feuer_0179.png\" width=\"995\" height=\"278\" title='PEV_2016_Header_08_Feuer_0179' alt=''  itemprop=\"thumbnailUrl\" srcset=\"https:\/\/pevnw.com\/cms\/wp-content\/uploads\/2016\/02\/PEV_2016_Header_08_Feuer_0179.png 995w, https:\/\/pevnw.com\/cms\/wp-content\/uploads\/2016\/02\/PEV_2016_Header_08_Feuer_0179-300x84.png 300w, https:\/\/pevnw.com\/cms\/wp-content\/uploads\/2016\/02\/PEV_2016_Header_08_Feuer_0179-768x215.png 768w, https:\/\/pevnw.com\/cms\/wp-content\/uploads\/2016\/02\/PEV_2016_Header_08_Feuer_0179-705x197.png 705w, https:\/\/pevnw.com\/cms\/wp-content\/uploads\/2016\/02\/PEV_2016_Header_08_Feuer_0179-450x126.png 450w\" sizes=\"(max-width: 995px) 100vw, 995px\" \/><\/div><\/li><\/ul><\/div><\/div>\n<div id='av-layout-grid-1'  class='av-layout-grid-container av-n2gxrl-77325e6bc6852474004c3dd154e157d3 entry-content-wrapper main_color av-fixed-cells  avia-builder-el-1  el_after_av_slideshow_full  el_before_av_one_full  grid-row-not-first  container_wrap sidebar_right'  >\n\n<style type=\"text\/css\" data-created_by=\"avia_inline_auto\" id=\"style-css-av-lahhdt-8a4d9ffb35e2a34508759a89bba8b291\">\n.flex_cell.av-lahhdt-8a4d9ffb35e2a34508759a89bba8b291{\nvertical-align:top;\nheight:2px;\nmin-height:2px;\nbackground-color:#eb600a;\n}\n.responsive #top #wrap_all .flex_cell.av-lahhdt-8a4d9ffb35e2a34508759a89bba8b291{\npadding:5px 0px 0px 0px !important;\n}\n<\/style>\n<div class='flex_cell av-lahhdt-8a4d9ffb35e2a34508759a89bba8b291 av-gridrow-cell av_one_fourth no_margin av-hide-on-mobile  avia-builder-el-2  el_before_av_cell_one_fourth  avia-builder-el-first ' ><div class='flex_cell_inner'>\n<style type=\"text\/css\" data-created_by=\"avia_inline_auto\" id=\"style-css-av-ipnsgh-704d5e22ba029c1f5f0f66bb4c893cf9\">\n#top .av_textblock_section.av-ipnsgh-704d5e22ba029c1f5f0f66bb4c893cf9 .avia_textblock{\nfont-size:15px;\ncolor:#ffffff;\n}\n<\/style>\n<section  class='av_textblock_section av-ipnsgh-704d5e22ba029c1f5f0f66bb4c893cf9'  itemscope=\"itemscope\" itemtype=\"https:\/\/schema.org\/CreativeWork\" ><div class='avia_textblock av_inherit_color'  itemprop=\"text\" ><p style=\"text-align: right;\">Bildungsangebote f\u00fcr Familien<\/p>\n<\/div><\/section>\n<\/div><\/div>\n<style type=\"text\/css\" data-created_by=\"avia_inline_auto\" id=\"style-css-av-h6qjwh-74cc14d449f8f13f38ca0d2a552227a0\">\n.flex_cell.av-h6qjwh-74cc14d449f8f13f38ca0d2a552227a0{\nvertical-align:top;\nheight:2px;\nmin-height:2px;\nbackground-color:#eb600a;\n}\n.responsive #top #wrap_all .flex_cell.av-h6qjwh-74cc14d449f8f13f38ca0d2a552227a0{\npadding:0 0px 0px 0px !important;\n}\n<\/style>\n<div class='flex_cell av-h6qjwh-74cc14d449f8f13f38ca0d2a552227a0 av-gridrow-cell av_one_fourth no_margin  avia-builder-el-4  el_after_av_cell_one_fourth  el_before_av_cell_one_fourth ' ><div class='flex_cell_inner'><\/div><\/div>\n<style type=\"text\/css\" data-created_by=\"avia_inline_auto\" id=\"style-css-av-fbq01t-5d610cae3e32bd6fdeab01a06bad9ccd\">\n.flex_cell.av-fbq01t-5d610cae3e32bd6fdeab01a06bad9ccd{\nvertical-align:top;\nheight:2px;\nmin-height:2px;\nbackground-color:#eb600a;\n}\n.responsive #top #wrap_all .flex_cell.av-fbq01t-5d610cae3e32bd6fdeab01a06bad9ccd{\npadding:0px 0px 0px 0px !important;\n}\n<\/style>\n<div class='flex_cell av-fbq01t-5d610cae3e32bd6fdeab01a06bad9ccd av-gridrow-cell av_one_fourth no_margin av-hide-on-mobile  avia-builder-el-5  el_after_av_cell_one_fourth  el_before_av_cell_one_fourth  av-zero-padding' ><div class='flex_cell_inner'>\n<style type=\"text\/css\" data-created_by=\"avia_inline_auto\" id=\"style-css-av-e3529t-ac68b8da4135b555a8de9a17a71944a2\">\n#top .av_textblock_section.av-e3529t-ac68b8da4135b555a8de9a17a71944a2 .avia_textblock{\nfont-size:15px;\ncolor:#ffffff;\n}\n<\/style>\n<section  class='av_textblock_section av-e3529t-ac68b8da4135b555a8de9a17a71944a2'  itemscope=\"itemscope\" itemtype=\"https:\/\/schema.org\/CreativeWork\" ><div class='avia_textblock av_inherit_color'  itemprop=\"text\" ><p style=\"text-align: right;\">Telefon: 02323 493 17-60<\/p>\n<\/div><\/section>\n<\/div><\/div>\n<style type=\"text\/css\" data-created_by=\"avia_inline_auto\" id=\"style-css-av-cqy8kh-35c7ff8d88d32d9c6f64729121e24eda\">\n.flex_cell.av-cqy8kh-35c7ff8d88d32d9c6f64729121e24eda{\nvertical-align:top;\nheight:2px;\nmin-height:2px;\nbackground-color:#eb600a;\n}\n.responsive #top #wrap_all .flex_cell.av-cqy8kh-35c7ff8d88d32d9c6f64729121e24eda{\npadding:0px 0px 0px 0px !important;\n}\n<\/style>\n<div class='flex_cell av-cqy8kh-35c7ff8d88d32d9c6f64729121e24eda av-gridrow-cell av_one_fourth no_margin av-hide-on-mobile  avia-builder-el-7  el_after_av_cell_one_fourth  avia-builder-el-last  av-zero-padding' ><div class='flex_cell_inner'>\n<style type=\"text\/css\" data-created_by=\"avia_inline_auto\" id=\"style-css-av-afwp41-debfdb0de3185834cffcb83c0aabeb31\">\n#top .av_textblock_section.av-afwp41-debfdb0de3185834cffcb83c0aabeb31 .avia_textblock{\nfont-size:15px;\ncolor:#ffffff;\n}\n<\/style>\n<section  class='av_textblock_section av-afwp41-debfdb0de3185834cffcb83c0aabeb31'  itemscope=\"itemscope\" itemtype=\"https:\/\/schema.org\/CreativeWork\" ><div class='avia_textblock av_inherit_color'  itemprop=\"text\" ><p style=\"text-align: center;\">Mail: info@pevnrw.de<\/p>\n<\/div><\/section>\n<\/div><\/div>\n<\/div><div id='after_grid_row_1'  class='main_color av_default_container_wrap container_wrap sidebar_right'  ><div class='container av-section-cont-open' ><div class='template-page content  av-content-small alpha units'><div class='post-entry post-entry-type-page post-entry-1537'><div class='entry-content-wrapper clearfix'>\n\n<style type=\"text\/css\" data-created_by=\"avia_inline_auto\" id=\"style-css-av-8q86u9-e19b08114a9c2c2c59715466bdae24a8\">\n.flex_column.av-8q86u9-e19b08114a9c2c2c59715466bdae24a8{\n-webkit-border-radius:0px 0px 0px 0px;\n-moz-border-radius:0px 0px 0px 0px;\nborder-radius:0px 0px 0px 0px;\npadding:0px 0px 0px 0px;\n}\n<\/style>\n<div class='flex_column av-8q86u9-e19b08114a9c2c2c59715466bdae24a8 av_one_full  avia-builder-el-9  el_after_av_layout_row  el_before_av_layout_row  avia-builder-el-no-sibling  first flex_column_div av-zero-column-padding '     ><section  class='av_textblock_section av-83ci29-af6c24d72d40621a5388c0930fc2628b'  itemscope=\"itemscope\" itemtype=\"https:\/\/schema.org\/CreativeWork\" ><div class='avia_textblock'  itemprop=\"text\" ><h2 style=\"text-align: left;\">Thematisch-konzeptionelle Bereiche der PEV-Familienbildungspraxis<\/h2>\n<p>All unsere Bildungsangebote der PEV-Familienbildungsst\u00e4tte werden einem der zehn hier skizzierten Bereichskonzepte zugeordnet. Sie machen die Vielfalt und gleichsam Fokussierung unserer inhaltlichen Ausrichtung sichtbar und sind ein wesentliches Instrument unserer strategischen (Weiter-)Entwicklung sowie des Qualit\u00e4tsmanagements.<\/p>\n<p>Die Ideen und Leitgedanken der Bildung f\u00fcr nachhaltige Entwicklung (BNE) sowie die damit verbundenen SDGs (Nachhaltigkeitsziele) begleiten uns dabei in all unseren zehn Bildungsbereichen. Gem\u00e4\u00df unseres Leitbildes stellt BNE damit die Grundlage f\u00fcr die an den pluralen Lebensrealit\u00e4ten von Familien orientierte Bildungspraxis des PEV dar. Dies artikuliert sich letztlich durch unsere aktivierenden Angebote, die Menschen in unterschiedlichen Lebensphasen zu einem reflektierten, zukunftsorientierten und verantwortungsvollen Handeln im Alltag bef\u00e4higen, st\u00e4rken und f\u00f6rdern sollen. Denn Familien spielen eine Schl\u00fcsselrolle f\u00fcr nachhaltige Entwicklung, da hier grundlegende Werte, Haltungen und Kompetenzen weitergegeben werden.<\/p>\n<ul>\n<li><span style=\"color: #000000;\"><strong>Familie in der Gesellschaft (1)<\/strong> \u2192 <em>zum <a href=\"http:\/\/pevnw.com\/cms\/bereichskonzept1\/\">Bereichskonzept 1<\/a><\/em><\/span><\/li>\n<li><span style=\"color: #000000;\"><strong>Familie in Bildungsinstitutionen (2)<\/strong> \u2192 <em>zum <a href=\"http:\/\/pevnw.com\/cms\/bereichskonzept2\/\">Bereichskonzept 2<\/a><\/em><\/span><\/li>\n<li><span style=\"color: #000000;\"><strong>Familie in der Arbeitswelt (3)<\/strong> \u2192 <em>zum <a href=\"http:\/\/pevnw.com\/cms\/bereichskonzept3\/\">Bereichskonzept 3<\/a><\/em><\/span><\/li>\n<li><span style=\"color: #000000;\"><strong>Sozialisation von Kindern (4)<\/strong> \u2192 <em>zum <a href=\"http:\/\/pevnw.com\/cms\/bereichskonzept4\/\">Bereichskonzept 4<\/a><\/em><\/span><\/li>\n<li><span style=\"color: #000000;\"><strong>Familienleben \u2013 Familie leben (5)<\/strong> \u2192 <em>zum <a href=\"http:\/\/pevnw.com\/cms\/bereichskonzept5\/\">Bereichskonzept 5<\/a><\/em><\/span><\/li>\n<li><span style=\"color: #000000;\"><strong>Familien in Belastungssituationen und erschwerten Lebenslagen (6)<\/strong> \u2192 <em>zum <a href=\"http:\/\/pevnw.com\/cms\/bereichskonzept6\/\">Bereichskonzept 6<\/a><\/em><\/span><\/li>\n<li><span style=\"color: #000000;\"><strong>Partner*innenschaft \u2013 Elternschaft (7)<\/strong> \u2192 <em>zum <a href=\"http:\/\/pevnw.com\/cms\/bereichskonzept7\/\">Bereichskonzept 7<\/a><\/em><\/span><\/li>\n<li><span style=\"color: #000000;\"><strong>Handlungs- und Schl\u00fcsselkompetenzen (8)<\/strong> \u2192 <em>zum <a href=\"http:\/\/pevnw.com\/cms\/bereichskonzept8\/\">Bereichskonzept 8<\/a><\/em><\/span><\/li>\n<li><span style=\"color: #000000;\"><strong>Selbst- und Nachbar*innenschaftshilfe (9)<\/strong> \u2192 <em>zum <a href=\"http:\/\/pevnw.com\/cms\/bereichskonzept9\/\">Bereichskonzept 9<\/a><\/em><\/span><\/li>\n<li><span style=\"color: #000000;\"><strong>Angebote f\u00fcr p\u00e4dagogische Fachkr\u00e4fte (10)<\/strong> \u2192 <em>zum <a href=\"http:\/\/pevnw.com\/cms\/bereichskonzept10\/\">Bereichskonzept 10<\/a><\/em><\/span><\/li>\n<\/ul>\n<\/div><\/section><\/div><\/div><\/div><\/div><!-- close content main div --><\/div><\/div><div id='av-layout-grid-2'  class='av-layout-grid-container av-6b8z2p-3c4a8ffa1c0322addc75b94bb05cc358 entry-content-wrapper main_color av-fixed-cells  avia-builder-el-11  el_after_av_one_full  avia-builder-el-last  grid-row-not-first  container_wrap sidebar_right'  >\n\n<style type=\"text\/css\" data-created_by=\"avia_inline_auto\" id=\"style-css-av-40o5gx-310013f26ca305687bdee118a2cd2d12\">\n.flex_cell.av-40o5gx-310013f26ca305687bdee118a2cd2d12{\nvertical-align:top;\nheight:2px;\nmin-height:2px;\nbackground-color:#e3effc;\n}\n.responsive #top #wrap_all .flex_cell.av-40o5gx-310013f26ca305687bdee118a2cd2d12{\npadding:10px 0px 0px 0px !important;\n}\n<\/style>\n<div class='flex_cell av-40o5gx-310013f26ca305687bdee118a2cd2d12 av-gridrow-cell av_one_half no_margin  avia-builder-el-12  el_before_av_cell_one_half  avia-builder-el-first ' ><div class='flex_cell_inner'><\/div><\/div>\n<style type=\"text\/css\" data-created_by=\"avia_inline_auto\" id=\"style-css-av-1z8rfl-8c8284e6d4371683c0b1c4929b462001\">\n.flex_cell.av-1z8rfl-8c8284e6d4371683c0b1c4929b462001{\nvertical-align:top;\nheight:2px;\nmin-height:2px;\nbackground-color:#e3effc;\n}\n.responsive #top #wrap_all .flex_cell.av-1z8rfl-8c8284e6d4371683c0b1c4929b462001{\npadding:9px 0px 0px 0px !important;\n}\n<\/style>\n<div class='flex_cell av-1z8rfl-8c8284e6d4371683c0b1c4929b462001 av-gridrow-cell av_one_half no_margin  avia-builder-el-13  el_after_av_cell_one_half  avia-builder-el-last ' ><div class='flex_cell_inner'><\/div><\/div>\n<\/div><\/p>\n","protected":false},"excerpt":{"rendered":"","protected":false},"author":1,"featured_media":0,"parent":0,"menu_order":0,"comment_status":"closed","ping_status":"closed","template":"","meta":{"footnotes":""},"_links":{"self":[{"href":"https:\/\/pevnw.com\/cms\/wp-json\/wp\/v2\/pages\/1537"}],"collection":[{"href":"https:\/\/pevnw.com\/cms\/wp-json\/wp\/v2\/pages"}],"about":[{"href":"https:\/\/pevnw.com\/cms\/wp-json\/wp\/v2\/types\/page"}],"author":[{"embeddable":true,"href":"https:\/\/pevnw.com\/cms\/wp-json\/wp\/v2\/users\/1"}],"replies":[{"embeddable":true,"href":"https:\/\/pevnw.com\/cms\/wp-json\/wp\/v2\/comments?post=1537"}],"version-history":[{"count":10,"href":"https:\/\/pevnw.com\/cms\/wp-json\/wp\/v2\/pages\/1537\/revisions"}],"predecessor-version":[{"id":8774,"href":"https:\/\/pevnw.com\/cms\/wp-json\/wp\/v2\/pages\/1537\/revisions\/8774"}],"wp:attachment":[{"href":"https:\/\/pevnw.com\/cms\/wp-json\/wp\/v2\/media?parent=1537"}],"curies":[{"name":"wp","href":"https:\/\/api.w.org\/{rel}","templated":true}]}}