{"id":1510,"date":"2017-08-04T11:35:00","date_gmt":"2017-08-04T09:35:00","guid":{"rendered":"http:\/\/pevnw.com\/cms\/?page_id=1510"},"modified":"2023-05-23T16:49:28","modified_gmt":"2023-05-23T14:49:28","slug":"familienbildungsurlaube-mehr-infos","status":"publish","type":"page","link":"https:\/\/pevnw.com\/cms\/familienbildungsurlaube-mehr-infos\/","title":{"rendered":"Familienbildungsurlaube mehr Infos"},"content":{"rendered":"<div id='full_slider_1'  class='avia-fullwidth-slider main_color avia-shadow   avia-builder-el-0  el_before_av_layout_row  avia-builder-el-first   container_wrap sidebar_right'  >\n<style type=\"text\/css\" data-created_by=\"avia_inline_auto\" id=\"style-css-av-av_slideshow_full-7c89eef234b705e7a4d2de62d66c7ebb\">\n#top #wrap_all .avia-slideshow .av-slideshow-caption.av-av_slideshow_full-7c89eef234b705e7a4d2de62d66c7ebb__0 .avia-caption-title{\nfont-size:30px;\n}\n<\/style>\n<div  class='avia-slideshow av-av_slideshow_full-7c89eef234b705e7a4d2de62d66c7ebb avia-slideshow-no scaling av_slideshow_full avia-slide-slider av-slideshow-ui av-control-default av-slideshow-manual av-loop-once av-loop-manual-endless av-default-height-applied   avia-slideshow-1' data-slideshow-options=\"{&quot;animation&quot;:&quot;slide&quot;,&quot;autoplay&quot;:false,&quot;loop_autoplay&quot;:&quot;once&quot;,&quot;interval&quot;:5,&quot;loop_manual&quot;:&quot;manual-endless&quot;,&quot;autoplay_stopper&quot;:false,&quot;noNavigation&quot;:false,&quot;bg_slider&quot;:false,&quot;keep_padding&quot;:false,&quot;hoverpause&quot;:false,&quot;show_slide_delay&quot;:0}\"  itemprop=\"image\" itemscope=\"itemscope\" itemtype=\"https:\/\/schema.org\/ImageObject\" ><ul class='avia-slideshow-inner ' style='padding-bottom: 44.3287037037%;'><li  class='avia-slideshow-slide av-av_slideshow_full-7c89eef234b705e7a4d2de62d66c7ebb__0  av-single-slide slide-1 slide-odd'><div data-rel='slideshow-1' class='avia-slide-wrap '   ><div class='av-slideshow-caption av-av_slideshow_full-7c89eef234b705e7a4d2de62d66c7ebb__0 caption_fullwidth caption_bottom caption_bottom_framed caption_framed'><div class=\"container caption_container\"><div class=\"slideshow_caption\"><div class=\"slideshow_inner_caption\"><div class=\"slideshow_align_caption\"><h2 class='avia-caption-title '  itemprop=\"name\" >Familienbildungsurlaube<\/h2><br\/><a href='http:\/\/pevnw.com\/cms\/angebote\/familienbildungsurlaube\/'  class='avia-slideshow-button avia-button avia-color-light ' data-duration='800' data-easing='easeInOutQuad'>zur\u00fcck<\/a><\/div><\/div><\/div><\/div><\/div><img decoding=\"async\" class=\"wp-image-1239 avia-img-lazy-loading-not-1239\"  src=\"https:\/\/pevnw.com\/cms\/wp-content\/uploads\/2016\/07\/img_4316-Kopie2.jpg\" width=\"1728\" height=\"766\" title='img_4316 Kopie2' alt=''  itemprop=\"thumbnailUrl\" srcset=\"https:\/\/pevnw.com\/cms\/wp-content\/uploads\/2016\/07\/img_4316-Kopie2.jpg 1728w, https:\/\/pevnw.com\/cms\/wp-content\/uploads\/2016\/07\/img_4316-Kopie2-300x133.jpg 300w, https:\/\/pevnw.com\/cms\/wp-content\/uploads\/2016\/07\/img_4316-Kopie2-768x340.jpg 768w, https:\/\/pevnw.com\/cms\/wp-content\/uploads\/2016\/07\/img_4316-Kopie2-1030x457.jpg 1030w, https:\/\/pevnw.com\/cms\/wp-content\/uploads\/2016\/07\/img_4316-Kopie2-1500x665.jpg 1500w, https:\/\/pevnw.com\/cms\/wp-content\/uploads\/2016\/07\/img_4316-Kopie2-705x313.jpg 705w, https:\/\/pevnw.com\/cms\/wp-content\/uploads\/2016\/07\/img_4316-Kopie2-450x199.jpg 450w\" sizes=\"(max-width: 1728px) 100vw, 1728px\" \/><\/div><\/li><\/ul><\/div><\/div>\n<div id='av-layout-grid-1'  class='av-layout-grid-container av-av_layout_row-231f577a7721308906f5786fadbe4d9d entry-content-wrapper main_color av-fixed-cells  avia-builder-el-1  el_after_av_slideshow_full  el_before_av_layout_row  grid-row-not-first  container_wrap sidebar_right'  >\n\n<style type=\"text\/css\" data-created_by=\"avia_inline_auto\" id=\"style-css-av-av_cell_one_fourth-a3e7d377450ea1480a5da2935a274de0\">\n.flex_cell.av-av_cell_one_fourth-a3e7d377450ea1480a5da2935a274de0{\nvertical-align:top;\nheight:2px;\nmin-height:2px;\nbackground-color:#eb600a;\n}\n.responsive #top #wrap_all .flex_cell.av-av_cell_one_fourth-a3e7d377450ea1480a5da2935a274de0{\npadding:5px 0px 0px 0px !important;\n}\n<\/style>\n<div class='flex_cell av-av_cell_one_fourth-a3e7d377450ea1480a5da2935a274de0 av-gridrow-cell av_one_fourth no_margin av-hide-on-mobile  avia-builder-el-2  el_before_av_cell_one_fourth  avia-builder-el-first ' ><div class='flex_cell_inner'>\n<style type=\"text\/css\" data-created_by=\"avia_inline_auto\" id=\"style-css-av-av_textblock-4fbd98e94905f1d37685553fd8902840\">\n#top .av_textblock_section.av-av_textblock-4fbd98e94905f1d37685553fd8902840 .avia_textblock{\nfont-size:15px;\ncolor:#ffffff;\n}\n<\/style>\n<section  class='av_textblock_section av-av_textblock-4fbd98e94905f1d37685553fd8902840'  itemscope=\"itemscope\" itemtype=\"https:\/\/schema.org\/CreativeWork\" ><div class='avia_textblock av_inherit_color'  itemprop=\"text\" ><p style=\"text-align: right;\">Bildungsangebote f\u00fcr Familien<\/p>\n<\/div><\/section>\n<\/div><\/div>\n<style type=\"text\/css\" data-created_by=\"avia_inline_auto\" id=\"style-css-av-av_cell_one_fourth-ff69a4742ad8c2ce9a05140783b690dd\">\n.flex_cell.av-av_cell_one_fourth-ff69a4742ad8c2ce9a05140783b690dd{\nvertical-align:top;\nheight:2px;\nmin-height:2px;\nbackground-color:#eb600a;\n}\n.responsive #top #wrap_all .flex_cell.av-av_cell_one_fourth-ff69a4742ad8c2ce9a05140783b690dd{\npadding:0 0px 0px 0px !important;\n}\n<\/style>\n<div class='flex_cell av-av_cell_one_fourth-ff69a4742ad8c2ce9a05140783b690dd av-gridrow-cell av_one_fourth no_margin  avia-builder-el-4  el_after_av_cell_one_fourth  el_before_av_cell_one_fourth ' ><div class='flex_cell_inner'><\/div><\/div>\n<style type=\"text\/css\" data-created_by=\"avia_inline_auto\" id=\"style-css-av-av_cell_one_fourth-3fdbf57cadbfe8f5c6b16865459f1e75\">\n.flex_cell.av-av_cell_one_fourth-3fdbf57cadbfe8f5c6b16865459f1e75{\nvertical-align:top;\nheight:2px;\nmin-height:2px;\nbackground-color:#eb600a;\n}\n.responsive #top #wrap_all .flex_cell.av-av_cell_one_fourth-3fdbf57cadbfe8f5c6b16865459f1e75{\npadding:0px 0px 0px 0px !important;\n}\n<\/style>\n<div class='flex_cell av-av_cell_one_fourth-3fdbf57cadbfe8f5c6b16865459f1e75 av-gridrow-cell av_one_fourth no_margin av-hide-on-mobile  avia-builder-el-5  el_after_av_cell_one_fourth  el_before_av_cell_one_fourth  av-zero-padding' ><div class='flex_cell_inner'>\n<style type=\"text\/css\" data-created_by=\"avia_inline_auto\" id=\"style-css-av-av_textblock-4fbd98e94905f1d37685553fd8902840\">\n#top .av_textblock_section.av-av_textblock-4fbd98e94905f1d37685553fd8902840 .avia_textblock{\nfont-size:15px;\ncolor:#ffffff;\n}\n<\/style>\n<section  class='av_textblock_section av-av_textblock-4fbd98e94905f1d37685553fd8902840'  itemscope=\"itemscope\" itemtype=\"https:\/\/schema.org\/CreativeWork\" ><div class='avia_textblock av_inherit_color'  itemprop=\"text\" ><p style=\"text-align: right;\">Telefon: 02323 493 17-60<\/p>\n<\/div><\/section>\n<\/div><\/div>\n<style type=\"text\/css\" data-created_by=\"avia_inline_auto\" id=\"style-css-av-av_cell_one_fourth-3fdbf57cadbfe8f5c6b16865459f1e75\">\n.flex_cell.av-av_cell_one_fourth-3fdbf57cadbfe8f5c6b16865459f1e75{\nvertical-align:top;\nheight:2px;\nmin-height:2px;\nbackground-color:#eb600a;\n}\n.responsive #top #wrap_all .flex_cell.av-av_cell_one_fourth-3fdbf57cadbfe8f5c6b16865459f1e75{\npadding:0px 0px 0px 0px !important;\n}\n<\/style>\n<div class='flex_cell av-av_cell_one_fourth-3fdbf57cadbfe8f5c6b16865459f1e75 av-gridrow-cell av_one_fourth no_margin av-hide-on-mobile  avia-builder-el-7  el_after_av_cell_one_fourth  avia-builder-el-last  av-zero-padding' ><div class='flex_cell_inner'>\n<style type=\"text\/css\" data-created_by=\"avia_inline_auto\" id=\"style-css-av-av_textblock-4fbd98e94905f1d37685553fd8902840\">\n#top .av_textblock_section.av-av_textblock-4fbd98e94905f1d37685553fd8902840 .avia_textblock{\nfont-size:15px;\ncolor:#ffffff;\n}\n<\/style>\n<section  class='av_textblock_section av-av_textblock-4fbd98e94905f1d37685553fd8902840'  itemscope=\"itemscope\" itemtype=\"https:\/\/schema.org\/CreativeWork\" ><div class='avia_textblock av_inherit_color'  itemprop=\"text\" ><p style=\"text-align: center;\">Mail: info@pevnrw.de<\/p>\n<\/div><\/section>\n<\/div><\/div><\/div><div id='av-layout-grid-2'  class='av-layout-grid-container av-av_layout_row-231f577a7721308906f5786fadbe4d9d entry-content-wrapper main_color av-fixed-cells  avia-builder-el-9  el_after_av_layout_row  el_before_av_one_full  grid-row-not-first  container_wrap sidebar_right'  >\n\n<style type=\"text\/css\" data-created_by=\"avia_inline_auto\" id=\"style-css-av-av_cell_one_half-10b3c61ae7567e39638090b9e96da951\">\n.flex_cell.av-av_cell_one_half-10b3c61ae7567e39638090b9e96da951{\nvertical-align:top;\nheight:2px;\nmin-height:2px;\nbackground-color:#e3effc;\n}\n.responsive #top #wrap_all .flex_cell.av-av_cell_one_half-10b3c61ae7567e39638090b9e96da951{\npadding:10px 0px 0px 0px !important;\n}\n<\/style>\n<div class='flex_cell av-av_cell_one_half-10b3c61ae7567e39638090b9e96da951 av-gridrow-cell av_one_half no_margin  avia-builder-el-10  el_before_av_cell_one_half  avia-builder-el-first ' ><div class='flex_cell_inner'><\/div><\/div>\n<style type=\"text\/css\" data-created_by=\"avia_inline_auto\" id=\"style-css-av-av_cell_one_half-e031babe12f2c0367274691937e3b173\">\n.flex_cell.av-av_cell_one_half-e031babe12f2c0367274691937e3b173{\nvertical-align:top;\nheight:2px;\nmin-height:2px;\nbackground-color:#e3effc;\n}\n.responsive #top #wrap_all .flex_cell.av-av_cell_one_half-e031babe12f2c0367274691937e3b173{\npadding:9px 0px 0px 0px !important;\n}\n<\/style>\n<div class='flex_cell av-av_cell_one_half-e031babe12f2c0367274691937e3b173 av-gridrow-cell av_one_half no_margin  avia-builder-el-11  el_after_av_cell_one_half  avia-builder-el-last ' ><div class='flex_cell_inner'><\/div><\/div>\n<\/div><div id='after_grid_row_2'  class='main_color av_default_container_wrap container_wrap sidebar_right'  ><div class='container av-section-cont-open' ><div class='template-page content  av-content-small alpha units'><div class='post-entry post-entry-type-page post-entry-1510'><div class='entry-content-wrapper clearfix'><\/p>\n\n<style type=\"text\/css\" data-created_by=\"avia_inline_auto\" id=\"style-css-av-av_one_full-6126cab7d8fab8d08143dd2dacdf673c\">\n.flex_column.av-av_one_full-6126cab7d8fab8d08143dd2dacdf673c{\n-webkit-border-radius:0px 0px 0px 0px;\n-moz-border-radius:0px 0px 0px 0px;\nborder-radius:0px 0px 0px 0px;\npadding:0px 0px 0px 0px;\n}\n<\/style>\n<div class='flex_column av-av_one_full-6126cab7d8fab8d08143dd2dacdf673c av_one_full  avia-builder-el-12  el_after_av_layout_row  el_before_av_layout_row  avia-builder-el-no-sibling  first flex_column_div av-zero-column-padding '     ><section  class='av_textblock_section av-av_textblock-0366cc7376be6c9e82a3e9cc8987b64f'  itemscope=\"itemscope\" itemtype=\"https:\/\/schema.org\/CreativeWork\" ><div class='avia_textblock'  itemprop=\"text\" ><h3>Familienbildungsurlaube<\/h3>\n<p>Die <em>PEV-Familienbildungsst\u00e4tte<\/em> bietet w\u00e4hrend den Schulferienzeiten von NRW Familienbildungsurlaube an \u2013 nicht nur im F\u00fchling und Sommer, sondern auch im Herbst und Winter! Bevorzugte Ziele sind dabei die Nord- und Ostsee sowie die deutschen Mittelgebirge oder die Alpen.<\/p>\n<p>Machen Sie sich gemeinsam mit Ihren Kindern auf, um eine naturnahe und ereignisreiche Zeit zu erleben. Bei der Auswahl der Orte und H\u00e4user achten wir auf Familienfreundlichkeit, Naturn\u00e4he und Bezahlbarkeit.<\/p>\n<p>Durch erlebnisp\u00e4dagogische Aktionen, lebendiges Miteinander und die Entdeckung von \u201eNeuem\u201c wird die Bindung innerhalb der Familie gest\u00e4rkt. Meistern Sie gemeinsam neue Situationen. Entdecken Sie gegenseitig Ihre St\u00e4rken wieder neu. Tanken Sie Energien bei unseren t\u00e4glichen Gespr\u00e4chsrunden, lernen Sie andere Eltern kennen und tauschen Sie Erfahrungen aus.<\/p>\n<p>Au\u00dferhalb der Seminarzeiten nutzen Sie Ihre freie Zeit f\u00fcr individuelle Familienaktionen und die Erkundung der zumeist wundersch\u00f6nen Umgebung.<\/p>\n<p>Entschleunigung und Ruhe in Dialogrunden und Entspannungsangebote in der Erwachsenengruppe erg\u00e4nzen die kreativen und manchmal aktionsreichen Aktivit\u00e4ten gemeinsam mit den Kindern. Bei getrennten Seminarphasen erleben Ihre Kinder ein eigenes Erlebnisprogramm, welches verantwortungsvoll von unseren qualifizierten und erfahrenen Kinderteams gestaltet wird. Gleichwohl liegt der Schwerpunkt bewusst auf gemeinsamen Angeboten mit den Kindern.<\/p>\n<p>Die Qualit\u00e4t unserer Veranstaltungen basiert auf professioneller Organisation und guter Vorplanung in den Teams. Lernen und Wohlf\u00fchlen geh\u00f6ren bei uns zusammen! Unsere Referent*innen verf\u00fcgen \u00fcber vielf\u00e4ltige berufliche und individuelle Erfahrungen. Durch regelm\u00e4\u00dfige Teilnehmer*innenbefragungen \u00fcberpr\u00fcfen wir kontinuierlich unsere Qualit\u00e4t und beteiligen Sie \u00fcber Ihre R\u00fcckmeldungen an zuk\u00fcnftigen Planungen.<\/p>\n<\/div><\/section><\/div>\n<\/div><\/div><\/div><!-- close content main div --><\/div><\/div><div id='av-layout-grid-3'  class='av-layout-grid-container av-av_layout_row-231f577a7721308906f5786fadbe4d9d entry-content-wrapper main_color av-fixed-cells  avia-builder-el-14  el_after_av_one_full  avia-builder-el-last  grid-row-not-first  container_wrap sidebar_right'  >\n\n<style type=\"text\/css\" data-created_by=\"avia_inline_auto\" id=\"style-css-av-av_cell_one_half-10b3c61ae7567e39638090b9e96da951\">\n.flex_cell.av-av_cell_one_half-10b3c61ae7567e39638090b9e96da951{\nvertical-align:top;\nheight:2px;\nmin-height:2px;\nbackground-color:#e3effc;\n}\n.responsive #top #wrap_all .flex_cell.av-av_cell_one_half-10b3c61ae7567e39638090b9e96da951{\npadding:10px 0px 0px 0px !important;\n}\n<\/style>\n<div class='flex_cell av-av_cell_one_half-10b3c61ae7567e39638090b9e96da951 av-gridrow-cell av_one_half no_margin  avia-builder-el-15  el_before_av_cell_one_half  avia-builder-el-first ' ><div class='flex_cell_inner'><\/div><\/div>\n<style type=\"text\/css\" data-created_by=\"avia_inline_auto\" id=\"style-css-av-av_cell_one_half-e031babe12f2c0367274691937e3b173\">\n.flex_cell.av-av_cell_one_half-e031babe12f2c0367274691937e3b173{\nvertical-align:top;\nheight:2px;\nmin-height:2px;\nbackground-color:#e3effc;\n}\n.responsive #top #wrap_all .flex_cell.av-av_cell_one_half-e031babe12f2c0367274691937e3b173{\npadding:9px 0px 0px 0px !important;\n}\n<\/style>\n<div class='flex_cell av-av_cell_one_half-e031babe12f2c0367274691937e3b173 av-gridrow-cell av_one_half no_margin  avia-builder-el-16  el_after_av_cell_one_half  avia-builder-el-last ' ><div class='flex_cell_inner'><\/div><\/div>\n<\/div>\n","protected":false},"excerpt":{"rendered":"","protected":false},"author":1,"featured_media":0,"parent":0,"menu_order":0,"comment_status":"closed","ping_status":"closed","template":"","meta":{"footnotes":""},"_links":{"self":[{"href":"https:\/\/pevnw.com\/cms\/wp-json\/wp\/v2\/pages\/1510"}],"collection":[{"href":"https:\/\/pevnw.com\/cms\/wp-json\/wp\/v2\/pages"}],"about":[{"href":"https:\/\/pevnw.com\/cms\/wp-json\/wp\/v2\/types\/page"}],"author":[{"embeddable":true,"href":"https:\/\/pevnw.com\/cms\/wp-json\/wp\/v2\/users\/1"}],"replies":[{"embeddable":true,"href":"https:\/\/pevnw.com\/cms\/wp-json\/wp\/v2\/comments?post=1510"}],"version-history":[{"count":9,"href":"https:\/\/pevnw.com\/cms\/wp-json\/wp\/v2\/pages\/1510\/revisions"}],"predecessor-version":[{"id":7590,"href":"https:\/\/pevnw.com\/cms\/wp-json\/wp\/v2\/pages\/1510\/revisions\/7590"}],"wp:attachment":[{"href":"https:\/\/pevnw.com\/cms\/wp-json\/wp\/v2\/media?parent=1510"}],"curies":[{"name":"wp","href":"https:\/\/api.w.org\/{rel}","templated":true}]}}